{"id":2087,"date":"2025-07-25T12:23:04","date_gmt":"2025-07-25T10:23:04","guid":{"rendered":"https:\/\/amoria-labaule.com\/?page_id=2087"},"modified":"2025-10-31T12:29:26","modified_gmt":"2025-10-31T11:29:26","slug":"mentions-legales","status":"publish","type":"page","link":"https:\/\/amoria-labaule.com\/de\/mentions-legales\/","title":{"rendered":"Rechtliche Hinweise"},"content":{"rendered":"<div data-elementor-type=\"wp-page\" data-elementor-id=\"2087\" class=\"elementor elementor-2087\" data-elementor-post-type=\"page\">\n\t\t\t\t<div class=\"elementor-element elementor-element-b40cf06 e-flex e-con-boxed e-con e-parent\" data-id=\"b40cf06\" data-element_type=\"container\" data-e-type=\"container\" data-settings=\"{&quot;background_background&quot;:&quot;classic&quot;}\">\n\t\t\t\t\t<div class=\"e-con-inner\">\n\t\t\t\t<div class=\"elementor-element elementor-element-5f3c567 elementor-widget-mobile__width-initial elementor-widget-tablet__width-initial elementor-widget elementor-widget-heading\" data-id=\"5f3c567\" data-element_type=\"widget\" data-e-type=\"widget\" data-widget_type=\"heading.default\">\n\t\t\t\t<div class=\"elementor-widget-container\">\n\t\t\t\t\t<h1 class=\"elementor-heading-title elementor-size-default\">Erw\u00e4hnungen <i>Legale <\/i><\/h1>\t\t\t\t<\/div>\n\t\t\t\t<\/div>\n\t\t\t\t\t<\/div>\n\t\t\t\t<\/div>\n\t\t<div class=\"elementor-element elementor-element-5be486d e-flex e-con-boxed e-con e-child\" data-id=\"5be486d\" data-element_type=\"container\" data-e-type=\"container\">\n\t\t\t\t\t<div class=\"e-con-inner\">\n\t\t\t\t<div class=\"elementor-element elementor-element-6294b3d elementor-widget elementor-widget-heading\" data-id=\"6294b3d\" data-element_type=\"widget\" data-e-type=\"widget\" data-widget_type=\"heading.default\">\n\t\t\t\t<div class=\"elementor-widget-container\">\n\t\t\t\t\t<h2 class=\"elementor-heading-title elementor-size-default\">1. Definitionen<\/h2>\t\t\t\t<\/div>\n\t\t\t\t<\/div>\n\t\t\t\t<div class=\"elementor-element elementor-element-684876a elementor-widget__width-inherit elementor-widget elementor-widget-text-editor\" data-id=\"684876a\" data-element_type=\"widget\" data-e-type=\"widget\" data-widget_type=\"text-editor.default\">\n\t\t\t\t<div class=\"elementor-widget-container\">\n\t\t\t\t\t\t\t\t\t<p><b>Kunde<\/b><span style=\"font-weight: 400;\"> : Jede vollj\u00e4hrige nat\u00fcrliche Person oder juristische Person, die die Website www.amoria-labaule.com besucht.<\/span><\/p><p><b>Leistungen und Dienste<\/b><span style=\"font-weight: 400;\"> : alle Produkte und Dienstleistungen, die AMORIA den Kunden \u00fcber ihre Website zur Verf\u00fcgung stellt.<\/span><\/p><p><b>Inhalt<\/b><span style=\"font-weight: 400;\"> Alle auf der Website vorhandenen Elemente wie Texte, Bilder, Videos, Grafiken, Logos und die Architektur der Website.<\/span><\/p><p><b>Kundeninformationen<\/b><span style=\"font-weight: 400;\"> : Pers\u00f6nliche Daten, die von AMORIA im Rahmen der Kundenbeziehung, der Verwaltung der Buchungen oder zu statistischen Analysezwecken gesammelt und verarbeitet werden.<\/span><\/p><p><b>Benutzer<\/b><span style=\"font-weight: 400;\"> : Jede Person, die die Website durchsucht oder mit ihr interagiert.<\/span><\/p><p><b>Pers\u00f6nliche Informationen<\/b><span style=\"font-weight: 400;\"> : Daten, die direkt oder indirekt die Identifizierung einer nat\u00fcrlichen Person erm\u00f6glichen, im Sinne des Gesetzes \"Informatique et libert\u00e9s\" vom 6. Januar 1978 und der Allgemeinen Verordnung \u00fcber den Datenschutz (RGPD).<\/span><\/p>\t\t\t\t\t\t\t\t<\/div>\n\t\t\t\t<\/div>\n\t\t\t\t<div class=\"elementor-element elementor-element-3803fa7 elementor-widget elementor-widget-heading\" data-id=\"3803fa7\" data-element_type=\"widget\" data-e-type=\"widget\" data-widget_type=\"heading.default\">\n\t\t\t\t<div class=\"elementor-widget-container\">\n\t\t\t\t\t<h2 class=\"elementor-heading-title elementor-size-default\">2. Vorstellung der Seite<\/h2>\t\t\t\t<\/div>\n\t\t\t\t<\/div>\n\t\t\t\t<div class=\"elementor-element elementor-element-e10ed43 elementor-widget__width-inherit elementor-widget elementor-widget-text-editor\" data-id=\"e10ed43\" data-element_type=\"widget\" data-e-type=\"widget\" data-widget_type=\"text-editor.default\">\n\t\t\t\t<div class=\"elementor-widget-container\">\n\t\t\t\t\t\t\t\t\t<p><span style=\"font-weight: 400;\">Gem\u00e4\u00df Artikel 6 des Gesetzes Nr. 2004-575 vom 21. Juni 2004 \u00fcber das Vertrauen in die digitale Wirtschaft wird den Nutzern der Website www.amoria-labaule.com die Identit\u00e4t der verschiedenen Akteure im Rahmen der Erstellung und Betreuung der Website mitgeteilt:<\/span><\/p><p><b>Eigent\u00fcmer<\/b><span style=\"font-weight: 400;\"> : SAS AMORIA - Stammkapital: 20.000 Euro<\/span><span style=\"font-weight: 400;\"><br \/><\/span><span style=\"font-weight: 400;\">RCS Rennes 942 222 365<\/span><span style=\"font-weight: 400;\"><br \/><\/span><span style=\"font-weight: 400;\">Hauptsitz: Immeuble Emergence, 60 avenue du Canada, 35200 Rennes<\/span><\/p><p><b>Leiter der Ver\u00f6ffentlichung<\/b><span style=\"font-weight: 400;\"> : Herr Antoine Boulle<\/span><\/p><p><b>Hosting :<\/b><span style=\"font-weight: 400;\"> OVH CLOUD<\/span><\/p><p><b>Angesiedelt in :<\/b><span style=\"font-weight: 400;\"> 2 rue Kellermann - BP 80157 59053 ROUBAIX CEDEX 1B 901 232 3487<\/span><\/p><p><b>Webmaster<\/b><span style=\"font-weight: 400;\"> : Cl\u00e9mence Louasil, Kommunikationsmanagerin Gruppe Dunamis Hospitality<\/span><\/p><p><b>Datenschutzbeauftragter<\/b><span style=\"font-weight: 400;\"> : <\/span><a href=\"mailto:direction@amoria-labaule.com\"><span style=\"font-weight: 400;\">direction@amoria-labaule.com<\/span><\/a><\/p>\t\t\t\t\t\t\t\t<\/div>\n\t\t\t\t<\/div>\n\t\t\t\t<div class=\"elementor-element elementor-element-6eb7054 elementor-widget elementor-widget-heading\" data-id=\"6eb7054\" data-element_type=\"widget\" data-e-type=\"widget\" data-widget_type=\"heading.default\">\n\t\t\t\t<div class=\"elementor-widget-container\">\n\t\t\t\t\t<h2 class=\"elementor-heading-title elementor-size-default\">3. Bedingungen f\u00fcr die Nutzung der Seite<\/h2>\t\t\t\t<\/div>\n\t\t\t\t<\/div>\n\t\t\t\t<div class=\"elementor-element elementor-element-35573ad elementor-widget__width-inherit elementor-widget elementor-widget-text-editor\" data-id=\"35573ad\" data-element_type=\"widget\" data-e-type=\"widget\" data-widget_type=\"text-editor.default\">\n\t\t\t\t<div class=\"elementor-widget-container\">\n\t\t\t\t\t\t\t\t\t<p><span style=\"font-weight: 400;\">Die Website www.amoria-labaule.com ist normalerweise jederzeit zug\u00e4nglich. Eine Unterbrechung aufgrund technischer Wartungsarbeiten kann jedoch vom Herausgeber beschlossen werden, der sich bem\u00fchen wird, die Nutzer vorab dar\u00fcber zu informieren.<\/span><\/p><p><span style=\"font-weight: 400;\">Die Nutzung der Website setzt die vollst\u00e4ndige und uneingeschr\u00e4nkte Annahme der allgemeinen Nutzungsbedingungen voraus. Diese Bedingungen k\u00f6nnen jederzeit ge\u00e4ndert werden. Der Nutzer wird daher aufgefordert, sie regelm\u00e4\u00dfig zu \u00fcberpr\u00fcfen.<\/span><\/p>\t\t\t\t\t\t\t\t<\/div>\n\t\t\t\t<\/div>\n\t\t\t\t<div class=\"elementor-element elementor-element-fea6e54 elementor-widget elementor-widget-heading\" data-id=\"fea6e54\" data-element_type=\"widget\" data-e-type=\"widget\" data-widget_type=\"heading.default\">\n\t\t\t\t<div class=\"elementor-widget-container\">\n\t\t\t\t\t<h2 class=\"elementor-heading-title elementor-size-default\">4. Geistiges Eigentum<\/h2>\t\t\t\t<\/div>\n\t\t\t\t<\/div>\n\t\t\t\t<div class=\"elementor-element elementor-element-68d77bd elementor-widget__width-inherit elementor-widget elementor-widget-text-editor\" data-id=\"68d77bd\" data-element_type=\"widget\" data-e-type=\"widget\" data-widget_type=\"text-editor.default\">\n\t\t\t\t<div class=\"elementor-widget-container\">\n\t\t\t\t\t\t\t\t\t<p><span style=\"font-weight: 400;\">Alle auf der Website zug\u00e4nglichen Elemente sind, sofern nicht anders angegeben, ausschlie\u00dfliches Eigentum von AMORIA und werden durch die geltenden Gesetze \u00fcber geistiges Eigentum gesch\u00fctzt. Jede Vervielf\u00e4ltigung, auch auszugsweise, ist ohne vorherige schriftliche Genehmigung strengstens untersagt.<br>Die Fotos f\u00fcr den Tourismus wurden freundlicherweise vom Office du Tourisme de La Baule Gu\u00e9rande zur Verf\u00fcgung gestellt. \u00a9Alexandre Lamoureux<\/span><\/p>\t\t\t\t\t\t\t\t<\/div>\n\t\t\t\t<\/div>\n\t\t\t\t<div class=\"elementor-element elementor-element-ded8ffb elementor-widget elementor-widget-heading\" data-id=\"ded8ffb\" data-element_type=\"widget\" data-e-type=\"widget\" data-widget_type=\"heading.default\">\n\t\t\t\t<div class=\"elementor-widget-container\">\n\t\t\t\t\t<h2 class=\"elementor-heading-title elementor-size-default\">5. Haftungsbeschr\u00e4nkungen<\/h2>\t\t\t\t<\/div>\n\t\t\t\t<\/div>\n\t\t\t\t<div class=\"elementor-element elementor-element-469d36b elementor-widget__width-inherit elementor-widget elementor-widget-text-editor\" data-id=\"469d36b\" data-element_type=\"widget\" data-e-type=\"widget\" data-widget_type=\"text-editor.default\">\n\t\t\t\t<div class=\"elementor-widget-container\">\n\t\t\t\t\t\t\t\t\t<p><span style=\"font-weight: 400;\">AMORIA kann nicht f\u00fcr materielle oder immaterielle Sch\u00e4den haftbar gemacht werden, die mit der Nutzung der Website verbunden sind. Der Nutzer verpflichtet sich, mit einer aktuellen Ausr\u00fcstung, die gegen Viren gesch\u00fctzt ist und \u00fcber einen aktualisierten Browser verf\u00fcgt, auf die Website zuzugreifen.<\/span><\/p><p><span style=\"font-weight: 400;\">Interaktive Bereiche (Kontaktformular, Kommentare) sind verf\u00fcgbar. AMORIA beh\u00e4lt sich das Recht vor, Inhalte, die gegen die franz\u00f6sische Gesetzgebung versto\u00dfen, ohne Vorank\u00fcndigung zu entfernen.<\/span><\/p>\t\t\t\t\t\t\t\t<\/div>\n\t\t\t\t<\/div>\n\t\t\t\t<div class=\"elementor-element elementor-element-b4d9ae2 elementor-widget elementor-widget-heading\" data-id=\"b4d9ae2\" data-element_type=\"widget\" data-e-type=\"widget\" data-widget_type=\"heading.default\">\n\t\t\t\t<div class=\"elementor-widget-container\">\n\t\t\t\t\t<h2 class=\"elementor-heading-title elementor-size-default\">6. Verwaltung von Cookies<\/h2>\t\t\t\t<\/div>\n\t\t\t\t<\/div>\n\t\t\t\t<div class=\"elementor-element elementor-element-ee0ff61 elementor-widget__width-inherit elementor-widget elementor-widget-text-editor\" data-id=\"ee0ff61\" data-element_type=\"widget\" data-e-type=\"widget\" data-widget_type=\"text-editor.default\">\n\t\t\t\t<div class=\"elementor-widget-container\">\n\t\t\t\t\t\t\t\t\t<p><span style=\"font-weight: 400;\">Die Website kann Cookies verwenden, um die Navigation zu verbessern, das Publikum zu messen und angepasste Inhalte anzubieten. Der Nutzer kann seinen Browser so einstellen, dass er Cookies ablehnt. Die Ablehnung bestimmter Cookies kann den Zugang zu bestimmten Funktionen der Website verschlechtern.<\/span><\/p><p><span style=\"font-weight: 400;\">Es gibt einen Banner zur Verwaltung von Cookies, der es dem Nutzer erm\u00f6glicht, seine Zustimmung jederzeit auszudr\u00fccken oder zu widerrufen.<\/span><\/p>\t\t\t\t\t\t\t\t<\/div>\n\t\t\t\t<\/div>\n\t\t\t\t<div class=\"elementor-element elementor-element-ea25ba6 elementor-widget elementor-widget-heading\" data-id=\"ea25ba6\" data-element_type=\"widget\" data-e-type=\"widget\" data-widget_type=\"heading.default\">\n\t\t\t\t<div class=\"elementor-widget-container\">\n\t\t\t\t\t<h2 class=\"elementor-heading-title elementor-size-default\">7. Anwendbares Recht<\/h2>\t\t\t\t<\/div>\n\t\t\t\t<\/div>\n\t\t\t\t<div class=\"elementor-element elementor-element-9632c06 elementor-widget__width-inherit elementor-widget elementor-widget-text-editor\" data-id=\"9632c06\" data-element_type=\"widget\" data-e-type=\"widget\" data-widget_type=\"text-editor.default\">\n\t\t\t\t<div class=\"elementor-widget-container\">\n\t\t\t\t\t\t\t\t\t<p><span style=\"font-weight: 400;\">Alle Streitigkeiten im Zusammenhang mit der Nutzung der Website unterliegen dem franz\u00f6sischen Recht. Die ausschlie\u00dfliche Zust\u00e4ndigkeit liegt bei den Gerichten im Zust\u00e4ndigkeitsbereich von Rennes, sofern nicht gesetzlich etwas anderes bestimmt ist.<\/span><\/p>\t\t\t\t\t\t\t\t<\/div>\n\t\t\t\t<\/div>\n\t\t\t\t<div class=\"elementor-element elementor-element-fb269ce elementor-widget elementor-widget-heading\" data-id=\"fb269ce\" data-element_type=\"widget\" data-e-type=\"widget\" data-widget_type=\"heading.default\">\n\t\t\t\t<div class=\"elementor-widget-container\">\n\t\t\t\t\t<h2 class=\"elementor-heading-title elementor-size-default\">8. Ombudsstelle<\/h2>\t\t\t\t<\/div>\n\t\t\t\t<\/div>\n\t\t\t\t<div class=\"elementor-element elementor-element-6a492c7 elementor-widget__width-inherit elementor-widget elementor-widget-text-editor\" data-id=\"6a492c7\" data-element_type=\"widget\" data-e-type=\"widget\" data-widget_type=\"text-editor.default\">\n\t\t\t\t<div class=\"elementor-widget-container\">\n\t\t\t\t\t\t\t\t\t<p><span style=\"font-weight: 400;\">Gem\u00e4\u00df Artikel L.612-1 des Verbraucherschutzgesetzes kann der Kunde im Falle einer Streitigkeit, die nicht durch eine schriftliche Beschwerde beigelegt werden kann, kostenlos den Vermittlungsdienst in Anspruch nehmen:<\/span><\/p><p><b>Ombudsmann f\u00fcr Tourismus und Reisen (MTV)<\/b><span style=\"font-weight: 400;\"><br \/><\/span><span style=\"font-weight: 400;\">Adresse: MTV - BP 80 303 - 75823 Paris Cedex 17<\/span><span style=\"font-weight: 400;\"><br \/><\/span><span style=\"font-weight: 400;\">Website: www.mtv.travel<\/span><\/p>\t\t\t\t\t\t\t\t<\/div>\n\t\t\t\t<\/div>\n\t\t\t\t\t<\/div>\n\t\t\t\t<\/div>\n\t\t\t\t<\/div>","protected":false},"excerpt":{"rendered":"<p>Mentions L\u00e9gales 1. D\u00e9finitions Client : toute personne physique majeure ou personne morale qui visite le site internet www.amoria-labaule.com. Prestations et Services : ensemble des produits et services mis \u00e0 disposition des clients par AMORIA via son site. Contenu : ensemble des \u00e9l\u00e9ments pr\u00e9sents sur le site, tels que textes, images, vid\u00e9os, graphismes, logo, architecture [&hellip;]<\/p>\n","protected":false},"author":3,"featured_media":0,"parent":0,"menu_order":0,"comment_status":"closed","ping_status":"closed","template":"elementor_header_footer","meta":{"_acf_changed":false,"footnotes":""},"class_list":["post-2087","page","type-page","status-publish","hentry"],"acf":[],"yoast_head":"<!-- This site is optimized with the Yoast SEO plugin v27.2 - https:\/\/yoast.com\/product\/yoast-seo-wordpress\/ -->\n<title>Mentions L\u00e9gales - H\u00f4tel Amoria La Baule<\/title>\n<meta name=\"description\" content=\"Mentions l\u00e9gales de l&#039;H\u00f4tel Amoria La Baule : pr\u00e9sentation du site, conditions d&#039;utilisation du site, propri\u00e9t\u00e9 intellectuelle...\" \/>\n<meta name=\"robots\" content=\"index, follow, max-snippet:-1, max-image-preview:large, max-video-preview:-1\" \/>\n<link rel=\"canonical\" href=\"https:\/\/amoria-labaule.com\/de\/mentions-legales\/\" \/>\n<meta property=\"og:locale\" content=\"de_DE\" \/>\n<meta property=\"og:type\" content=\"article\" \/>\n<meta property=\"og:title\" content=\"Mentions L\u00e9gales - H\u00f4tel Amoria La Baule\" \/>\n<meta property=\"og:description\" content=\"Mentions l\u00e9gales de l&#039;H\u00f4tel Amoria La Baule : pr\u00e9sentation du site, conditions d&#039;utilisation du site, propri\u00e9t\u00e9 intellectuelle...\" \/>\n<meta property=\"og:url\" content=\"https:\/\/amoria-labaule.com\/de\/mentions-legales\/\" \/>\n<meta property=\"og:site_name\" content=\"H\u00f4tel Amoria La Baule\" \/>\n<meta property=\"article:modified_time\" content=\"2025-10-31T11:29:26+00:00\" \/>\n<meta name=\"twitter:card\" content=\"summary_large_image\" \/>\n<meta name=\"twitter:label1\" content=\"Gesch\u00e4tzte Lesezeit\" \/>\n\t<meta name=\"twitter:data1\" content=\"3\u00a0Minuten\" \/>\n<script type=\"application\/ld+json\" class=\"yoast-schema-graph\">{\"@context\":\"https:\/\/schema.org\",\"@graph\":[{\"@type\":\"WebPage\",\"@id\":\"https:\/\/amoria-labaule.com\/mentions-legales\/\",\"url\":\"https:\/\/amoria-labaule.com\/mentions-legales\/\",\"name\":\"Mentions L\u00e9gales - H\u00f4tel Amoria La Baule\",\"isPartOf\":{\"@id\":\"https:\/\/amoria-labaule.com\/#website\"},\"datePublished\":\"2025-07-25T10:23:04+00:00\",\"dateModified\":\"2025-10-31T11:29:26+00:00\",\"description\":\"Mentions l\u00e9gales de l'H\u00f4tel Amoria La Baule : pr\u00e9sentation du site, conditions d'utilisation du site, propri\u00e9t\u00e9 intellectuelle...\",\"breadcrumb\":{\"@id\":\"https:\/\/amoria-labaule.com\/mentions-legales\/#breadcrumb\"},\"inLanguage\":\"de\",\"potentialAction\":[{\"@type\":\"ReadAction\",\"target\":[\"https:\/\/amoria-labaule.com\/mentions-legales\/\"]}]},{\"@type\":\"BreadcrumbList\",\"@id\":\"https:\/\/amoria-labaule.com\/mentions-legales\/#breadcrumb\",\"itemListElement\":[{\"@type\":\"ListItem\",\"position\":1,\"name\":\"Accueil\",\"item\":\"https:\/\/amoria-labaule.com\/\"},{\"@type\":\"ListItem\",\"position\":2,\"name\":\"Mentions l\u00e9gales\"}]},{\"@type\":\"WebSite\",\"@id\":\"https:\/\/amoria-labaule.com\/#website\",\"url\":\"https:\/\/amoria-labaule.com\/\",\"name\":\"H\u00f4tel Amoria La Baule\",\"description\":\"H\u00f4tel, rooftop et spa au coeur de La Baule\",\"publisher\":{\"@id\":\"https:\/\/amoria-labaule.com\/#organization\"},\"potentialAction\":[{\"@type\":\"SearchAction\",\"target\":{\"@type\":\"EntryPoint\",\"urlTemplate\":\"https:\/\/amoria-labaule.com\/?s={search_term_string}\"},\"query-input\":{\"@type\":\"PropertyValueSpecification\",\"valueRequired\":true,\"valueName\":\"search_term_string\"}}],\"inLanguage\":\"de\"},{\"@type\":\"Organization\",\"@id\":\"https:\/\/amoria-labaule.com\/#organization\",\"name\":\"H\u00f4tel Amoria La Baule\",\"url\":\"https:\/\/amoria-labaule.com\/\",\"logo\":{\"@type\":\"ImageObject\",\"inLanguage\":\"de\",\"@id\":\"https:\/\/amoria-labaule.com\/#\/schema\/logo\/image\/\",\"url\":\"https:\/\/amoria-labaule.com\/wp-content\/uploads\/2025\/04\/Site_logo-1.png\",\"contentUrl\":\"https:\/\/amoria-labaule.com\/wp-content\/uploads\/2025\/04\/Site_logo-1.png\",\"width\":371,\"height\":101,\"caption\":\"H\u00f4tel Amoria La Baule\"},\"image\":{\"@id\":\"https:\/\/amoria-labaule.com\/#\/schema\/logo\/image\/\"}}]}<\/script>\n<!-- \/ Yoast SEO plugin. -->","yoast_head_json":{"title":"Mentions L\u00e9gales - H\u00f4tel Amoria La Baule","description":"Mentions l\u00e9gales de l'H\u00f4tel Amoria La Baule : pr\u00e9sentation du site, conditions d'utilisation du site, propri\u00e9t\u00e9 intellectuelle...","robots":{"index":"index","follow":"follow","max-snippet":"max-snippet:-1","max-image-preview":"max-image-preview:large","max-video-preview":"max-video-preview:-1"},"canonical":"https:\/\/amoria-labaule.com\/de\/mentions-legales\/","og_locale":"de_DE","og_type":"article","og_title":"Mentions L\u00e9gales - H\u00f4tel Amoria La Baule","og_description":"Mentions l\u00e9gales de l'H\u00f4tel Amoria La Baule : pr\u00e9sentation du site, conditions d'utilisation du site, propri\u00e9t\u00e9 intellectuelle...","og_url":"https:\/\/amoria-labaule.com\/de\/mentions-legales\/","og_site_name":"H\u00f4tel Amoria La Baule","article_modified_time":"2025-10-31T11:29:26+00:00","twitter_card":"summary_large_image","twitter_misc":{"Gesch\u00e4tzte Lesezeit":"3\u00a0Minuten"},"schema":{"@context":"https:\/\/schema.org","@graph":[{"@type":"WebPage","@id":"https:\/\/amoria-labaule.com\/mentions-legales\/","url":"https:\/\/amoria-labaule.com\/mentions-legales\/","name":"Mentions L\u00e9gales - H\u00f4tel Amoria La Baule","isPartOf":{"@id":"https:\/\/amoria-labaule.com\/#website"},"datePublished":"2025-07-25T10:23:04+00:00","dateModified":"2025-10-31T11:29:26+00:00","description":"Mentions l\u00e9gales de l'H\u00f4tel Amoria La Baule : pr\u00e9sentation du site, conditions d'utilisation du site, propri\u00e9t\u00e9 intellectuelle...","breadcrumb":{"@id":"https:\/\/amoria-labaule.com\/mentions-legales\/#breadcrumb"},"inLanguage":"de","potentialAction":[{"@type":"ReadAction","target":["https:\/\/amoria-labaule.com\/mentions-legales\/"]}]},{"@type":"BreadcrumbList","@id":"https:\/\/amoria-labaule.com\/mentions-legales\/#breadcrumb","itemListElement":[{"@type":"ListItem","position":1,"name":"Accueil","item":"https:\/\/amoria-labaule.com\/"},{"@type":"ListItem","position":2,"name":"Mentions l\u00e9gales"}]},{"@type":"WebSite","@id":"https:\/\/amoria-labaule.com\/#website","url":"https:\/\/amoria-labaule.com\/","name":"Hotel Amoria La Baule","description":"Hotel, Rooftop und Spa im Herzen von La Baule","publisher":{"@id":"https:\/\/amoria-labaule.com\/#organization"},"potentialAction":[{"@type":"SearchAction","target":{"@type":"EntryPoint","urlTemplate":"https:\/\/amoria-labaule.com\/?s={search_term_string}"},"query-input":{"@type":"PropertyValueSpecification","valueRequired":true,"valueName":"search_term_string"}}],"inLanguage":"de"},{"@type":"Organization","@id":"https:\/\/amoria-labaule.com\/#organization","name":"Hotel Amoria La Baule","url":"https:\/\/amoria-labaule.com\/","logo":{"@type":"ImageObject","inLanguage":"de","@id":"https:\/\/amoria-labaule.com\/#\/schema\/logo\/image\/","url":"https:\/\/amoria-labaule.com\/wp-content\/uploads\/2025\/04\/Site_logo-1.png","contentUrl":"https:\/\/amoria-labaule.com\/wp-content\/uploads\/2025\/04\/Site_logo-1.png","width":371,"height":101,"caption":"H\u00f4tel Amoria La Baule"},"image":{"@id":"https:\/\/amoria-labaule.com\/#\/schema\/logo\/image\/"}}]}},"_links":{"self":[{"href":"https:\/\/amoria-labaule.com\/de\/wp-json\/wp\/v2\/pages\/2087","targetHints":{"allow":["GET"]}}],"collection":[{"href":"https:\/\/amoria-labaule.com\/de\/wp-json\/wp\/v2\/pages"}],"about":[{"href":"https:\/\/amoria-labaule.com\/de\/wp-json\/wp\/v2\/types\/page"}],"author":[{"embeddable":true,"href":"https:\/\/amoria-labaule.com\/de\/wp-json\/wp\/v2\/users\/3"}],"replies":[{"embeddable":true,"href":"https:\/\/amoria-labaule.com\/de\/wp-json\/wp\/v2\/comments?post=2087"}],"version-history":[{"count":0,"href":"https:\/\/amoria-labaule.com\/de\/wp-json\/wp\/v2\/pages\/2087\/revisions"}],"wp:attachment":[{"href":"https:\/\/amoria-labaule.com\/de\/wp-json\/wp\/v2\/media?parent=2087"}],"curies":[{"name":"wp","href":"https:\/\/api.w.org\/{rel}","templated":true}]}}