{"id":2089,"date":"2025-07-25T12:23:47","date_gmt":"2025-07-25T10:23:47","guid":{"rendered":"https:\/\/amoria-labaule.com\/?page_id=2089"},"modified":"2025-10-31T12:23:13","modified_gmt":"2025-10-31T11:23:13","slug":"codes-gds","status":"publish","type":"page","link":"https:\/\/amoria-labaule.com\/de\/codes-gds\/","title":{"rendered":"GDS-Codes"},"content":{"rendered":"<div data-elementor-type=\"wp-page\" data-elementor-id=\"2089\" class=\"elementor elementor-2089\" data-elementor-post-type=\"page\">\n\t\t\t\t<div class=\"elementor-element elementor-element-8ac65d4 e-flex e-con-boxed e-con e-parent\" data-id=\"8ac65d4\" data-element_type=\"container\" data-e-type=\"container\" data-settings=\"{&quot;background_background&quot;:&quot;classic&quot;}\">\n\t\t\t\t\t<div class=\"e-con-inner\">\n\t\t\t\t<div class=\"elementor-element elementor-element-5a4a1f2 elementor-widget-mobile__width-initial elementor-widget-tablet__width-initial elementor-widget elementor-widget-heading\" data-id=\"5a4a1f2\" data-element_type=\"widget\" data-e-type=\"widget\" data-widget_type=\"heading.default\">\n\t\t\t\t<div class=\"elementor-widget-container\">\n\t\t\t\t\t<h1 class=\"elementor-heading-title elementor-size-default\">Allgemeine Bedingungen <i>von Dienstleistungen<\/i><\/h1>\t\t\t\t<\/div>\n\t\t\t\t<\/div>\n\t\t\t\t\t<\/div>\n\t\t\t\t<\/div>\n\t\t<div class=\"elementor-element elementor-element-56727e9 e-flex e-con-boxed e-con e-child\" data-id=\"56727e9\" data-element_type=\"container\" data-e-type=\"container\">\n\t\t\t\t\t<div class=\"e-con-inner\">\n\t\t\t\t<div class=\"elementor-element elementor-element-0b934a4 elementor-widget__width-inherit elementor-widget elementor-widget-text-editor\" data-id=\"0b934a4\" data-element_type=\"widget\" data-e-type=\"widget\" data-widget_type=\"text-editor.default\">\n\t\t\t\t<div class=\"elementor-widget-container\">\n\t\t\t\t\t\t\t\t\t<p><span style=\"font-weight: 400;\">Die vorliegenden Allgemeinen Gesch\u00e4ftsbedingungen (AGB) regeln die vertraglichen Beziehungen zwischen dem Unternehmen AMORIA und jeder Person (im Folgenden \"Kunde\"), die \u00fcber die Website www.amoria-labaule.com eine Buchung von Hotel- oder Wellnessleistungen vornimmt.<\/span><\/p>\t\t\t\t\t\t\t\t<\/div>\n\t\t\t\t<\/div>\n\t\t\t\t<div class=\"elementor-element elementor-element-f0bfdfc elementor-widget elementor-widget-heading\" data-id=\"f0bfdfc\" data-element_type=\"widget\" data-e-type=\"widget\" data-widget_type=\"heading.default\">\n\t\t\t\t<div class=\"elementor-widget-container\">\n\t\t\t\t\t<h2 class=\"elementor-heading-title elementor-size-default\">1. Informationen \u00fcber das Unternehmen<\/h2>\t\t\t\t<\/div>\n\t\t\t\t<\/div>\n\t\t\t\t<div class=\"elementor-element elementor-element-43adb7b elementor-widget__width-inherit elementor-widget elementor-widget-text-editor\" data-id=\"43adb7b\" data-element_type=\"widget\" data-e-type=\"widget\" data-widget_type=\"text-editor.default\">\n\t\t\t\t<div class=\"elementor-widget-container\">\n\t\t\t\t\t\t\t\t\t<p><span style=\"font-weight: 400;\">Firma: SAS AMORIA<\/span><span style=\"font-weight: 400;\"><br \/><\/span><span style=\"font-weight: 400;\">RCS Rennes 942 222 365<\/span><span style=\"font-weight: 400;\"><br \/><\/span><span style=\"font-weight: 400;\">Hauptsitz: Immeuble Emergence, 60 avenue du Canada, 35200 Rennes<\/span><span style=\"font-weight: 400;\"><br \/><\/span><span style=\"font-weight: 400;\">Kontakt-E-Mail: direction@amoria-labaule.com<\/span><\/p>\t\t\t\t\t\t\t\t<\/div>\n\t\t\t\t<\/div>\n\t\t\t\t<div class=\"elementor-element elementor-element-556e5d0 elementor-widget elementor-widget-heading\" data-id=\"556e5d0\" data-element_type=\"widget\" data-e-type=\"widget\" data-widget_type=\"heading.default\">\n\t\t\t\t<div class=\"elementor-widget-container\">\n\t\t\t\t\t<h2 class=\"elementor-heading-title elementor-size-default\">2. Annahme der AGBs<\/h2>\t\t\t\t<\/div>\n\t\t\t\t<\/div>\n\t\t\t\t<div class=\"elementor-element elementor-element-c4398cc elementor-widget__width-inherit elementor-widget elementor-widget-text-editor\" data-id=\"c4398cc\" data-element_type=\"widget\" data-e-type=\"widget\" data-widget_type=\"text-editor.default\">\n\t\t\t\t<div class=\"elementor-widget-container\">\n\t\t\t\t\t\t\t\t\t<p><span style=\"font-weight: 400;\">Jede \u00fcber die Website aufgegebene Bestellung oder Buchung setzt die vollst\u00e4ndige und uneingeschr\u00e4nkte Annahme der vorliegenden Bedingungen voraus. Diese k\u00f6nnen jederzeit aktualisiert werden. Die geltenden AGB sind die zum Zeitpunkt der Buchung g\u00fcltigen.<\/span><\/p>\t\t\t\t\t\t\t\t<\/div>\n\t\t\t\t<\/div>\n\t\t\t\t<div class=\"elementor-element elementor-element-718c340 elementor-widget elementor-widget-heading\" data-id=\"718c340\" data-element_type=\"widget\" data-e-type=\"widget\" data-widget_type=\"heading.default\">\n\t\t\t\t<div class=\"elementor-widget-container\">\n\t\t\t\t\t<h2 class=\"elementor-heading-title elementor-size-default\">3. Angebotene Leistungen<\/h2>\t\t\t\t<\/div>\n\t\t\t\t<\/div>\n\t\t\t\t<div class=\"elementor-element elementor-element-84a949a elementor-widget__width-inherit elementor-widget elementor-widget-text-editor\" data-id=\"84a949a\" data-element_type=\"widget\" data-e-type=\"widget\" data-widget_type=\"text-editor.default\">\n\t\t\t\t<div class=\"elementor-widget-container\">\n\t\t\t\t\t\t\t\t\t<p><span style=\"font-weight: 400;\">AMORIA bietet zur Buchung an :<\/span><\/p><ul><li style=\"font-weight: 400;\" aria-level=\"1\"><span style=\"font-weight: 400;\">\u00dcbernachtungen in Hotelzimmern (mit oder ohne Fr\u00fchst\u00fcck)<\/span><\/li><li style=\"font-weight: 400;\" aria-level=\"1\"><span style=\"font-weight: 400;\">Zugang zum Spa (je nach Verf\u00fcgbarkeit)<\/span><\/li><li style=\"font-weight: 400;\" aria-level=\"1\"><span style=\"font-weight: 400;\">Behandlungen und Massagen im Wellnessbereich<\/span><\/li><li style=\"font-weight: 400;\" aria-level=\"1\"><span style=\"font-weight: 400;\">Bar- und Restaurantbereiche<\/span><\/li><li style=\"font-weight: 400;\" aria-level=\"1\"><span style=\"font-weight: 400;\">Zus\u00e4tzliche Leistungen (z. B. Geschenkboxen, Empfangsoptionen usw.)<br \/><br \/><\/span><\/li><\/ul><p><span style=\"font-weight: 400;\">Die vollst\u00e4ndige Beschreibung der Leistungen und Preise ist auf der Website verf\u00fcgbar oder wird auf Anfrage mitgeteilt.<\/span><\/p>\t\t\t\t\t\t\t\t<\/div>\n\t\t\t\t<\/div>\n\t\t\t\t<div class=\"elementor-element elementor-element-73de941 elementor-widget elementor-widget-heading\" data-id=\"73de941\" data-element_type=\"widget\" data-e-type=\"widget\" data-widget_type=\"heading.default\">\n\t\t\t\t<div class=\"elementor-widget-container\">\n\t\t\t\t\t<h2 class=\"elementor-heading-title elementor-size-default\">4. Reservierung<\/h2>\t\t\t\t<\/div>\n\t\t\t\t<\/div>\n\t\t\t\t<div class=\"elementor-element elementor-element-2af0eaa elementor-widget__width-inherit elementor-widget elementor-widget-text-editor\" data-id=\"2af0eaa\" data-element_type=\"widget\" data-e-type=\"widget\" data-widget_type=\"text-editor.default\">\n\t\t\t\t<div class=\"elementor-widget-container\">\n\t\t\t\t\t\t\t\t\t<p><span style=\"font-weight: 400;\">Buchungen k\u00f6nnen vorgenommen werden:<\/span><\/p><ul><li style=\"font-weight: 400;\" aria-level=\"1\"><span style=\"font-weight: 400;\">Online \u00fcber das sichere Modul der Website<\/span><\/li><li style=\"font-weight: 400;\" aria-level=\"1\"><span style=\"font-weight: 400;\">Per Telefon oder E-Mail<\/span><\/li><li style=\"font-weight: 400;\" aria-level=\"1\"><span style=\"font-weight: 400;\">Direkt an der Rezeption der Einrichtung<\/span><\/li><\/ul><p><span style=\"font-weight: 400;\"><br \/>Der\/die Klient\/in erh\u00e4lt eine Best\u00e4tigungs-E-Mail, die den Leistungsvertrag formalisiert.<\/span><\/p>\t\t\t\t\t\t\t\t<\/div>\n\t\t\t\t<\/div>\n\t\t\t\t<div class=\"elementor-element elementor-element-b253da0 elementor-widget elementor-widget-heading\" data-id=\"b253da0\" data-element_type=\"widget\" data-e-type=\"widget\" data-widget_type=\"heading.default\">\n\t\t\t\t<div class=\"elementor-widget-container\">\n\t\t\t\t\t<h2 class=\"elementor-heading-title elementor-size-default\">5. Geb\u00fchren und Bezahlung<\/h2>\t\t\t\t<\/div>\n\t\t\t\t<\/div>\n\t\t\t\t<div class=\"elementor-element elementor-element-e92c7c7 elementor-widget__width-inherit elementor-widget elementor-widget-text-editor\" data-id=\"e92c7c7\" data-element_type=\"widget\" data-e-type=\"widget\" data-widget_type=\"text-editor.default\">\n\t\t\t\t<div class=\"elementor-widget-container\">\n\t\t\t\t\t\t\t\t\t<p><span style=\"font-weight: 400;\">Die Preise sind in Euro angegeben und beinhalten alle Steuern. Sie k\u00f6nnen jederzeit ge\u00e4ndert werden, aber es gelten die Preise, die bei der Buchung best\u00e4tigt wurden.<\/span><\/p><p><span style=\"font-weight: 400;\">Die akzeptierten Zahlungsmittel sind :<\/span><\/p><ul><li style=\"font-weight: 400;\" aria-level=\"1\"><span style=\"font-weight: 400;\">Kreditkarte (Visa, Mastercard, etc.)<\/span><\/li><li style=\"font-weight: 400;\" aria-level=\"1\"><span style=\"font-weight: 400;\">Bargeld (nach gesetzlicher Obergrenze)<\/span><\/li><li style=\"font-weight: 400;\" aria-level=\"1\"><span style=\"font-weight: 400;\">Geschenkgutscheine (falls akzeptiert)<\/span><\/li><\/ul><p><span style=\"font-weight: 400;\"><br \/>Je nach gebuchter Leistung kann eine Vorauszahlung, Anzahlung oder ein Bankabdruck verlangt werden.<\/span><\/p>\t\t\t\t\t\t\t\t<\/div>\n\t\t\t\t<\/div>\n\t\t\t\t<div class=\"elementor-element elementor-element-837cfc4 elementor-widget elementor-widget-heading\" data-id=\"837cfc4\" data-element_type=\"widget\" data-e-type=\"widget\" data-widget_type=\"heading.default\">\n\t\t\t\t<div class=\"elementor-widget-container\">\n\t\t\t\t\t<h2 class=\"elementor-heading-title elementor-size-default\">6. Stornierungs-\/\u00c4nderungsbedingungen<\/h2>\t\t\t\t<\/div>\n\t\t\t\t<\/div>\n\t\t\t\t<div class=\"elementor-element elementor-element-f7b978f elementor-widget__width-inherit elementor-widget elementor-widget-text-editor\" data-id=\"f7b978f\" data-element_type=\"widget\" data-e-type=\"widget\" data-widget_type=\"text-editor.default\">\n\t\t\t\t<div class=\"elementor-widget-container\">\n\t\t\t\t\t\t\t\t\t<p><b>Flexibler Tarif<\/b><span style=\"font-weight: 400;\"> Kostenlose Stornierung bis T-2 vor der Ankunft. Nach dieser Frist ist die erste Nacht f\u00e4llig.<\/span><\/p><p><b>Tarif nicht stornierbar \/ nicht erstattungsf\u00e4hig<\/b><span style=\"font-weight: 400;\"> : Keine R\u00fcckerstattung m\u00f6glich, auch nicht bei Nichterscheinen.<\/span><\/p><p><span style=\"font-weight: 400;\">Jeder \u00c4nderungsantrag muss von der Einrichtung ausdr\u00fccklich angenommen werden.<\/span><\/p>\t\t\t\t\t\t\t\t<\/div>\n\t\t\t\t<\/div>\n\t\t\t\t<div class=\"elementor-element elementor-element-3fef064 elementor-widget elementor-widget-heading\" data-id=\"3fef064\" data-element_type=\"widget\" data-e-type=\"widget\" data-widget_type=\"heading.default\">\n\t\t\t\t<div class=\"elementor-widget-container\">\n\t\t\t\t\t<h2 class=\"elementor-heading-title elementor-size-default\">7. Ankunft \/ Abreise<\/h2>\t\t\t\t<\/div>\n\t\t\t\t<\/div>\n\t\t\t\t<div class=\"elementor-element elementor-element-46109e5 elementor-widget__width-inherit elementor-widget elementor-widget-text-editor\" data-id=\"46109e5\" data-element_type=\"widget\" data-e-type=\"widget\" data-widget_type=\"text-editor.default\">\n\t\t\t\t<div class=\"elementor-widget-container\">\n\t\t\t\t\t\t\t\t\t<ul><li style=\"font-weight: 400;\" aria-level=\"1\"><span style=\"font-weight: 400;\">Ankunft (Check-in): ab 16:00 Uhr<\/span><\/li><li style=\"font-weight: 400;\" aria-level=\"1\"><span style=\"font-weight: 400;\">Abreise (check-out): vor 12.00 Uhr<\/span><\/li><\/ul><p><span style=\"font-weight: 400;\"><br \/>Bei \u00dcberschreitung der \u00d6ffnungszeiten kann ein Zuschlag erhoben werden.<\/span><\/p>\t\t\t\t\t\t\t\t<\/div>\n\t\t\t\t<\/div>\n\t\t\t\t<div class=\"elementor-element elementor-element-7a5e3ff elementor-widget elementor-widget-heading\" data-id=\"7a5e3ff\" data-element_type=\"widget\" data-e-type=\"widget\" data-widget_type=\"heading.default\">\n\t\t\t\t<div class=\"elementor-widget-container\">\n\t\t\t\t\t<h2 class=\"elementor-heading-title elementor-size-default\">8. Zugang zum Spa und Behandlungen<\/h2>\t\t\t\t<\/div>\n\t\t\t\t<\/div>\n\t\t\t\t<div class=\"elementor-element elementor-element-7eff36b elementor-widget__width-inherit elementor-widget elementor-widget-text-editor\" data-id=\"7eff36b\" data-element_type=\"widget\" data-e-type=\"widget\" data-widget_type=\"text-editor.default\">\n\t\t\t\t<div class=\"elementor-widget-container\">\n\t\t\t\t\t\t\t\t\t<p><span style=\"font-weight: 400;\">Der Zugang zum Wellnessbereich ist vollj\u00e4hrigen G\u00e4sten oder G\u00e4sten in Begleitung vorbehalten. F\u00fcr die Behandlungen ist eine vorherige Reservierung erforderlich. Stornierungen, die nicht 24 Stunden im Voraus angek\u00fcndigt werden, k\u00f6nnen in Rechnung gestellt werden.<\/span><\/p>\t\t\t\t\t\t\t\t<\/div>\n\t\t\t\t<\/div>\n\t\t\t\t<div class=\"elementor-element elementor-element-e038f23 elementor-widget elementor-widget-heading\" data-id=\"e038f23\" data-element_type=\"widget\" data-e-type=\"widget\" data-widget_type=\"heading.default\">\n\t\t\t\t<div class=\"elementor-widget-container\">\n\t\t\t\t\t<h2 class=\"elementor-heading-title elementor-size-default\">9. Regeln f\u00fcr den Aufenthalt<\/h2>\t\t\t\t<\/div>\n\t\t\t\t<\/div>\n\t\t\t\t<div class=\"elementor-element elementor-element-d8ce04e elementor-widget__width-inherit elementor-widget elementor-widget-text-editor\" data-id=\"d8ce04e\" data-element_type=\"widget\" data-e-type=\"widget\" data-widget_type=\"text-editor.default\">\n\t\t\t\t<div class=\"elementor-widget-container\">\n\t\t\t\t\t\t\t\t\t<p><span style=\"font-weight: 400;\">Der Gast verpflichtet sich, die Hausordnung der Einrichtung einzuhalten. Bei Nichteinhaltung beh\u00e4lt sich das Hotel das Recht vor, die Leistung entsch\u00e4digungslos zu unterbrechen.<\/span><\/p>\t\t\t\t\t\t\t\t<\/div>\n\t\t\t\t<\/div>\n\t\t\t\t<div class=\"elementor-element elementor-element-8328872 elementor-widget elementor-widget-heading\" data-id=\"8328872\" data-element_type=\"widget\" data-e-type=\"widget\" data-widget_type=\"heading.default\">\n\t\t\t\t<div class=\"elementor-widget-container\">\n\t\t\t\t\t<h2 class=\"elementor-heading-title elementor-size-default\">10. Verantwortung<\/h2>\t\t\t\t<\/div>\n\t\t\t\t<\/div>\n\t\t\t\t<div class=\"elementor-element elementor-element-bd8060d elementor-widget__width-inherit elementor-widget elementor-widget-text-editor\" data-id=\"bd8060d\" data-element_type=\"widget\" data-e-type=\"widget\" data-widget_type=\"text-editor.default\">\n\t\t\t\t<div class=\"elementor-widget-container\">\n\t\t\t\t\t\t\t\t\t<p><span style=\"font-weight: 400;\">Das Hotel \u00fcbernimmt keine Verantwortung f\u00fcr den Verlust, Diebstahl oder die Besch\u00e4digung von Gegenst\u00e4nden, die nicht im individuellen Safe deponiert sind. Der Gast bleibt f\u00fcr alle in den R\u00e4umlichkeiten verursachten Sch\u00e4den verantwortlich.<\/span><\/p>\t\t\t\t\t\t\t\t<\/div>\n\t\t\t\t<\/div>\n\t\t\t\t<div class=\"elementor-element elementor-element-e57e304 elementor-widget elementor-widget-heading\" data-id=\"e57e304\" data-element_type=\"widget\" data-e-type=\"widget\" data-widget_type=\"heading.default\">\n\t\t\t\t<div class=\"elementor-widget-container\">\n\t\t\t\t\t<h2 class=\"elementor-heading-title elementor-size-default\">11. Umgang mit pers\u00f6nlichen Daten<\/h2>\t\t\t\t<\/div>\n\t\t\t\t<\/div>\n\t\t\t\t<div class=\"elementor-element elementor-element-fcb2db4 elementor-widget__width-inherit elementor-widget elementor-widget-text-editor\" data-id=\"fcb2db4\" data-element_type=\"widget\" data-e-type=\"widget\" data-widget_type=\"text-editor.default\">\n\t\t\t\t<div class=\"elementor-widget-container\">\n\t\t\t\t\t\t\t\t\t<p><span style=\"font-weight: 400;\">Die bei der Buchung erhobenen personenbezogenen Daten werden in \u00dcbereinstimmung mit der DSGVO verarbeitet. Der Kunde kann seine Rechte (Zugang, Berichtigung, Widerspruch) aus\u00fcben, indem er sich an folgende Adresse wendet: contact@amoria-labaule.com.<\/span><\/p>\t\t\t\t\t\t\t\t<\/div>\n\t\t\t\t<\/div>\n\t\t\t\t<div class=\"elementor-element elementor-element-bc5a548 elementor-widget elementor-widget-heading\" data-id=\"bc5a548\" data-element_type=\"widget\" data-e-type=\"widget\" data-widget_type=\"heading.default\">\n\t\t\t\t<div class=\"elementor-widget-container\">\n\t\t\t\t\t<h2 class=\"elementor-heading-title elementor-size-default\">12. Beschwerden und Vermittlung<\/h2>\t\t\t\t<\/div>\n\t\t\t\t<\/div>\n\t\t\t\t<div class=\"elementor-element elementor-element-a5adb20 elementor-widget__width-inherit elementor-widget elementor-widget-text-editor\" data-id=\"a5adb20\" data-element_type=\"widget\" data-e-type=\"widget\" data-widget_type=\"text-editor.default\">\n\t\t\t\t<div class=\"elementor-widget-container\">\n\t\t\t\t\t\t\t\t\t<p><span style=\"font-weight: 400;\">Jede Beschwerde kann per E-Mail oder Brief an die Leitung der Einrichtung gerichtet werden. Erh\u00e4lt der Kunde innerhalb von 60 Tagen keine zufriedenstellende Antwort, kann er sich kostenlos an den Ombudsmann wenden :<\/span><\/p><p><span style=\"font-weight: 400;\">Ombudsmann f\u00fcr Tourismus und Reisen (MTV)<\/span><span style=\"font-weight: 400;\"><br \/><\/span><span style=\"font-weight: 400;\">BP 80 303 - 75823 Paris Cedex 17<\/span><span style=\"font-weight: 400;\"><br \/><\/span><a href=\"http:\/\/www.mtv.travel\"><span style=\"font-weight: 400;\">www.mtv.travel<\/span><\/a><\/p>\t\t\t\t\t\t\t\t<\/div>\n\t\t\t\t<\/div>\n\t\t\t\t<div class=\"elementor-element elementor-element-8beba9a elementor-widget elementor-widget-heading\" data-id=\"8beba9a\" data-element_type=\"widget\" data-e-type=\"widget\" data-widget_type=\"heading.default\">\n\t\t\t\t<div class=\"elementor-widget-container\">\n\t\t\t\t\t<h2 class=\"elementor-heading-title elementor-size-default\">13. Anwendbares Recht und Gerichtsbarkeit\n<\/h2>\t\t\t\t<\/div>\n\t\t\t\t<\/div>\n\t\t\t\t<div class=\"elementor-element elementor-element-0e9a5ea elementor-widget__width-inherit elementor-widget elementor-widget-text-editor\" data-id=\"0e9a5ea\" data-element_type=\"widget\" data-e-type=\"widget\" data-widget_type=\"text-editor.default\">\n\t\t\t\t<div class=\"elementor-widget-container\">\n\t\t\t\t\t\t\t\t\t<p><span style=\"font-weight: 400;\">Die vorliegenden AGB unterliegen dem franz\u00f6sischen Recht. Im Falle eines Rechtsstreits sind ausschlie\u00dflich die zust\u00e4ndigen Gerichte in Rennes zust\u00e4ndig, es sei denn, es ist gesetzlich anders geregelt.<\/span><\/p>\t\t\t\t\t\t\t\t<\/div>\n\t\t\t\t<\/div>\n\t\t\t\t\t<\/div>\n\t\t\t\t<\/div>\n\t\t\t\t<\/div>","protected":false},"excerpt":{"rendered":"<p>Conditions g\u00e9n\u00e9rales de services Les pr\u00e9sentes Conditions G\u00e9n\u00e9rales de Services (CGS) r\u00e9gissent les relations contractuelles entre la soci\u00e9t\u00e9 AMORIA et toute personne (ci-apr\u00e8s \u00ab le Client \u00bb) effectuant une r\u00e9servation de prestations h\u00f4teli\u00e8res ou de bien-\u00eatre via le site www.amoria-labaule.com. 1. Informations sur la soci\u00e9t\u00e9 Soci\u00e9t\u00e9 : SAS AMORIARCS Rennes 942 222 365Si\u00e8ge social : [&hellip;]<\/p>\n","protected":false},"author":3,"featured_media":0,"parent":0,"menu_order":0,"comment_status":"closed","ping_status":"closed","template":"elementor_header_footer","meta":{"_acf_changed":false,"footnotes":""},"class_list":["post-2089","page","type-page","status-publish","hentry"],"acf":[],"yoast_head":"<!-- This site is optimized with the Yoast SEO plugin v27.2 - https:\/\/yoast.com\/product\/yoast-seo-wordpress\/ -->\n<title>Conditions G\u00e9n\u00e9rales de Service - Hotel Amoria La Baule<\/title>\n<meta name=\"description\" content=\"Les conditions G\u00e9n\u00e9rales de Services r\u00e9gissent les relations contractuelles entre AMORIA et toute personne effectuant une r\u00e9servation de prestations\" \/>\n<meta name=\"robots\" content=\"index, follow, max-snippet:-1, max-image-preview:large, max-video-preview:-1\" \/>\n<link rel=\"canonical\" href=\"https:\/\/amoria-labaule.com\/de\/codes-gds\/\" \/>\n<meta property=\"og:locale\" content=\"de_DE\" \/>\n<meta property=\"og:type\" content=\"article\" \/>\n<meta property=\"og:title\" content=\"Conditions G\u00e9n\u00e9rales de Service - Hotel Amoria La Baule\" \/>\n<meta property=\"og:description\" content=\"Les conditions G\u00e9n\u00e9rales de Services r\u00e9gissent les relations contractuelles entre AMORIA et toute personne effectuant une r\u00e9servation de prestations\" \/>\n<meta property=\"og:url\" content=\"https:\/\/amoria-labaule.com\/de\/codes-gds\/\" \/>\n<meta property=\"og:site_name\" content=\"H\u00f4tel Amoria La Baule\" \/>\n<meta property=\"article:modified_time\" content=\"2025-10-31T11:23:13+00:00\" \/>\n<meta name=\"twitter:card\" content=\"summary_large_image\" \/>\n<meta name=\"twitter:label1\" content=\"Gesch\u00e4tzte Lesezeit\" \/>\n\t<meta name=\"twitter:data1\" content=\"3\u00a0Minuten\" \/>\n<script type=\"application\/ld+json\" class=\"yoast-schema-graph\">{\"@context\":\"https:\/\/schema.org\",\"@graph\":[{\"@type\":\"WebPage\",\"@id\":\"https:\/\/amoria-labaule.com\/codes-gds\/\",\"url\":\"https:\/\/amoria-labaule.com\/codes-gds\/\",\"name\":\"Conditions G\u00e9n\u00e9rales de Service - Hotel Amoria La Baule\",\"isPartOf\":{\"@id\":\"https:\/\/amoria-labaule.com\/#website\"},\"datePublished\":\"2025-07-25T10:23:47+00:00\",\"dateModified\":\"2025-10-31T11:23:13+00:00\",\"description\":\"Les conditions G\u00e9n\u00e9rales de Services r\u00e9gissent les relations contractuelles entre AMORIA et toute personne effectuant une r\u00e9servation de prestations\",\"breadcrumb\":{\"@id\":\"https:\/\/amoria-labaule.com\/codes-gds\/#breadcrumb\"},\"inLanguage\":\"de\",\"potentialAction\":[{\"@type\":\"ReadAction\",\"target\":[\"https:\/\/amoria-labaule.com\/codes-gds\/\"]}]},{\"@type\":\"BreadcrumbList\",\"@id\":\"https:\/\/amoria-labaule.com\/codes-gds\/#breadcrumb\",\"itemListElement\":[{\"@type\":\"ListItem\",\"position\":1,\"name\":\"Accueil\",\"item\":\"https:\/\/amoria-labaule.com\/\"},{\"@type\":\"ListItem\",\"position\":2,\"name\":\"Codes GDS\"}]},{\"@type\":\"WebSite\",\"@id\":\"https:\/\/amoria-labaule.com\/#website\",\"url\":\"https:\/\/amoria-labaule.com\/\",\"name\":\"H\u00f4tel Amoria La Baule\",\"description\":\"H\u00f4tel, rooftop et spa au coeur de La Baule\",\"publisher\":{\"@id\":\"https:\/\/amoria-labaule.com\/#organization\"},\"potentialAction\":[{\"@type\":\"SearchAction\",\"target\":{\"@type\":\"EntryPoint\",\"urlTemplate\":\"https:\/\/amoria-labaule.com\/?s={search_term_string}\"},\"query-input\":{\"@type\":\"PropertyValueSpecification\",\"valueRequired\":true,\"valueName\":\"search_term_string\"}}],\"inLanguage\":\"de\"},{\"@type\":\"Organization\",\"@id\":\"https:\/\/amoria-labaule.com\/#organization\",\"name\":\"H\u00f4tel Amoria La Baule\",\"url\":\"https:\/\/amoria-labaule.com\/\",\"logo\":{\"@type\":\"ImageObject\",\"inLanguage\":\"de\",\"@id\":\"https:\/\/amoria-labaule.com\/#\/schema\/logo\/image\/\",\"url\":\"https:\/\/amoria-labaule.com\/wp-content\/uploads\/2025\/04\/Site_logo-1.png\",\"contentUrl\":\"https:\/\/amoria-labaule.com\/wp-content\/uploads\/2025\/04\/Site_logo-1.png\",\"width\":371,\"height\":101,\"caption\":\"H\u00f4tel Amoria La Baule\"},\"image\":{\"@id\":\"https:\/\/amoria-labaule.com\/#\/schema\/logo\/image\/\"}}]}<\/script>\n<!-- \/ Yoast SEO plugin. -->","yoast_head_json":{"title":"Conditions G\u00e9n\u00e9rales de Service - Hotel Amoria La Baule","description":"Les conditions G\u00e9n\u00e9rales de Services r\u00e9gissent les relations contractuelles entre AMORIA et toute personne effectuant une r\u00e9servation de prestations","robots":{"index":"index","follow":"follow","max-snippet":"max-snippet:-1","max-image-preview":"max-image-preview:large","max-video-preview":"max-video-preview:-1"},"canonical":"https:\/\/amoria-labaule.com\/de\/codes-gds\/","og_locale":"de_DE","og_type":"article","og_title":"Conditions G\u00e9n\u00e9rales de Service - Hotel Amoria La Baule","og_description":"Les conditions G\u00e9n\u00e9rales de Services r\u00e9gissent les relations contractuelles entre AMORIA et toute personne effectuant une r\u00e9servation de prestations","og_url":"https:\/\/amoria-labaule.com\/de\/codes-gds\/","og_site_name":"H\u00f4tel Amoria La Baule","article_modified_time":"2025-10-31T11:23:13+00:00","twitter_card":"summary_large_image","twitter_misc":{"Gesch\u00e4tzte Lesezeit":"3\u00a0Minuten"},"schema":{"@context":"https:\/\/schema.org","@graph":[{"@type":"WebPage","@id":"https:\/\/amoria-labaule.com\/codes-gds\/","url":"https:\/\/amoria-labaule.com\/codes-gds\/","name":"Conditions G\u00e9n\u00e9rales de Service - Hotel Amoria La Baule","isPartOf":{"@id":"https:\/\/amoria-labaule.com\/#website"},"datePublished":"2025-07-25T10:23:47+00:00","dateModified":"2025-10-31T11:23:13+00:00","description":"Les conditions G\u00e9n\u00e9rales de Services r\u00e9gissent les relations contractuelles entre AMORIA et toute personne effectuant une r\u00e9servation de prestations","breadcrumb":{"@id":"https:\/\/amoria-labaule.com\/codes-gds\/#breadcrumb"},"inLanguage":"de","potentialAction":[{"@type":"ReadAction","target":["https:\/\/amoria-labaule.com\/codes-gds\/"]}]},{"@type":"BreadcrumbList","@id":"https:\/\/amoria-labaule.com\/codes-gds\/#breadcrumb","itemListElement":[{"@type":"ListItem","position":1,"name":"Accueil","item":"https:\/\/amoria-labaule.com\/"},{"@type":"ListItem","position":2,"name":"Codes GDS"}]},{"@type":"WebSite","@id":"https:\/\/amoria-labaule.com\/#website","url":"https:\/\/amoria-labaule.com\/","name":"Hotel Amoria La Baule","description":"Hotel, Rooftop und Spa im Herzen von La Baule","publisher":{"@id":"https:\/\/amoria-labaule.com\/#organization"},"potentialAction":[{"@type":"SearchAction","target":{"@type":"EntryPoint","urlTemplate":"https:\/\/amoria-labaule.com\/?s={search_term_string}"},"query-input":{"@type":"PropertyValueSpecification","valueRequired":true,"valueName":"search_term_string"}}],"inLanguage":"de"},{"@type":"Organization","@id":"https:\/\/amoria-labaule.com\/#organization","name":"Hotel Amoria La Baule","url":"https:\/\/amoria-labaule.com\/","logo":{"@type":"ImageObject","inLanguage":"de","@id":"https:\/\/amoria-labaule.com\/#\/schema\/logo\/image\/","url":"https:\/\/amoria-labaule.com\/wp-content\/uploads\/2025\/04\/Site_logo-1.png","contentUrl":"https:\/\/amoria-labaule.com\/wp-content\/uploads\/2025\/04\/Site_logo-1.png","width":371,"height":101,"caption":"H\u00f4tel Amoria La Baule"},"image":{"@id":"https:\/\/amoria-labaule.com\/#\/schema\/logo\/image\/"}}]}},"_links":{"self":[{"href":"https:\/\/amoria-labaule.com\/de\/wp-json\/wp\/v2\/pages\/2089","targetHints":{"allow":["GET"]}}],"collection":[{"href":"https:\/\/amoria-labaule.com\/de\/wp-json\/wp\/v2\/pages"}],"about":[{"href":"https:\/\/amoria-labaule.com\/de\/wp-json\/wp\/v2\/types\/page"}],"author":[{"embeddable":true,"href":"https:\/\/amoria-labaule.com\/de\/wp-json\/wp\/v2\/users\/3"}],"replies":[{"embeddable":true,"href":"https:\/\/amoria-labaule.com\/de\/wp-json\/wp\/v2\/comments?post=2089"}],"version-history":[{"count":0,"href":"https:\/\/amoria-labaule.com\/de\/wp-json\/wp\/v2\/pages\/2089\/revisions"}],"wp:attachment":[{"href":"https:\/\/amoria-labaule.com\/de\/wp-json\/wp\/v2\/media?parent=2089"}],"curies":[{"name":"wp","href":"https:\/\/api.w.org\/{rel}","templated":true}]}}