{"id":2091,"date":"2025-07-25T12:24:13","date_gmt":"2025-07-25T10:24:13","guid":{"rendered":"https:\/\/amoria-labaule.com\/?page_id=2091"},"modified":"2025-10-31T12:24:36","modified_gmt":"2025-10-31T11:24:36","slug":"cookies","status":"publish","type":"page","link":"https:\/\/amoria-labaule.com\/de\/cookies\/","title":{"rendered":"Cookies"},"content":{"rendered":"<div data-elementor-type=\"wp-page\" data-elementor-id=\"2091\" class=\"elementor elementor-2091\" data-elementor-post-type=\"page\">\n\t\t\t\t<div class=\"elementor-element elementor-element-d3735b1 e-flex e-con-boxed e-con e-parent\" data-id=\"d3735b1\" data-element_type=\"container\" data-e-type=\"container\" data-settings=\"{&quot;background_background&quot;:&quot;classic&quot;}\">\n\t\t\t\t\t<div class=\"e-con-inner\">\n\t\t\t\t<div class=\"elementor-element elementor-element-2c7e8c5 elementor-widget-mobile__width-initial elementor-widget-tablet__width-initial elementor-widget elementor-widget-heading\" data-id=\"2c7e8c5\" data-element_type=\"widget\" data-e-type=\"widget\" data-widget_type=\"heading.default\">\n\t\t\t\t<div class=\"elementor-widget-container\">\n\t\t\t\t\t<h1 class=\"elementor-heading-title elementor-size-default\">Richtlinien zu personenbezogenen Daten und Cookies<\/h1>\t\t\t\t<\/div>\n\t\t\t\t<\/div>\n\t\t\t\t\t<\/div>\n\t\t\t\t<\/div>\n\t\t<div class=\"elementor-element elementor-element-7f8b273 e-flex e-con-boxed e-con e-child\" data-id=\"7f8b273\" data-element_type=\"container\" data-e-type=\"container\">\n\t\t\t\t\t<div class=\"e-con-inner\">\n\t\t\t\t<div class=\"elementor-element elementor-element-f665f68 elementor-widget elementor-widget-heading\" data-id=\"f665f68\" data-element_type=\"widget\" data-e-type=\"widget\" data-widget_type=\"heading.default\">\n\t\t\t\t<div class=\"elementor-widget-container\">\n\t\t\t\t\t<h2 class=\"elementor-heading-title elementor-size-default\">1. Verwaltung der pers\u00f6nlichen Daten<\/h2>\t\t\t\t<\/div>\n\t\t\t\t<\/div>\n\t\t\t\t<div class=\"elementor-element elementor-element-7f24c35 elementor-widget__width-inherit elementor-widget elementor-widget-text-editor\" data-id=\"7f24c35\" data-element_type=\"widget\" data-e-type=\"widget\" data-widget_type=\"text-editor.default\">\n\t\t\t\t<div class=\"elementor-widget-container\">\n\t\t\t\t\t\t\t\t\t<p><span style=\"font-weight: 400;\">Der Kunde wird dar\u00fcber informiert, dass die Website <\/span><a href=\"https:\/\/amoria-labaule.com\/de\/\"><span style=\"font-weight: 400;\">www.amoria-labaule.com<\/span><\/a><span style=\"font-weight: 400;\"> h\u00e4lt sich an die gesetzlichen Verpflichtungen zum Datenschutz gem\u00e4\u00df :<\/span><\/p><ul><li style=\"font-weight: 400;\" aria-level=\"1\"><span style=\"font-weight: 400;\">das Gesetz vom 6. Januar 1978 in seiner ge\u00e4nderten Fassung (sog. \"Informatique et Libert\u00e9s\"),<\/span><\/li><li style=\"font-weight: 400;\" aria-level=\"1\"><span style=\"font-weight: 400;\">das Gesetz f\u00fcr das Vertrauen in die digitale Wirtschaft vom 21. Juni 2004,<\/span><\/li><li style=\"font-weight: 400;\" aria-level=\"1\">und beim <b>Allgemeine Datenschutzverordnung (GDPR - EU 2016\/679)<\/b><span>.<\/span><\/li><\/ul>\t\t\t\t\t\t\t\t<\/div>\n\t\t\t\t<\/div>\n\t\t\t\t<div class=\"elementor-element elementor-element-ea909b1 elementor-widget elementor-widget-heading\" data-id=\"ea909b1\" data-element_type=\"widget\" data-e-type=\"widget\" data-widget_type=\"heading.default\">\n\t\t\t\t<div class=\"elementor-widget-container\">\n\t\t\t\t\t<h3 class=\"elementor-heading-title elementor-size-default\">1.1 Verantwortlicher f\u00fcr die Verarbeitung<\/h3>\t\t\t\t<\/div>\n\t\t\t\t<\/div>\n\t\t\t\t<div class=\"elementor-element elementor-element-b03bb0f elementor-widget__width-inherit elementor-widget elementor-widget-text-editor\" data-id=\"b03bb0f\" data-element_type=\"widget\" data-e-type=\"widget\" data-widget_type=\"text-editor.default\">\n\t\t\t\t<div class=\"elementor-widget-container\">\n\t\t\t\t\t\t\t\t\t<p><span style=\"font-weight: 400;\">Der Verantwortliche f\u00fcr die Verarbeitung der personenbezogenen Daten ist :<\/span><\/p><p><b>SAS AMORIA<\/b><span style=\"font-weight: 400;\">, vertreten durch <\/span><b>Herr Antoine Boulle<\/b><span style=\"font-weight: 400;\">,<\/span><span style=\"font-weight: 400;\"><br \/><\/span><span style=\"font-weight: 400;\">Immeuble Emergence, 60 avenue du Canada, 35200 Rennes<\/span><span style=\"font-weight: 400;\"><br \/><\/span><span style=\"font-weight: 400;\">contact@amoria-labaule.com<\/span><\/p><p><span style=\"font-weight: 400;\">AMORIA legt die Zwecke der Datenverarbeitung fest, achtet auf die Einhaltung des geltenden Rechtsrahmens, informiert seine Kunden \u00fcber die Verwendung ihrer Daten und ergreift alle notwendigen Ma\u00dfnahmen, um die Sicherheit und Vertraulichkeit ihrer Daten zu gew\u00e4hrleisten.<\/span><\/p>\t\t\t\t\t\t\t\t<\/div>\n\t\t\t\t<\/div>\n\t\t\t\t<div class=\"elementor-element elementor-element-f7f24b9 elementor-widget elementor-widget-heading\" data-id=\"f7f24b9\" data-element_type=\"widget\" data-e-type=\"widget\" data-widget_type=\"heading.default\">\n\t\t\t\t<div class=\"elementor-widget-container\">\n\t\t\t\t\t<h3 class=\"elementor-heading-title elementor-size-default\">1.2 Zweck der Verarbeitung\n<\/h3>\t\t\t\t<\/div>\n\t\t\t\t<\/div>\n\t\t\t\t<div class=\"elementor-element elementor-element-e1627f7 elementor-widget__width-inherit elementor-widget elementor-widget-text-editor\" data-id=\"e1627f7\" data-element_type=\"widget\" data-e-type=\"widget\" data-widget_type=\"text-editor.default\">\n\t\t\t\t<div class=\"elementor-widget-container\">\n\t\t\t\t\t\t\t\t\t<p><span style=\"font-weight: 400;\">Pers\u00f6nliche Daten, die \u00fcber die Website gesammelt werden <\/span><a href=\"https:\/\/amoria-labaule.com\/de\/\"><span style=\"font-weight: 400;\">www.amoria-labaule.com<\/span><\/a><span style=\"font-weight: 400;\"> werden nur f\u00fcr legitime, festgelegte und explizite Zwecke verwendet :<\/span><\/p><ul><li style=\"font-weight: 400;\" aria-level=\"1\"><span style=\"font-weight: 400;\">Verwaltung von Buchungen, Zahlungen und Kundenbeziehungen<\/span><\/li><li style=\"font-weight: 400;\" aria-level=\"1\"><span style=\"font-weight: 400;\">Beantwortung von Kontaktanfragen<\/span><\/li><li style=\"font-weight: 400;\" aria-level=\"1\"><span style=\"font-weight: 400;\">Senden von kommerziellen Angeboten und Neuigkeiten (E-Mails, SMS), mit vorheriger Zustimmung<\/span><\/li><li style=\"font-weight: 400;\" aria-level=\"1\"><span style=\"font-weight: 400;\">Statistische Verfolgung und Verbesserung der Navigation auf der Website<\/span><\/li><li style=\"font-weight: 400;\" aria-level=\"1\"><span style=\"font-weight: 400;\">Bek\u00e4mpfung von Betrug oder missbr\u00e4uchlicher Verwendung<\/span><\/li><\/ul><p><span style=\"font-weight: 400;\">Die Daten werden niemals an Dritte weiterverkauft und nur nach Anonymisierung f\u00fcr statistische Zwecke verwendet.<\/span><\/p>\t\t\t\t\t\t\t\t<\/div>\n\t\t\t\t<\/div>\n\t\t\t\t<div class=\"elementor-element elementor-element-18b3f76 elementor-widget elementor-widget-heading\" data-id=\"18b3f76\" data-element_type=\"widget\" data-e-type=\"widget\" data-widget_type=\"heading.default\">\n\t\t\t\t<div class=\"elementor-widget-container\">\n\t\t\t\t\t<h3 class=\"elementor-heading-title elementor-size-default\">1.3 Rechte der Nutzer<\/h3>\t\t\t\t<\/div>\n\t\t\t\t<\/div>\n\t\t\t\t<div class=\"elementor-element elementor-element-1efb2dd elementor-widget__width-inherit elementor-widget elementor-widget-text-editor\" data-id=\"1efb2dd\" data-element_type=\"widget\" data-e-type=\"widget\" data-widget_type=\"text-editor.default\">\n\t\t\t\t<div class=\"elementor-widget-container\">\n\t\t\t\t\t\t\t\t\t<p><span style=\"font-weight: 400;\">Gem\u00e4\u00df der DSGVO haben die Nutzer die folgenden Rechte:<\/span><\/p><ul><li style=\"font-weight: 400;\" aria-level=\"1\"><span style=\"font-weight: 400;\">Recht auf Zugang, Berichtigung und L\u00f6schung ihrer personenbezogenen Daten (Artikel 15 bis 17 DSGVO)<\/span><\/li><li style=\"font-weight: 400;\" aria-level=\"1\"><span style=\"font-weight: 400;\">Recht, ihre Zustimmung jederzeit zu widerrufen<\/span><\/li><li style=\"font-weight: 400;\" aria-level=\"1\"><span style=\"font-weight: 400;\">Recht auf Widerspruch oder Einschr\u00e4nkung der Verarbeitung (Artikel 18 und 21)<\/span><\/li><li style=\"font-weight: 400;\" aria-level=\"1\"><span style=\"font-weight: 400;\">Recht auf Daten\u00fcbertragbarkeit (Artikel 20)<\/span><\/li><li style=\"font-weight: 400;\" aria-level=\"1\"><span style=\"font-weight: 400;\">Recht, Richtlinien \u00fcber den Verbleib ihrer Daten nach ihrem Tod festzulegen<\/span><\/li><\/ul><p><span style=\"font-weight: 400;\">Um diese Rechte auszu\u00fcben, kann der Nutzer an die folgende Adresse schreiben und eine Kopie seines Personalausweises beif\u00fcgen:<\/span><\/p><p><b>SAS AMORIA - 60 avenue du Canada, 35200 Rennes<\/b><span style=\"font-weight: 400;\"><br \/><\/span><span style=\"font-weight: 400;\">oder per E-Mail : <\/span><b>direction@amoria-labaule.com<\/b><\/p><p><span style=\"font-weight: 400;\">Der Nutzer kann auch eine Beschwerde bei der zust\u00e4ndigen Kontrollbeh\u00f6rde, der Commission Nationale de l'Informatique et des Libert\u00e9s (CNIL) , einreichen: <\/span><a href=\"http:\/\/www.cnil.fr\"><span style=\"font-weight: 400;\">www.cnil.fr<\/span><\/a><\/p>\t\t\t\t\t\t\t\t<\/div>\n\t\t\t\t<\/div>\n\t\t\t\t<div class=\"elementor-element elementor-element-e3ffab2 elementor-widget elementor-widget-heading\" data-id=\"e3ffab2\" data-element_type=\"widget\" data-e-type=\"widget\" data-widget_type=\"heading.default\">\n\t\t\t\t<div class=\"elementor-widget-container\">\n\t\t\t\t\t<h3 class=\"elementor-heading-title elementor-size-default\">1.4 Aufbewahrung und Sicherheit der Daten<\/h3>\t\t\t\t<\/div>\n\t\t\t\t<\/div>\n\t\t\t\t<div class=\"elementor-element elementor-element-414ebe1 elementor-widget__width-inherit elementor-widget elementor-widget-text-editor\" data-id=\"414ebe1\" data-element_type=\"widget\" data-e-type=\"widget\" data-widget_type=\"text-editor.default\">\n\t\t\t\t<div class=\"elementor-widget-container\">\n\t\t\t\t\t\t\t\t\t<p><span style=\"font-weight: 400;\">Personenbezogene Daten werden nur so lange aufbewahrt, wie es f\u00fcr die Zwecke, f\u00fcr die sie gesammelt wurden, unbedingt erforderlich ist, und zwar in \u00dcbereinstimmung mit den gesetzlichen und beh\u00f6rdlichen Verpflichtungen.<\/span><\/p><p><span style=\"font-weight: 400;\">AMORIA setzt angemessene technische und organisatorische Ma\u00dfnahmen ein, um die Daten vor unbefugtem Zugriff, Verlust, \u00c4nderung oder Offenlegung zu sch\u00fctzen. Dazu geh\u00f6ren insbesondere sicheres Hosting, Datenverschl\u00fcsselung, Firewall-Systeme und eine strenge Zugriffsverwaltung.<\/span><\/p>\t\t\t\t\t\t\t\t<\/div>\n\t\t\t\t<\/div>\n\t\t\t\t<div class=\"elementor-element elementor-element-37f2ba1 elementor-widget elementor-widget-heading\" data-id=\"37f2ba1\" data-element_type=\"widget\" data-e-type=\"widget\" data-widget_type=\"heading.default\">\n\t\t\t\t<div class=\"elementor-widget-container\">\n\t\t\t\t\t<h3 class=\"elementor-heading-title elementor-size-default\">1.5 Untervergabe und \u00dcbertragung<\/h3>\t\t\t\t<\/div>\n\t\t\t\t<\/div>\n\t\t\t\t<div class=\"elementor-element elementor-element-c9bdb45 elementor-widget__width-inherit elementor-widget elementor-widget-text-editor\" data-id=\"c9bdb45\" data-element_type=\"widget\" data-e-type=\"widget\" data-widget_type=\"text-editor.default\">\n\t\t\t\t<div class=\"elementor-widget-container\">\n\t\t\t\t\t\t\t\t\t<p><span style=\"font-weight: 400;\">AMORIA \u00fcbermittelt personenbezogene Daten nicht ohne angemessene Garantien im Sinne der DSGVO in L\u00e4nder au\u00dferhalb der Europ\u00e4ischen Union. Technische Dienstleister (z. B. Hosting, Buchungsl\u00f6sung) k\u00f6nnen bestimmte Daten im Auftrag von AMORIA unter strikter Einhaltung des geltenden gesetzlichen und vertraglichen Rahmens verarbeiten.<\/span><\/p><p><span style=\"font-weight: 400;\">Ohne Ihre ausdr\u00fcckliche Zustimmung werden keine Daten ver\u00f6ffentlicht, ausgetauscht oder an Dritte weitergegeben, au\u00dfer im Falle eines Unternehmensverkaufs oder einer Gesch\u00e4fts\u00fcbertragung, in welchem Fall die gleichen Datenschutzverpflichtungen an den \u00dcbernehmer weitergegeben werden.<\/span><\/p>\t\t\t\t\t\t\t\t<\/div>\n\t\t\t\t<\/div>\n\t\t\t\t<div class=\"elementor-element elementor-element-c5c5090 elementor-widget elementor-widget-heading\" data-id=\"c5c5090\" data-element_type=\"widget\" data-e-type=\"widget\" data-widget_type=\"heading.default\">\n\t\t\t\t<div class=\"elementor-widget-container\">\n\t\t\t\t\t<h3 class=\"elementor-heading-title elementor-size-default\">1.6 Benachrichtigung \u00fcber einen Vorfall<\/h3>\t\t\t\t<\/div>\n\t\t\t\t<\/div>\n\t\t\t\t<div class=\"elementor-element elementor-element-a264cad elementor-widget__width-inherit elementor-widget elementor-widget-text-editor\" data-id=\"a264cad\" data-element_type=\"widget\" data-e-type=\"widget\" data-widget_type=\"text-editor.default\">\n\t\t\t\t<div class=\"elementor-widget-container\">\n\t\t\t\t\t\t\t\t\t<p><span style=\"font-weight: 400;\">Im Falle einer Verletzung personenbezogener Daten verpflichtet sich AMORIA, den Vorfall gem\u00e4\u00df Artikel 33 und 34 der DSGVO so schnell wie m\u00f6glich der franz\u00f6sischen Datenschutzbeh\u00f6rde CNIL sowie den betroffenen Nutzern zu melden, wenn dies erforderlich ist.<\/span><\/p>\t\t\t\t\t\t\t\t<\/div>\n\t\t\t\t<\/div>\n\t\t\t\t\t<\/div>\n\t\t\t\t<\/div>\n\t\t\t\t<\/div>","protected":false},"excerpt":{"rendered":"<p>Politique relative aux donn\u00e9es personnelles et aux cookies 1. Gestion des donn\u00e9es personnelles Le Client est inform\u00e9 que le site www.amoria-labaule.com respecte les obligations l\u00e9gales en mati\u00e8re de protection des donn\u00e9es, conform\u00e9ment \u00e0 : la loi du 6 janvier 1978 modifi\u00e9e (dite \u00ab\u00a0Informatique et Libert\u00e9s\u00a0\u00bb), la loi pour la confiance dans l\u2019\u00e9conomie num\u00e9rique du 21 [&hellip;]<\/p>\n","protected":false},"author":3,"featured_media":0,"parent":0,"menu_order":0,"comment_status":"closed","ping_status":"closed","template":"elementor_header_footer","meta":{"_acf_changed":false,"footnotes":""},"class_list":["post-2091","page","type-page","status-publish","hentry"],"acf":[],"yoast_head":"<!-- This site is optimized with the Yoast SEO plugin v27.2 - https:\/\/yoast.com\/product\/yoast-seo-wordpress\/ -->\n<title>Cookies - H\u00f4tel Amoria La Baule<\/title>\n<meta name=\"description\" content=\"Politique de cookie du site amoria-labaule.com, site web de l&#039;H\u00f4tel Amoria situ\u00e9 \u00e0 La Baule du groupe hotellier Dunamis Hospitality\" \/>\n<meta name=\"robots\" content=\"index, follow, max-snippet:-1, max-image-preview:large, max-video-preview:-1\" \/>\n<link rel=\"canonical\" href=\"https:\/\/amoria-labaule.com\/de\/cookies\/\" \/>\n<meta property=\"og:locale\" content=\"de_DE\" \/>\n<meta property=\"og:type\" content=\"article\" \/>\n<meta property=\"og:title\" content=\"Cookies - H\u00f4tel Amoria La Baule\" \/>\n<meta property=\"og:description\" content=\"Politique de cookie du site amoria-labaule.com, site web de l&#039;H\u00f4tel Amoria situ\u00e9 \u00e0 La Baule du groupe hotellier Dunamis Hospitality\" \/>\n<meta property=\"og:url\" content=\"https:\/\/amoria-labaule.com\/de\/cookies\/\" \/>\n<meta property=\"og:site_name\" content=\"H\u00f4tel Amoria La Baule\" \/>\n<meta property=\"article:modified_time\" content=\"2025-10-31T11:24:36+00:00\" \/>\n<meta name=\"twitter:card\" content=\"summary_large_image\" \/>\n<meta name=\"twitter:label1\" content=\"Gesch\u00e4tzte Lesezeit\" \/>\n\t<meta name=\"twitter:data1\" content=\"3\u00a0Minuten\" \/>\n<script type=\"application\/ld+json\" class=\"yoast-schema-graph\">{\"@context\":\"https:\/\/schema.org\",\"@graph\":[{\"@type\":\"WebPage\",\"@id\":\"https:\/\/amoria-labaule.com\/cookies\/\",\"url\":\"https:\/\/amoria-labaule.com\/cookies\/\",\"name\":\"Cookies - H\u00f4tel Amoria La Baule\",\"isPartOf\":{\"@id\":\"https:\/\/amoria-labaule.com\/#website\"},\"datePublished\":\"2025-07-25T10:24:13+00:00\",\"dateModified\":\"2025-10-31T11:24:36+00:00\",\"description\":\"Politique de cookie du site amoria-labaule.com, site web de l'H\u00f4tel Amoria situ\u00e9 \u00e0 La Baule du groupe hotellier Dunamis Hospitality\",\"breadcrumb\":{\"@id\":\"https:\/\/amoria-labaule.com\/cookies\/#breadcrumb\"},\"inLanguage\":\"de\",\"potentialAction\":[{\"@type\":\"ReadAction\",\"target\":[\"https:\/\/amoria-labaule.com\/cookies\/\"]}]},{\"@type\":\"BreadcrumbList\",\"@id\":\"https:\/\/amoria-labaule.com\/cookies\/#breadcrumb\",\"itemListElement\":[{\"@type\":\"ListItem\",\"position\":1,\"name\":\"Accueil\",\"item\":\"https:\/\/amoria-labaule.com\/\"},{\"@type\":\"ListItem\",\"position\":2,\"name\":\"Cookies\"}]},{\"@type\":\"WebSite\",\"@id\":\"https:\/\/amoria-labaule.com\/#website\",\"url\":\"https:\/\/amoria-labaule.com\/\",\"name\":\"H\u00f4tel Amoria La Baule\",\"description\":\"H\u00f4tel, rooftop et spa au coeur de La Baule\",\"publisher\":{\"@id\":\"https:\/\/amoria-labaule.com\/#organization\"},\"potentialAction\":[{\"@type\":\"SearchAction\",\"target\":{\"@type\":\"EntryPoint\",\"urlTemplate\":\"https:\/\/amoria-labaule.com\/?s={search_term_string}\"},\"query-input\":{\"@type\":\"PropertyValueSpecification\",\"valueRequired\":true,\"valueName\":\"search_term_string\"}}],\"inLanguage\":\"de\"},{\"@type\":\"Organization\",\"@id\":\"https:\/\/amoria-labaule.com\/#organization\",\"name\":\"H\u00f4tel Amoria La Baule\",\"url\":\"https:\/\/amoria-labaule.com\/\",\"logo\":{\"@type\":\"ImageObject\",\"inLanguage\":\"de\",\"@id\":\"https:\/\/amoria-labaule.com\/#\/schema\/logo\/image\/\",\"url\":\"https:\/\/amoria-labaule.com\/wp-content\/uploads\/2025\/04\/Site_logo-1.png\",\"contentUrl\":\"https:\/\/amoria-labaule.com\/wp-content\/uploads\/2025\/04\/Site_logo-1.png\",\"width\":371,\"height\":101,\"caption\":\"H\u00f4tel Amoria La Baule\"},\"image\":{\"@id\":\"https:\/\/amoria-labaule.com\/#\/schema\/logo\/image\/\"}}]}<\/script>\n<!-- \/ Yoast SEO plugin. -->","yoast_head_json":{"title":"Cookies - H\u00f4tel Amoria La Baule","description":"Politique de cookie du site amoria-labaule.com, site web de l'H\u00f4tel Amoria situ\u00e9 \u00e0 La Baule du groupe hotellier Dunamis Hospitality","robots":{"index":"index","follow":"follow","max-snippet":"max-snippet:-1","max-image-preview":"max-image-preview:large","max-video-preview":"max-video-preview:-1"},"canonical":"https:\/\/amoria-labaule.com\/de\/cookies\/","og_locale":"de_DE","og_type":"article","og_title":"Cookies - H\u00f4tel Amoria La Baule","og_description":"Politique de cookie du site amoria-labaule.com, site web de l'H\u00f4tel Amoria situ\u00e9 \u00e0 La Baule du groupe hotellier Dunamis Hospitality","og_url":"https:\/\/amoria-labaule.com\/de\/cookies\/","og_site_name":"H\u00f4tel Amoria La Baule","article_modified_time":"2025-10-31T11:24:36+00:00","twitter_card":"summary_large_image","twitter_misc":{"Gesch\u00e4tzte Lesezeit":"3\u00a0Minuten"},"schema":{"@context":"https:\/\/schema.org","@graph":[{"@type":"WebPage","@id":"https:\/\/amoria-labaule.com\/cookies\/","url":"https:\/\/amoria-labaule.com\/cookies\/","name":"Cookies - H\u00f4tel Amoria La Baule","isPartOf":{"@id":"https:\/\/amoria-labaule.com\/#website"},"datePublished":"2025-07-25T10:24:13+00:00","dateModified":"2025-10-31T11:24:36+00:00","description":"Politique de cookie du site amoria-labaule.com, site web de l'H\u00f4tel Amoria situ\u00e9 \u00e0 La Baule du groupe hotellier Dunamis Hospitality","breadcrumb":{"@id":"https:\/\/amoria-labaule.com\/cookies\/#breadcrumb"},"inLanguage":"de","potentialAction":[{"@type":"ReadAction","target":["https:\/\/amoria-labaule.com\/cookies\/"]}]},{"@type":"BreadcrumbList","@id":"https:\/\/amoria-labaule.com\/cookies\/#breadcrumb","itemListElement":[{"@type":"ListItem","position":1,"name":"Accueil","item":"https:\/\/amoria-labaule.com\/"},{"@type":"ListItem","position":2,"name":"Cookies"}]},{"@type":"WebSite","@id":"https:\/\/amoria-labaule.com\/#website","url":"https:\/\/amoria-labaule.com\/","name":"Hotel Amoria La Baule","description":"Hotel, Rooftop und Spa im Herzen von La Baule","publisher":{"@id":"https:\/\/amoria-labaule.com\/#organization"},"potentialAction":[{"@type":"SearchAction","target":{"@type":"EntryPoint","urlTemplate":"https:\/\/amoria-labaule.com\/?s={search_term_string}"},"query-input":{"@type":"PropertyValueSpecification","valueRequired":true,"valueName":"search_term_string"}}],"inLanguage":"de"},{"@type":"Organization","@id":"https:\/\/amoria-labaule.com\/#organization","name":"Hotel Amoria La Baule","url":"https:\/\/amoria-labaule.com\/","logo":{"@type":"ImageObject","inLanguage":"de","@id":"https:\/\/amoria-labaule.com\/#\/schema\/logo\/image\/","url":"https:\/\/amoria-labaule.com\/wp-content\/uploads\/2025\/04\/Site_logo-1.png","contentUrl":"https:\/\/amoria-labaule.com\/wp-content\/uploads\/2025\/04\/Site_logo-1.png","width":371,"height":101,"caption":"H\u00f4tel Amoria La Baule"},"image":{"@id":"https:\/\/amoria-labaule.com\/#\/schema\/logo\/image\/"}}]}},"_links":{"self":[{"href":"https:\/\/amoria-labaule.com\/de\/wp-json\/wp\/v2\/pages\/2091","targetHints":{"allow":["GET"]}}],"collection":[{"href":"https:\/\/amoria-labaule.com\/de\/wp-json\/wp\/v2\/pages"}],"about":[{"href":"https:\/\/amoria-labaule.com\/de\/wp-json\/wp\/v2\/types\/page"}],"author":[{"embeddable":true,"href":"https:\/\/amoria-labaule.com\/de\/wp-json\/wp\/v2\/users\/3"}],"replies":[{"embeddable":true,"href":"https:\/\/amoria-labaule.com\/de\/wp-json\/wp\/v2\/comments?post=2091"}],"version-history":[{"count":0,"href":"https:\/\/amoria-labaule.com\/de\/wp-json\/wp\/v2\/pages\/2091\/revisions"}],"wp:attachment":[{"href":"https:\/\/amoria-labaule.com\/de\/wp-json\/wp\/v2\/media?parent=2091"}],"curies":[{"name":"wp","href":"https:\/\/api.w.org\/{rel}","templated":true}]}}