{"id":2087,"date":"2025-07-25T12:23:04","date_gmt":"2025-07-25T10:23:04","guid":{"rendered":"https:\/\/amoria-labaule.com\/?page_id=2087"},"modified":"2025-10-31T12:29:26","modified_gmt":"2025-10-31T11:29:26","slug":"mentions-legales","status":"publish","type":"page","link":"https:\/\/amoria-labaule.com\/en\/mentions-legales\/","title":{"rendered":"Terms of use"},"content":{"rendered":"<div data-elementor-type=\"wp-page\" data-elementor-id=\"2087\" class=\"elementor elementor-2087\" data-elementor-post-type=\"page\">\n\t\t\t\t<div class=\"elementor-element elementor-element-b40cf06 e-flex e-con-boxed e-con e-parent\" data-id=\"b40cf06\" data-element_type=\"container\" data-e-type=\"container\" data-settings=\"{&quot;background_background&quot;:&quot;classic&quot;}\">\n\t\t\t\t\t<div class=\"e-con-inner\">\n\t\t\t\t<div class=\"elementor-element elementor-element-5f3c567 elementor-widget-mobile__width-initial elementor-widget-tablet__width-initial elementor-widget elementor-widget-heading\" data-id=\"5f3c567\" data-element_type=\"widget\" data-e-type=\"widget\" data-widget_type=\"heading.default\">\n\t\t\t\t<div class=\"elementor-widget-container\">\n\t\t\t\t\t<h1 class=\"elementor-heading-title elementor-size-default\">Mentions <i>Legal <\/i><\/h1>\t\t\t\t<\/div>\n\t\t\t\t<\/div>\n\t\t\t\t\t<\/div>\n\t\t\t\t<\/div>\n\t\t<div class=\"elementor-element elementor-element-5be486d e-flex e-con-boxed e-con e-child\" data-id=\"5be486d\" data-element_type=\"container\" data-e-type=\"container\">\n\t\t\t\t\t<div class=\"e-con-inner\">\n\t\t\t\t<div class=\"elementor-element elementor-element-6294b3d elementor-widget elementor-widget-heading\" data-id=\"6294b3d\" data-element_type=\"widget\" data-e-type=\"widget\" data-widget_type=\"heading.default\">\n\t\t\t\t<div class=\"elementor-widget-container\">\n\t\t\t\t\t<h2 class=\"elementor-heading-title elementor-size-default\">1. Definitions<\/h2>\t\t\t\t<\/div>\n\t\t\t\t<\/div>\n\t\t\t\t<div class=\"elementor-element elementor-element-684876a elementor-widget__width-inherit elementor-widget elementor-widget-text-editor\" data-id=\"684876a\" data-element_type=\"widget\" data-e-type=\"widget\" data-widget_type=\"text-editor.default\">\n\t\t\t\t<div class=\"elementor-widget-container\">\n\t\t\t\t\t\t\t\t\t<p><b>Customer<\/b><span style=\"font-weight: 400;\"> any individual of legal age or legal entity visiting the www.amoria-labaule.com website.<\/span><\/p><p><b>Services<\/b><span style=\"font-weight: 400;\"> All products and services made available to customers by AMORIA via its website.<\/span><\/p><p><b>Contents<\/b><span style=\"font-weight: 400;\"> All elements present on the site, such as text, images, videos, graphics, logos and site architecture.<\/span><\/p><p><b>Customer information<\/b><span style=\"font-weight: 400;\"> Personal data collected and processed by AMORIA in the context of customer relations, reservation management or for statistical analysis purposes.<\/span><\/p><p><b>User<\/b><span style=\"font-weight: 400;\"> any person browsing or interacting with the website.<\/span><\/p><p><b>Personal information<\/b><span style=\"font-weight: 400;\"> : data enabling, directly or indirectly, the identification of a natural person, within the meaning of the French Data Protection Act of January 6, 1978 and the General Data Protection Regulation (RGPD).<\/span><\/p>\t\t\t\t\t\t\t\t<\/div>\n\t\t\t\t<\/div>\n\t\t\t\t<div class=\"elementor-element elementor-element-3803fa7 elementor-widget elementor-widget-heading\" data-id=\"3803fa7\" data-element_type=\"widget\" data-e-type=\"widget\" data-widget_type=\"heading.default\">\n\t\t\t\t<div class=\"elementor-widget-container\">\n\t\t\t\t\t<h2 class=\"elementor-heading-title elementor-size-default\">2. Site presentation<\/h2>\t\t\t\t<\/div>\n\t\t\t\t<\/div>\n\t\t\t\t<div class=\"elementor-element elementor-element-e10ed43 elementor-widget__width-inherit elementor-widget elementor-widget-text-editor\" data-id=\"e10ed43\" data-element_type=\"widget\" data-e-type=\"widget\" data-widget_type=\"text-editor.default\">\n\t\t\t\t<div class=\"elementor-widget-container\">\n\t\t\t\t\t\t\t\t\t<p><span style=\"font-weight: 400;\">In accordance with article 6 of French law no. 2004-575 of June 21, 2004 on confidence in the digital economy, users of the www.amoria-labaule.com website are informed of the identity of the various parties involved in its creation and follow-up:<\/span><\/p><p><b>Owner<\/b><span style=\"font-weight: 400;\"> SAS AMORIA - Share capital: 20,000 euros<\/span><span style=\"font-weight: 400;\"><br \/><\/span><span style=\"font-weight: 400;\">RCS Rennes 942 222 365<\/span><span style=\"font-weight: 400;\"><br \/><\/span><span style=\"font-weight: 400;\">Head office: Immeuble Emergence, 60 avenue du Canada, 35200 Rennes, France<\/span><\/p><p><b>Publishing Director<\/b><span style=\"font-weight: 400;\"> Mr Antoine Boulle<\/span><\/p><p><b>Hosted by :<\/b><span style=\"font-weight: 400;\"> OVH CLOUD<\/span><\/p><p><b>Located at :<\/b><span style=\"font-weight: 400;\"> 2 rue Kellermann - BP 80157 59053 ROUBAIX CEDEX 1B 901 232 3487<\/span><\/p><p><b>Webmaster<\/b><span style=\"font-weight: 400;\"> Cl\u00e9mence Louasil, Dunamis Hospitality Group Communications Manager<\/span><\/p><p><b>Data Protection Officer<\/b><span style=\"font-weight: 400;\"> : <\/span><a href=\"mailto:direction@amoria-labaule.com\"><span style=\"font-weight: 400;\">direction@amoria-labaule.com<\/span><\/a><\/p>\t\t\t\t\t\t\t\t<\/div>\n\t\t\t\t<\/div>\n\t\t\t\t<div class=\"elementor-element elementor-element-6eb7054 elementor-widget elementor-widget-heading\" data-id=\"6eb7054\" data-element_type=\"widget\" data-e-type=\"widget\" data-widget_type=\"heading.default\">\n\t\t\t\t<div class=\"elementor-widget-container\">\n\t\t\t\t\t<h2 class=\"elementor-heading-title elementor-size-default\">3. Terms and conditions of use<\/h2>\t\t\t\t<\/div>\n\t\t\t\t<\/div>\n\t\t\t\t<div class=\"elementor-element elementor-element-35573ad elementor-widget__width-inherit elementor-widget elementor-widget-text-editor\" data-id=\"35573ad\" data-element_type=\"widget\" data-e-type=\"widget\" data-widget_type=\"text-editor.default\">\n\t\t\t\t<div class=\"elementor-widget-container\">\n\t\t\t\t\t\t\t\t\t<p><span style=\"font-weight: 400;\">The www.amoria-labaule.com website is normally accessible at all times. However, the publisher may decide to interrupt the site for technical maintenance, and will endeavor to inform users in advance.<\/span><\/p><p><span style=\"font-weight: 400;\">Use of the site implies full acceptance of the general conditions of use. These conditions may be modified at any time. The user is therefore invited to consult them regularly.<\/span><\/p>\t\t\t\t\t\t\t\t<\/div>\n\t\t\t\t<\/div>\n\t\t\t\t<div class=\"elementor-element elementor-element-fea6e54 elementor-widget elementor-widget-heading\" data-id=\"fea6e54\" data-element_type=\"widget\" data-e-type=\"widget\" data-widget_type=\"heading.default\">\n\t\t\t\t<div class=\"elementor-widget-container\">\n\t\t\t\t\t<h2 class=\"elementor-heading-title elementor-size-default\">4. Intellectual property<\/h2>\t\t\t\t<\/div>\n\t\t\t\t<\/div>\n\t\t\t\t<div class=\"elementor-element elementor-element-68d77bd elementor-widget__width-inherit elementor-widget elementor-widget-text-editor\" data-id=\"68d77bd\" data-element_type=\"widget\" data-e-type=\"widget\" data-widget_type=\"text-editor.default\">\n\t\t\t\t<div class=\"elementor-widget-container\">\n\t\t\t\t\t\t\t\t\t<p><span style=\"font-weight: 400;\">All elements accessible on the site are the exclusive property of AMORIA, unless otherwise stated, and are protected by current intellectual property laws. Any reproduction, even partial, without prior written authorization is strictly forbidden.<br>Tourism photos courtesy of Office du Tourisme de La Baule Gu\u00e9rande. \u00a9Alexandre Lamoureux<\/span><\/p>\t\t\t\t\t\t\t\t<\/div>\n\t\t\t\t<\/div>\n\t\t\t\t<div class=\"elementor-element elementor-element-ded8ffb elementor-widget elementor-widget-heading\" data-id=\"ded8ffb\" data-element_type=\"widget\" data-e-type=\"widget\" data-widget_type=\"heading.default\">\n\t\t\t\t<div class=\"elementor-widget-container\">\n\t\t\t\t\t<h2 class=\"elementor-heading-title elementor-size-default\">5. Limitation of liability<\/h2>\t\t\t\t<\/div>\n\t\t\t\t<\/div>\n\t\t\t\t<div class=\"elementor-element elementor-element-469d36b elementor-widget__width-inherit elementor-widget elementor-widget-text-editor\" data-id=\"469d36b\" data-element_type=\"widget\" data-e-type=\"widget\" data-widget_type=\"text-editor.default\">\n\t\t\t\t<div class=\"elementor-widget-container\">\n\t\t\t\t\t\t\t\t\t<p><span style=\"font-weight: 400;\">AMORIA may not be held liable for any material or immaterial damage arising from use of the site. The user undertakes to access the site with recent, virus-protected equipment and an up-to-date browser.<\/span><\/p><p><span style=\"font-weight: 400;\">Interactive areas (contact form, comments) are available. AMORIA reserves the right to remove, without notice, any content that contravenes French law.<\/span><\/p>\t\t\t\t\t\t\t\t<\/div>\n\t\t\t\t<\/div>\n\t\t\t\t<div class=\"elementor-element elementor-element-b4d9ae2 elementor-widget elementor-widget-heading\" data-id=\"b4d9ae2\" data-element_type=\"widget\" data-e-type=\"widget\" data-widget_type=\"heading.default\">\n\t\t\t\t<div class=\"elementor-widget-container\">\n\t\t\t\t\t<h2 class=\"elementor-heading-title elementor-size-default\">6. Cookie management<\/h2>\t\t\t\t<\/div>\n\t\t\t\t<\/div>\n\t\t\t\t<div class=\"elementor-element elementor-element-ee0ff61 elementor-widget__width-inherit elementor-widget elementor-widget-text-editor\" data-id=\"ee0ff61\" data-element_type=\"widget\" data-e-type=\"widget\" data-widget_type=\"text-editor.default\">\n\t\t\t\t<div class=\"elementor-widget-container\">\n\t\t\t\t\t\t\t\t\t<p><span style=\"font-weight: 400;\">The site may use cookies to improve navigation, measure the audience and propose adapted content. Users can configure their browser to refuse cookies. Refusal of certain cookies may impair access to certain site functions.<\/span><\/p><p><span style=\"font-weight: 400;\">A cookie management banner allows users to express or withdraw their consent at any time.<\/span><\/p>\t\t\t\t\t\t\t\t<\/div>\n\t\t\t\t<\/div>\n\t\t\t\t<div class=\"elementor-element elementor-element-ea25ba6 elementor-widget elementor-widget-heading\" data-id=\"ea25ba6\" data-element_type=\"widget\" data-e-type=\"widget\" data-widget_type=\"heading.default\">\n\t\t\t\t<div class=\"elementor-widget-container\">\n\t\t\t\t\t<h2 class=\"elementor-heading-title elementor-size-default\">7. Applicable law<\/h2>\t\t\t\t<\/div>\n\t\t\t\t<\/div>\n\t\t\t\t<div class=\"elementor-element elementor-element-9632c06 elementor-widget__width-inherit elementor-widget elementor-widget-text-editor\" data-id=\"9632c06\" data-element_type=\"widget\" data-e-type=\"widget\" data-widget_type=\"text-editor.default\">\n\t\t\t\t<div class=\"elementor-widget-container\">\n\t\t\t\t\t\t\t\t\t<p><span style=\"font-weight: 400;\">Any dispute relating to the use of the site is governed by French law. The courts of Rennes shall have exclusive jurisdiction, unless otherwise provided by law.<\/span><\/p>\t\t\t\t\t\t\t\t<\/div>\n\t\t\t\t<\/div>\n\t\t\t\t<div class=\"elementor-element elementor-element-fb269ce elementor-widget elementor-widget-heading\" data-id=\"fb269ce\" data-element_type=\"widget\" data-e-type=\"widget\" data-widget_type=\"heading.default\">\n\t\t\t\t<div class=\"elementor-widget-container\">\n\t\t\t\t\t<h2 class=\"elementor-heading-title elementor-size-default\">8. Mediation service<\/h2>\t\t\t\t<\/div>\n\t\t\t\t<\/div>\n\t\t\t\t<div class=\"elementor-element elementor-element-6a492c7 elementor-widget__width-inherit elementor-widget elementor-widget-text-editor\" data-id=\"6a492c7\" data-element_type=\"widget\" data-e-type=\"widget\" data-widget_type=\"text-editor.default\">\n\t\t\t\t<div class=\"elementor-widget-container\">\n\t\t\t\t\t\t\t\t\t<p><span style=\"font-weight: 400;\">In accordance with article L.612-1 of the French Consumer Code, in the event of a dispute that remains unresolved following a written complaint, the customer may have free recourse to the mediation service :<\/span><\/p><p><b>Tourism and Travel Ombudsman (MTV)<\/b><span style=\"font-weight: 400;\"><br \/><\/span><span style=\"font-weight: 400;\">Address: MTV - BP 80 303 - 75823 Paris Cedex 17<\/span><span style=\"font-weight: 400;\"><br \/><\/span><span style=\"font-weight: 400;\">Website: www.mtv.travel<\/span><\/p>\t\t\t\t\t\t\t\t<\/div>\n\t\t\t\t<\/div>\n\t\t\t\t\t<\/div>\n\t\t\t\t<\/div>\n\t\t\t\t<\/div>","protected":false},"excerpt":{"rendered":"<p>Mentions L\u00e9gales 1. D\u00e9finitions Client : toute personne physique majeure ou personne morale qui visite le site internet www.amoria-labaule.com. Prestations et Services : ensemble des produits et services mis \u00e0 disposition des clients par AMORIA via son site. Contenu : ensemble des \u00e9l\u00e9ments pr\u00e9sents sur le site, tels que textes, images, vid\u00e9os, graphismes, logo, architecture [&hellip;]<\/p>\n","protected":false},"author":3,"featured_media":0,"parent":0,"menu_order":0,"comment_status":"closed","ping_status":"closed","template":"elementor_header_footer","meta":{"_acf_changed":false,"footnotes":""},"class_list":["post-2087","page","type-page","status-publish","hentry"],"acf":[],"yoast_head":"<!-- This site is optimized with the Yoast SEO plugin v27.2 - https:\/\/yoast.com\/product\/yoast-seo-wordpress\/ -->\n<title>Mentions L\u00e9gales - H\u00f4tel Amoria La Baule<\/title>\n<meta name=\"description\" content=\"Mentions l\u00e9gales de l&#039;H\u00f4tel Amoria La Baule : pr\u00e9sentation du site, conditions d&#039;utilisation du site, propri\u00e9t\u00e9 intellectuelle...\" \/>\n<meta name=\"robots\" content=\"index, follow, max-snippet:-1, max-image-preview:large, max-video-preview:-1\" \/>\n<link rel=\"canonical\" href=\"https:\/\/amoria-labaule.com\/en\/mentions-legales\/\" \/>\n<meta property=\"og:locale\" content=\"en_US\" \/>\n<meta property=\"og:type\" content=\"article\" \/>\n<meta property=\"og:title\" content=\"Mentions L\u00e9gales - H\u00f4tel Amoria La Baule\" \/>\n<meta property=\"og:description\" content=\"Mentions l\u00e9gales de l&#039;H\u00f4tel Amoria La Baule : pr\u00e9sentation du site, conditions d&#039;utilisation du site, propri\u00e9t\u00e9 intellectuelle...\" \/>\n<meta property=\"og:url\" content=\"https:\/\/amoria-labaule.com\/en\/mentions-legales\/\" \/>\n<meta property=\"og:site_name\" content=\"H\u00f4tel Amoria La Baule\" \/>\n<meta property=\"article:modified_time\" content=\"2025-10-31T11:29:26+00:00\" \/>\n<meta name=\"twitter:card\" content=\"summary_large_image\" \/>\n<meta name=\"twitter:label1\" content=\"Est. reading time\" \/>\n\t<meta name=\"twitter:data1\" content=\"3 minutes\" \/>\n<script type=\"application\/ld+json\" class=\"yoast-schema-graph\">{\"@context\":\"https:\/\/schema.org\",\"@graph\":[{\"@type\":\"WebPage\",\"@id\":\"https:\/\/amoria-labaule.com\/mentions-legales\/\",\"url\":\"https:\/\/amoria-labaule.com\/mentions-legales\/\",\"name\":\"Mentions L\u00e9gales - H\u00f4tel Amoria La Baule\",\"isPartOf\":{\"@id\":\"https:\/\/amoria-labaule.com\/#website\"},\"datePublished\":\"2025-07-25T10:23:04+00:00\",\"dateModified\":\"2025-10-31T11:29:26+00:00\",\"description\":\"Mentions l\u00e9gales de l'H\u00f4tel Amoria La Baule : pr\u00e9sentation du site, conditions d'utilisation du site, propri\u00e9t\u00e9 intellectuelle...\",\"breadcrumb\":{\"@id\":\"https:\/\/amoria-labaule.com\/mentions-legales\/#breadcrumb\"},\"inLanguage\":\"en-US\",\"potentialAction\":[{\"@type\":\"ReadAction\",\"target\":[\"https:\/\/amoria-labaule.com\/mentions-legales\/\"]}]},{\"@type\":\"BreadcrumbList\",\"@id\":\"https:\/\/amoria-labaule.com\/mentions-legales\/#breadcrumb\",\"itemListElement\":[{\"@type\":\"ListItem\",\"position\":1,\"name\":\"Accueil\",\"item\":\"https:\/\/amoria-labaule.com\/\"},{\"@type\":\"ListItem\",\"position\":2,\"name\":\"Mentions l\u00e9gales\"}]},{\"@type\":\"WebSite\",\"@id\":\"https:\/\/amoria-labaule.com\/#website\",\"url\":\"https:\/\/amoria-labaule.com\/\",\"name\":\"H\u00f4tel Amoria La Baule\",\"description\":\"H\u00f4tel, rooftop et spa au coeur de La Baule\",\"publisher\":{\"@id\":\"https:\/\/amoria-labaule.com\/#organization\"},\"potentialAction\":[{\"@type\":\"SearchAction\",\"target\":{\"@type\":\"EntryPoint\",\"urlTemplate\":\"https:\/\/amoria-labaule.com\/?s={search_term_string}\"},\"query-input\":{\"@type\":\"PropertyValueSpecification\",\"valueRequired\":true,\"valueName\":\"search_term_string\"}}],\"inLanguage\":\"en-US\"},{\"@type\":\"Organization\",\"@id\":\"https:\/\/amoria-labaule.com\/#organization\",\"name\":\"H\u00f4tel Amoria La Baule\",\"url\":\"https:\/\/amoria-labaule.com\/\",\"logo\":{\"@type\":\"ImageObject\",\"inLanguage\":\"en-US\",\"@id\":\"https:\/\/amoria-labaule.com\/#\/schema\/logo\/image\/\",\"url\":\"https:\/\/amoria-labaule.com\/wp-content\/uploads\/2025\/04\/Site_logo-1.png\",\"contentUrl\":\"https:\/\/amoria-labaule.com\/wp-content\/uploads\/2025\/04\/Site_logo-1.png\",\"width\":371,\"height\":101,\"caption\":\"H\u00f4tel Amoria La Baule\"},\"image\":{\"@id\":\"https:\/\/amoria-labaule.com\/#\/schema\/logo\/image\/\"}}]}<\/script>\n<!-- \/ Yoast SEO plugin. -->","yoast_head_json":{"title":"Mentions L\u00e9gales - H\u00f4tel Amoria La Baule","description":"Mentions l\u00e9gales de l'H\u00f4tel Amoria La Baule : pr\u00e9sentation du site, conditions d'utilisation du site, propri\u00e9t\u00e9 intellectuelle...","robots":{"index":"index","follow":"follow","max-snippet":"max-snippet:-1","max-image-preview":"max-image-preview:large","max-video-preview":"max-video-preview:-1"},"canonical":"https:\/\/amoria-labaule.com\/en\/mentions-legales\/","og_locale":"en_US","og_type":"article","og_title":"Mentions L\u00e9gales - H\u00f4tel Amoria La Baule","og_description":"Mentions l\u00e9gales de l'H\u00f4tel Amoria La Baule : pr\u00e9sentation du site, conditions d'utilisation du site, propri\u00e9t\u00e9 intellectuelle...","og_url":"https:\/\/amoria-labaule.com\/en\/mentions-legales\/","og_site_name":"H\u00f4tel Amoria La Baule","article_modified_time":"2025-10-31T11:29:26+00:00","twitter_card":"summary_large_image","twitter_misc":{"Est. reading time":"3 minutes"},"schema":{"@context":"https:\/\/schema.org","@graph":[{"@type":"WebPage","@id":"https:\/\/amoria-labaule.com\/mentions-legales\/","url":"https:\/\/amoria-labaule.com\/mentions-legales\/","name":"Mentions L\u00e9gales - H\u00f4tel Amoria La Baule","isPartOf":{"@id":"https:\/\/amoria-labaule.com\/#website"},"datePublished":"2025-07-25T10:23:04+00:00","dateModified":"2025-10-31T11:29:26+00:00","description":"Mentions l\u00e9gales de l'H\u00f4tel Amoria La Baule : pr\u00e9sentation du site, conditions d'utilisation du site, propri\u00e9t\u00e9 intellectuelle...","breadcrumb":{"@id":"https:\/\/amoria-labaule.com\/mentions-legales\/#breadcrumb"},"inLanguage":"en-US","potentialAction":[{"@type":"ReadAction","target":["https:\/\/amoria-labaule.com\/mentions-legales\/"]}]},{"@type":"BreadcrumbList","@id":"https:\/\/amoria-labaule.com\/mentions-legales\/#breadcrumb","itemListElement":[{"@type":"ListItem","position":1,"name":"Accueil","item":"https:\/\/amoria-labaule.com\/"},{"@type":"ListItem","position":2,"name":"Mentions l\u00e9gales"}]},{"@type":"WebSite","@id":"https:\/\/amoria-labaule.com\/#website","url":"https:\/\/amoria-labaule.com\/","name":"Hotel Amoria La Baule","description":"Hotel, rooftop and spa in the heart of La Baule","publisher":{"@id":"https:\/\/amoria-labaule.com\/#organization"},"potentialAction":[{"@type":"SearchAction","target":{"@type":"EntryPoint","urlTemplate":"https:\/\/amoria-labaule.com\/?s={search_term_string}"},"query-input":{"@type":"PropertyValueSpecification","valueRequired":true,"valueName":"search_term_string"}}],"inLanguage":"en-US"},{"@type":"Organization","@id":"https:\/\/amoria-labaule.com\/#organization","name":"Hotel Amoria La Baule","url":"https:\/\/amoria-labaule.com\/","logo":{"@type":"ImageObject","inLanguage":"en-US","@id":"https:\/\/amoria-labaule.com\/#\/schema\/logo\/image\/","url":"https:\/\/amoria-labaule.com\/wp-content\/uploads\/2025\/04\/Site_logo-1.png","contentUrl":"https:\/\/amoria-labaule.com\/wp-content\/uploads\/2025\/04\/Site_logo-1.png","width":371,"height":101,"caption":"H\u00f4tel Amoria La Baule"},"image":{"@id":"https:\/\/amoria-labaule.com\/#\/schema\/logo\/image\/"}}]}},"_links":{"self":[{"href":"https:\/\/amoria-labaule.com\/en\/wp-json\/wp\/v2\/pages\/2087","targetHints":{"allow":["GET"]}}],"collection":[{"href":"https:\/\/amoria-labaule.com\/en\/wp-json\/wp\/v2\/pages"}],"about":[{"href":"https:\/\/amoria-labaule.com\/en\/wp-json\/wp\/v2\/types\/page"}],"author":[{"embeddable":true,"href":"https:\/\/amoria-labaule.com\/en\/wp-json\/wp\/v2\/users\/3"}],"replies":[{"embeddable":true,"href":"https:\/\/amoria-labaule.com\/en\/wp-json\/wp\/v2\/comments?post=2087"}],"version-history":[{"count":0,"href":"https:\/\/amoria-labaule.com\/en\/wp-json\/wp\/v2\/pages\/2087\/revisions"}],"wp:attachment":[{"href":"https:\/\/amoria-labaule.com\/en\/wp-json\/wp\/v2\/media?parent=2087"}],"curies":[{"name":"wp","href":"https:\/\/api.w.org\/{rel}","templated":true}]}}