{"id":2089,"date":"2025-07-25T12:23:47","date_gmt":"2025-07-25T10:23:47","guid":{"rendered":"https:\/\/amoria-labaule.com\/?page_id=2089"},"modified":"2025-10-31T12:23:13","modified_gmt":"2025-10-31T11:23:13","slug":"codes-gds","status":"publish","type":"page","link":"https:\/\/amoria-labaule.com\/en\/codes-gds\/","title":{"rendered":"GDS codes"},"content":{"rendered":"<div data-elementor-type=\"wp-page\" data-elementor-id=\"2089\" class=\"elementor elementor-2089\" data-elementor-post-type=\"page\">\n\t\t\t\t<div class=\"elementor-element elementor-element-8ac65d4 e-flex e-con-boxed e-con e-parent\" data-id=\"8ac65d4\" data-element_type=\"container\" data-e-type=\"container\" data-settings=\"{&quot;background_background&quot;:&quot;classic&quot;}\">\n\t\t\t\t\t<div class=\"e-con-inner\">\n\t\t\t\t<div class=\"elementor-element elementor-element-5a4a1f2 elementor-widget-mobile__width-initial elementor-widget-tablet__width-initial elementor-widget elementor-widget-heading\" data-id=\"5a4a1f2\" data-element_type=\"widget\" data-e-type=\"widget\" data-widget_type=\"heading.default\">\n\t\t\t\t<div class=\"elementor-widget-container\">\n\t\t\t\t\t<h1 class=\"elementor-heading-title elementor-size-default\">General terms and conditions <i>services<\/i><\/h1>\t\t\t\t<\/div>\n\t\t\t\t<\/div>\n\t\t\t\t\t<\/div>\n\t\t\t\t<\/div>\n\t\t<div class=\"elementor-element elementor-element-56727e9 e-flex e-con-boxed e-con e-child\" data-id=\"56727e9\" data-element_type=\"container\" data-e-type=\"container\">\n\t\t\t\t\t<div class=\"e-con-inner\">\n\t\t\t\t<div class=\"elementor-element elementor-element-0b934a4 elementor-widget__width-inherit elementor-widget elementor-widget-text-editor\" data-id=\"0b934a4\" data-element_type=\"widget\" data-e-type=\"widget\" data-widget_type=\"text-editor.default\">\n\t\t\t\t<div class=\"elementor-widget-container\">\n\t\t\t\t\t\t\t\t\t<p><span style=\"font-weight: 400;\">These General Terms and Conditions of Service (GTCS) govern the contractual relationship between AMORIA and any person (hereinafter referred to as \"the Customer\") booking hotel or wellness services via the www.amoria-labaule.com website.<\/span><\/p>\t\t\t\t\t\t\t\t<\/div>\n\t\t\t\t<\/div>\n\t\t\t\t<div class=\"elementor-element elementor-element-f0bfdfc elementor-widget elementor-widget-heading\" data-id=\"f0bfdfc\" data-element_type=\"widget\" data-e-type=\"widget\" data-widget_type=\"heading.default\">\n\t\t\t\t<div class=\"elementor-widget-container\">\n\t\t\t\t\t<h2 class=\"elementor-heading-title elementor-size-default\">1. Company information<\/h2>\t\t\t\t<\/div>\n\t\t\t\t<\/div>\n\t\t\t\t<div class=\"elementor-element elementor-element-43adb7b elementor-widget__width-inherit elementor-widget elementor-widget-text-editor\" data-id=\"43adb7b\" data-element_type=\"widget\" data-e-type=\"widget\" data-widget_type=\"text-editor.default\">\n\t\t\t\t<div class=\"elementor-widget-container\">\n\t\t\t\t\t\t\t\t\t<p><span style=\"font-weight: 400;\">Company: SAS AMORIA<\/span><span style=\"font-weight: 400;\"><br \/><\/span><span style=\"font-weight: 400;\">RCS Rennes 942 222 365<\/span><span style=\"font-weight: 400;\"><br \/><\/span><span style=\"font-weight: 400;\">Head office: Immeuble Emergence, 60 avenue du Canada, 35200 Rennes, France<\/span><span style=\"font-weight: 400;\"><br \/><\/span><span style=\"font-weight: 400;\">Contact email: direction@amoria-labaule.com<\/span><\/p>\t\t\t\t\t\t\t\t<\/div>\n\t\t\t\t<\/div>\n\t\t\t\t<div class=\"elementor-element elementor-element-556e5d0 elementor-widget elementor-widget-heading\" data-id=\"556e5d0\" data-element_type=\"widget\" data-e-type=\"widget\" data-widget_type=\"heading.default\">\n\t\t\t\t<div class=\"elementor-widget-container\">\n\t\t\t\t\t<h2 class=\"elementor-heading-title elementor-size-default\">2. Acceptance of the GTCS<\/h2>\t\t\t\t<\/div>\n\t\t\t\t<\/div>\n\t\t\t\t<div class=\"elementor-element elementor-element-c4398cc elementor-widget__width-inherit elementor-widget elementor-widget-text-editor\" data-id=\"c4398cc\" data-element_type=\"widget\" data-e-type=\"widget\" data-widget_type=\"text-editor.default\">\n\t\t\t\t<div class=\"elementor-widget-container\">\n\t\t\t\t\t\t\t\t\t<p><span style=\"font-weight: 400;\">Any order or reservation placed via the site implies full acceptance of the present conditions. They may be updated at any time. The terms and conditions applicable are those in force on the date of booking.<\/span><\/p>\t\t\t\t\t\t\t\t<\/div>\n\t\t\t\t<\/div>\n\t\t\t\t<div class=\"elementor-element elementor-element-718c340 elementor-widget elementor-widget-heading\" data-id=\"718c340\" data-element_type=\"widget\" data-e-type=\"widget\" data-widget_type=\"heading.default\">\n\t\t\t\t<div class=\"elementor-widget-container\">\n\t\t\t\t\t<h2 class=\"elementor-heading-title elementor-size-default\">3. Services offered<\/h2>\t\t\t\t<\/div>\n\t\t\t\t<\/div>\n\t\t\t\t<div class=\"elementor-element elementor-element-84a949a elementor-widget__width-inherit elementor-widget elementor-widget-text-editor\" data-id=\"84a949a\" data-element_type=\"widget\" data-e-type=\"widget\" data-widget_type=\"text-editor.default\">\n\t\t\t\t<div class=\"elementor-widget-container\">\n\t\t\t\t\t\t\t\t\t<p><span style=\"font-weight: 400;\">AMORIA offers :<\/span><\/p><ul><li style=\"font-weight: 400;\" aria-level=\"1\"><span style=\"font-weight: 400;\">Overnight hotel accommodation (with or without breakfast)<\/span><\/li><li style=\"font-weight: 400;\" aria-level=\"1\"><span style=\"font-weight: 400;\">Spa access (subject to availability)<\/span><\/li><li style=\"font-weight: 400;\" aria-level=\"1\"><span style=\"font-weight: 400;\">Treatments and massages in the wellness area<\/span><\/li><li style=\"font-weight: 400;\" aria-level=\"1\"><span style=\"font-weight: 400;\">Bar and restaurant areas<\/span><\/li><li style=\"font-weight: 400;\" aria-level=\"1\"><span style=\"font-weight: 400;\">Additional services (e.g. gift boxes, welcome options, etc.)<br \/><br \/><\/span><\/li><\/ul><p><span style=\"font-weight: 400;\">Full details of services and prices are available on the website or on request.<\/span><\/p>\t\t\t\t\t\t\t\t<\/div>\n\t\t\t\t<\/div>\n\t\t\t\t<div class=\"elementor-element elementor-element-73de941 elementor-widget elementor-widget-heading\" data-id=\"73de941\" data-element_type=\"widget\" data-e-type=\"widget\" data-widget_type=\"heading.default\">\n\t\t\t\t<div class=\"elementor-widget-container\">\n\t\t\t\t\t<h2 class=\"elementor-heading-title elementor-size-default\">4. Reservation<\/h2>\t\t\t\t<\/div>\n\t\t\t\t<\/div>\n\t\t\t\t<div class=\"elementor-element elementor-element-2af0eaa elementor-widget__width-inherit elementor-widget elementor-widget-text-editor\" data-id=\"2af0eaa\" data-element_type=\"widget\" data-e-type=\"widget\" data-widget_type=\"text-editor.default\">\n\t\t\t\t<div class=\"elementor-widget-container\">\n\t\t\t\t\t\t\t\t\t<p><span style=\"font-weight: 400;\">Reservations can be made :<\/span><\/p><ul><li style=\"font-weight: 400;\" aria-level=\"1\"><span style=\"font-weight: 400;\">Online via the site's secure module<\/span><\/li><li style=\"font-weight: 400;\" aria-level=\"1\"><span style=\"font-weight: 400;\">By telephone or e-mail<\/span><\/li><li style=\"font-weight: 400;\" aria-level=\"1\"><span style=\"font-weight: 400;\">Directly at the reception desk<\/span><\/li><\/ul><p><span style=\"font-weight: 400;\"><br \/>The customer receives a confirmation e-mail formalizing the service contract.<\/span><\/p>\t\t\t\t\t\t\t\t<\/div>\n\t\t\t\t<\/div>\n\t\t\t\t<div class=\"elementor-element elementor-element-b253da0 elementor-widget elementor-widget-heading\" data-id=\"b253da0\" data-element_type=\"widget\" data-e-type=\"widget\" data-widget_type=\"heading.default\">\n\t\t\t\t<div class=\"elementor-widget-container\">\n\t\t\t\t\t<h2 class=\"elementor-heading-title elementor-size-default\">5. Rates and payment<\/h2>\t\t\t\t<\/div>\n\t\t\t\t<\/div>\n\t\t\t\t<div class=\"elementor-element elementor-element-e92c7c7 elementor-widget__width-inherit elementor-widget elementor-widget-text-editor\" data-id=\"e92c7c7\" data-element_type=\"widget\" data-e-type=\"widget\" data-widget_type=\"text-editor.default\">\n\t\t\t\t<div class=\"elementor-widget-container\">\n\t\t\t\t\t\t\t\t\t<p><span style=\"font-weight: 400;\">Prices are shown in euros, inclusive of all taxes. They may be modified at any time, but the applicable rates are those confirmed at the time of booking.<\/span><\/p><p><span style=\"font-weight: 400;\">Accepted means of payment are :<\/span><\/p><ul><li style=\"font-weight: 400;\" aria-level=\"1\"><span style=\"font-weight: 400;\">Credit card (Visa, Mastercard, etc.)<\/span><\/li><li style=\"font-weight: 400;\" aria-level=\"1\"><span style=\"font-weight: 400;\">Cash (within legal limits)<\/span><\/li><li style=\"font-weight: 400;\" aria-level=\"1\"><span style=\"font-weight: 400;\">Gift vouchers (if accepted)<\/span><\/li><\/ul><p><span style=\"font-weight: 400;\"><br \/>A prepayment, deposit or bank imprint may be required depending on the service booked.<\/span><\/p>\t\t\t\t\t\t\t\t<\/div>\n\t\t\t\t<\/div>\n\t\t\t\t<div class=\"elementor-element elementor-element-837cfc4 elementor-widget elementor-widget-heading\" data-id=\"837cfc4\" data-element_type=\"widget\" data-e-type=\"widget\" data-widget_type=\"heading.default\">\n\t\t\t\t<div class=\"elementor-widget-container\">\n\t\t\t\t\t<h2 class=\"elementor-heading-title elementor-size-default\">6. Cancellation \/ change<\/h2>\t\t\t\t<\/div>\n\t\t\t\t<\/div>\n\t\t\t\t<div class=\"elementor-element elementor-element-f7b978f elementor-widget__width-inherit elementor-widget elementor-widget-text-editor\" data-id=\"f7b978f\" data-element_type=\"widget\" data-e-type=\"widget\" data-widget_type=\"text-editor.default\">\n\t\t\t\t<div class=\"elementor-widget-container\">\n\t\t\t\t\t\t\t\t\t<p><b>Flexible pricing<\/b><span style=\"font-weight: 400;\"> Cancellation free of charge up to 2 days before arrival. After this date, the first night is due.<\/span><\/p><p><b>Non-cancellable \/ non-refundable rates<\/b><span style=\"font-weight: 400;\"> no refunds possible, even in the event of no-shows.<\/span><\/p><p><span style=\"font-weight: 400;\">Any request for modification is subject to express acceptance by the establishment.<\/span><\/p>\t\t\t\t\t\t\t\t<\/div>\n\t\t\t\t<\/div>\n\t\t\t\t<div class=\"elementor-element elementor-element-3fef064 elementor-widget elementor-widget-heading\" data-id=\"3fef064\" data-element_type=\"widget\" data-e-type=\"widget\" data-widget_type=\"heading.default\">\n\t\t\t\t<div class=\"elementor-widget-container\">\n\t\t\t\t\t<h2 class=\"elementor-heading-title elementor-size-default\">7. Arrival \/ Departure<\/h2>\t\t\t\t<\/div>\n\t\t\t\t<\/div>\n\t\t\t\t<div class=\"elementor-element elementor-element-46109e5 elementor-widget__width-inherit elementor-widget elementor-widget-text-editor\" data-id=\"46109e5\" data-element_type=\"widget\" data-e-type=\"widget\" data-widget_type=\"text-editor.default\">\n\t\t\t\t<div class=\"elementor-widget-container\">\n\t\t\t\t\t\t\t\t\t<ul><li style=\"font-weight: 400;\" aria-level=\"1\"><span style=\"font-weight: 400;\">Arrival (check-in): from 4:00 p.m.<\/span><\/li><li style=\"font-weight: 400;\" aria-level=\"1\"><span style=\"font-weight: 400;\">Check-out: before 12:00 pm<\/span><\/li><\/ul><p><span style=\"font-weight: 400;\"><br \/>A surcharge may be applied if the schedule is exceeded.<\/span><\/p>\t\t\t\t\t\t\t\t<\/div>\n\t\t\t\t<\/div>\n\t\t\t\t<div class=\"elementor-element elementor-element-7a5e3ff elementor-widget elementor-widget-heading\" data-id=\"7a5e3ff\" data-element_type=\"widget\" data-e-type=\"widget\" data-widget_type=\"heading.default\">\n\t\t\t\t<div class=\"elementor-widget-container\">\n\t\t\t\t\t<h2 class=\"elementor-heading-title elementor-size-default\">8. Spa access and treatments<\/h2>\t\t\t\t<\/div>\n\t\t\t\t<\/div>\n\t\t\t\t<div class=\"elementor-element elementor-element-7eff36b elementor-widget__width-inherit elementor-widget elementor-widget-text-editor\" data-id=\"7eff36b\" data-element_type=\"widget\" data-e-type=\"widget\" data-widget_type=\"text-editor.default\">\n\t\t\t\t<div class=\"elementor-widget-container\">\n\t\t\t\t\t\t\t\t\t<p><span style=\"font-weight: 400;\">Access to the wellness area is reserved for customers of legal age or accompanied by an adult. Treatments must be booked in advance. Cancellations received less than 24 hours in advance may be billed.<\/span><\/p>\t\t\t\t\t\t\t\t<\/div>\n\t\t\t\t<\/div>\n\t\t\t\t<div class=\"elementor-element elementor-element-e038f23 elementor-widget elementor-widget-heading\" data-id=\"e038f23\" data-element_type=\"widget\" data-e-type=\"widget\" data-widget_type=\"heading.default\">\n\t\t\t\t<div class=\"elementor-widget-container\">\n\t\t\t\t\t<h2 class=\"elementor-heading-title elementor-size-default\">9. Residence rules<\/h2>\t\t\t\t<\/div>\n\t\t\t\t<\/div>\n\t\t\t\t<div class=\"elementor-element elementor-element-d8ce04e elementor-widget__width-inherit elementor-widget elementor-widget-text-editor\" data-id=\"d8ce04e\" data-element_type=\"widget\" data-e-type=\"widget\" data-widget_type=\"text-editor.default\">\n\t\t\t\t<div class=\"elementor-widget-container\">\n\t\t\t\t\t\t\t\t\t<p><span style=\"font-weight: 400;\">The customer agrees to abide by the hotel's house rules. In the event of non-compliance, the hotel reserves the right to interrupt the service without compensation.<\/span><\/p>\t\t\t\t\t\t\t\t<\/div>\n\t\t\t\t<\/div>\n\t\t\t\t<div class=\"elementor-element elementor-element-8328872 elementor-widget elementor-widget-heading\" data-id=\"8328872\" data-element_type=\"widget\" data-e-type=\"widget\" data-widget_type=\"heading.default\">\n\t\t\t\t<div class=\"elementor-widget-container\">\n\t\t\t\t\t<h2 class=\"elementor-heading-title elementor-size-default\">10. Liability<\/h2>\t\t\t\t<\/div>\n\t\t\t\t<\/div>\n\t\t\t\t<div class=\"elementor-element elementor-element-bd8060d elementor-widget__width-inherit elementor-widget elementor-widget-text-editor\" data-id=\"bd8060d\" data-element_type=\"widget\" data-e-type=\"widget\" data-widget_type=\"text-editor.default\">\n\t\t\t\t<div class=\"elementor-widget-container\">\n\t\t\t\t\t\t\t\t\t<p><span style=\"font-weight: 400;\">The hotel declines all responsibility for loss, theft or damage to items not deposited in the individual safe. The customer remains responsible for any damage caused on the premises.<\/span><\/p>\t\t\t\t\t\t\t\t<\/div>\n\t\t\t\t<\/div>\n\t\t\t\t<div class=\"elementor-element elementor-element-e57e304 elementor-widget elementor-widget-heading\" data-id=\"e57e304\" data-element_type=\"widget\" data-e-type=\"widget\" data-widget_type=\"heading.default\">\n\t\t\t\t<div class=\"elementor-widget-container\">\n\t\t\t\t\t<h2 class=\"elementor-heading-title elementor-size-default\">11. Processing of personal data<\/h2>\t\t\t\t<\/div>\n\t\t\t\t<\/div>\n\t\t\t\t<div class=\"elementor-element elementor-element-fcb2db4 elementor-widget__width-inherit elementor-widget elementor-widget-text-editor\" data-id=\"fcb2db4\" data-element_type=\"widget\" data-e-type=\"widget\" data-widget_type=\"text-editor.default\">\n\t\t\t\t<div class=\"elementor-widget-container\">\n\t\t\t\t\t\t\t\t\t<p><span style=\"font-weight: 400;\">Personal data collected at the time of booking is processed in compliance with the RGPD. Customers may exercise their rights (access, rectification, opposition) by contacting: contact@amoria-labaule.com.<\/span><\/p>\t\t\t\t\t\t\t\t<\/div>\n\t\t\t\t<\/div>\n\t\t\t\t<div class=\"elementor-element elementor-element-bc5a548 elementor-widget elementor-widget-heading\" data-id=\"bc5a548\" data-element_type=\"widget\" data-e-type=\"widget\" data-widget_type=\"heading.default\">\n\t\t\t\t<div class=\"elementor-widget-container\">\n\t\t\t\t\t<h2 class=\"elementor-heading-title elementor-size-default\">12. Claims and mediation<\/h2>\t\t\t\t<\/div>\n\t\t\t\t<\/div>\n\t\t\t\t<div class=\"elementor-element elementor-element-a5adb20 elementor-widget__width-inherit elementor-widget elementor-widget-text-editor\" data-id=\"a5adb20\" data-element_type=\"widget\" data-e-type=\"widget\" data-widget_type=\"text-editor.default\">\n\t\t\t\t<div class=\"elementor-widget-container\">\n\t\t\t\t\t\t\t\t\t<p><span style=\"font-weight: 400;\">Complaints can be sent by e-mail or post to the establishment's management. In the absence of a satisfactory response within 60 days, the customer may refer the matter to the mediator free of charge:<\/span><\/p><p><span style=\"font-weight: 400;\">Tourism and Travel Ombudsman (MTV)<\/span><span style=\"font-weight: 400;\"><br \/><\/span><span style=\"font-weight: 400;\">BP 80 303 - 75823 Paris Cedex 17 - France<\/span><span style=\"font-weight: 400;\"><br \/><\/span><a href=\"http:\/\/www.mtv.travel\"><span style=\"font-weight: 400;\">www.mtv.travel<\/span><\/a><\/p>\t\t\t\t\t\t\t\t<\/div>\n\t\t\t\t<\/div>\n\t\t\t\t<div class=\"elementor-element elementor-element-8beba9a elementor-widget elementor-widget-heading\" data-id=\"8beba9a\" data-element_type=\"widget\" data-e-type=\"widget\" data-widget_type=\"heading.default\">\n\t\t\t\t<div class=\"elementor-widget-container\">\n\t\t\t\t\t<h2 class=\"elementor-heading-title elementor-size-default\">13. Applicable law and jurisdiction\n<\/h2>\t\t\t\t<\/div>\n\t\t\t\t<\/div>\n\t\t\t\t<div class=\"elementor-element elementor-element-0e9a5ea elementor-widget__width-inherit elementor-widget elementor-widget-text-editor\" data-id=\"0e9a5ea\" data-element_type=\"widget\" data-e-type=\"widget\" data-widget_type=\"text-editor.default\">\n\t\t\t\t<div class=\"elementor-widget-container\">\n\t\t\t\t\t\t\t\t\t<p><span style=\"font-weight: 400;\">These GCS are governed by French law. In the event of a dispute, the competent courts of Rennes shall have sole jurisdiction, unless otherwise provided by law.<\/span><\/p>\t\t\t\t\t\t\t\t<\/div>\n\t\t\t\t<\/div>\n\t\t\t\t\t<\/div>\n\t\t\t\t<\/div>\n\t\t\t\t<\/div>","protected":false},"excerpt":{"rendered":"<p>Conditions g\u00e9n\u00e9rales de services Les pr\u00e9sentes Conditions G\u00e9n\u00e9rales de Services (CGS) r\u00e9gissent les relations contractuelles entre la soci\u00e9t\u00e9 AMORIA et toute personne (ci-apr\u00e8s \u00ab le Client \u00bb) effectuant une r\u00e9servation de prestations h\u00f4teli\u00e8res ou de bien-\u00eatre via le site www.amoria-labaule.com. 1. Informations sur la soci\u00e9t\u00e9 Soci\u00e9t\u00e9 : SAS AMORIARCS Rennes 942 222 365Si\u00e8ge social : [&hellip;]<\/p>\n","protected":false},"author":3,"featured_media":0,"parent":0,"menu_order":0,"comment_status":"closed","ping_status":"closed","template":"elementor_header_footer","meta":{"_acf_changed":false,"footnotes":""},"class_list":["post-2089","page","type-page","status-publish","hentry"],"acf":[],"yoast_head":"<!-- This site is optimized with the Yoast SEO plugin v27.2 - https:\/\/yoast.com\/product\/yoast-seo-wordpress\/ -->\n<title>Conditions G\u00e9n\u00e9rales de Service - Hotel Amoria La Baule<\/title>\n<meta name=\"description\" content=\"Les conditions G\u00e9n\u00e9rales de Services r\u00e9gissent les relations contractuelles entre AMORIA et toute personne effectuant une r\u00e9servation de prestations\" \/>\n<meta name=\"robots\" content=\"index, follow, max-snippet:-1, max-image-preview:large, max-video-preview:-1\" \/>\n<link rel=\"canonical\" href=\"https:\/\/amoria-labaule.com\/en\/codes-gds\/\" \/>\n<meta property=\"og:locale\" content=\"en_US\" \/>\n<meta property=\"og:type\" content=\"article\" \/>\n<meta property=\"og:title\" content=\"Conditions G\u00e9n\u00e9rales de Service - Hotel Amoria La Baule\" \/>\n<meta property=\"og:description\" content=\"Les conditions G\u00e9n\u00e9rales de Services r\u00e9gissent les relations contractuelles entre AMORIA et toute personne effectuant une r\u00e9servation de prestations\" \/>\n<meta property=\"og:url\" content=\"https:\/\/amoria-labaule.com\/en\/codes-gds\/\" \/>\n<meta property=\"og:site_name\" content=\"H\u00f4tel Amoria La Baule\" \/>\n<meta property=\"article:modified_time\" content=\"2025-10-31T11:23:13+00:00\" \/>\n<meta name=\"twitter:card\" content=\"summary_large_image\" \/>\n<meta name=\"twitter:label1\" content=\"Est. reading time\" \/>\n\t<meta name=\"twitter:data1\" content=\"3 minutes\" \/>\n<script type=\"application\/ld+json\" class=\"yoast-schema-graph\">{\"@context\":\"https:\/\/schema.org\",\"@graph\":[{\"@type\":\"WebPage\",\"@id\":\"https:\/\/amoria-labaule.com\/codes-gds\/\",\"url\":\"https:\/\/amoria-labaule.com\/codes-gds\/\",\"name\":\"Conditions G\u00e9n\u00e9rales de Service - Hotel Amoria La Baule\",\"isPartOf\":{\"@id\":\"https:\/\/amoria-labaule.com\/#website\"},\"datePublished\":\"2025-07-25T10:23:47+00:00\",\"dateModified\":\"2025-10-31T11:23:13+00:00\",\"description\":\"Les conditions G\u00e9n\u00e9rales de Services r\u00e9gissent les relations contractuelles entre AMORIA et toute personne effectuant une r\u00e9servation de prestations\",\"breadcrumb\":{\"@id\":\"https:\/\/amoria-labaule.com\/codes-gds\/#breadcrumb\"},\"inLanguage\":\"en-US\",\"potentialAction\":[{\"@type\":\"ReadAction\",\"target\":[\"https:\/\/amoria-labaule.com\/codes-gds\/\"]}]},{\"@type\":\"BreadcrumbList\",\"@id\":\"https:\/\/amoria-labaule.com\/codes-gds\/#breadcrumb\",\"itemListElement\":[{\"@type\":\"ListItem\",\"position\":1,\"name\":\"Accueil\",\"item\":\"https:\/\/amoria-labaule.com\/\"},{\"@type\":\"ListItem\",\"position\":2,\"name\":\"Codes GDS\"}]},{\"@type\":\"WebSite\",\"@id\":\"https:\/\/amoria-labaule.com\/#website\",\"url\":\"https:\/\/amoria-labaule.com\/\",\"name\":\"H\u00f4tel Amoria La Baule\",\"description\":\"H\u00f4tel, rooftop et spa au coeur de La Baule\",\"publisher\":{\"@id\":\"https:\/\/amoria-labaule.com\/#organization\"},\"potentialAction\":[{\"@type\":\"SearchAction\",\"target\":{\"@type\":\"EntryPoint\",\"urlTemplate\":\"https:\/\/amoria-labaule.com\/?s={search_term_string}\"},\"query-input\":{\"@type\":\"PropertyValueSpecification\",\"valueRequired\":true,\"valueName\":\"search_term_string\"}}],\"inLanguage\":\"en-US\"},{\"@type\":\"Organization\",\"@id\":\"https:\/\/amoria-labaule.com\/#organization\",\"name\":\"H\u00f4tel Amoria La Baule\",\"url\":\"https:\/\/amoria-labaule.com\/\",\"logo\":{\"@type\":\"ImageObject\",\"inLanguage\":\"en-US\",\"@id\":\"https:\/\/amoria-labaule.com\/#\/schema\/logo\/image\/\",\"url\":\"https:\/\/amoria-labaule.com\/wp-content\/uploads\/2025\/04\/Site_logo-1.png\",\"contentUrl\":\"https:\/\/amoria-labaule.com\/wp-content\/uploads\/2025\/04\/Site_logo-1.png\",\"width\":371,\"height\":101,\"caption\":\"H\u00f4tel Amoria La Baule\"},\"image\":{\"@id\":\"https:\/\/amoria-labaule.com\/#\/schema\/logo\/image\/\"}}]}<\/script>\n<!-- \/ Yoast SEO plugin. -->","yoast_head_json":{"title":"Conditions G\u00e9n\u00e9rales de Service - Hotel Amoria La Baule","description":"Les conditions G\u00e9n\u00e9rales de Services r\u00e9gissent les relations contractuelles entre AMORIA et toute personne effectuant une r\u00e9servation de prestations","robots":{"index":"index","follow":"follow","max-snippet":"max-snippet:-1","max-image-preview":"max-image-preview:large","max-video-preview":"max-video-preview:-1"},"canonical":"https:\/\/amoria-labaule.com\/en\/codes-gds\/","og_locale":"en_US","og_type":"article","og_title":"Conditions G\u00e9n\u00e9rales de Service - Hotel Amoria La Baule","og_description":"Les conditions G\u00e9n\u00e9rales de Services r\u00e9gissent les relations contractuelles entre AMORIA et toute personne effectuant une r\u00e9servation de prestations","og_url":"https:\/\/amoria-labaule.com\/en\/codes-gds\/","og_site_name":"H\u00f4tel Amoria La Baule","article_modified_time":"2025-10-31T11:23:13+00:00","twitter_card":"summary_large_image","twitter_misc":{"Est. reading time":"3 minutes"},"schema":{"@context":"https:\/\/schema.org","@graph":[{"@type":"WebPage","@id":"https:\/\/amoria-labaule.com\/codes-gds\/","url":"https:\/\/amoria-labaule.com\/codes-gds\/","name":"Conditions G\u00e9n\u00e9rales de Service - Hotel Amoria La Baule","isPartOf":{"@id":"https:\/\/amoria-labaule.com\/#website"},"datePublished":"2025-07-25T10:23:47+00:00","dateModified":"2025-10-31T11:23:13+00:00","description":"Les conditions G\u00e9n\u00e9rales de Services r\u00e9gissent les relations contractuelles entre AMORIA et toute personne effectuant une r\u00e9servation de prestations","breadcrumb":{"@id":"https:\/\/amoria-labaule.com\/codes-gds\/#breadcrumb"},"inLanguage":"en-US","potentialAction":[{"@type":"ReadAction","target":["https:\/\/amoria-labaule.com\/codes-gds\/"]}]},{"@type":"BreadcrumbList","@id":"https:\/\/amoria-labaule.com\/codes-gds\/#breadcrumb","itemListElement":[{"@type":"ListItem","position":1,"name":"Accueil","item":"https:\/\/amoria-labaule.com\/"},{"@type":"ListItem","position":2,"name":"Codes GDS"}]},{"@type":"WebSite","@id":"https:\/\/amoria-labaule.com\/#website","url":"https:\/\/amoria-labaule.com\/","name":"Hotel Amoria La Baule","description":"Hotel, rooftop and spa in the heart of La Baule","publisher":{"@id":"https:\/\/amoria-labaule.com\/#organization"},"potentialAction":[{"@type":"SearchAction","target":{"@type":"EntryPoint","urlTemplate":"https:\/\/amoria-labaule.com\/?s={search_term_string}"},"query-input":{"@type":"PropertyValueSpecification","valueRequired":true,"valueName":"search_term_string"}}],"inLanguage":"en-US"},{"@type":"Organization","@id":"https:\/\/amoria-labaule.com\/#organization","name":"Hotel Amoria La Baule","url":"https:\/\/amoria-labaule.com\/","logo":{"@type":"ImageObject","inLanguage":"en-US","@id":"https:\/\/amoria-labaule.com\/#\/schema\/logo\/image\/","url":"https:\/\/amoria-labaule.com\/wp-content\/uploads\/2025\/04\/Site_logo-1.png","contentUrl":"https:\/\/amoria-labaule.com\/wp-content\/uploads\/2025\/04\/Site_logo-1.png","width":371,"height":101,"caption":"H\u00f4tel Amoria La Baule"},"image":{"@id":"https:\/\/amoria-labaule.com\/#\/schema\/logo\/image\/"}}]}},"_links":{"self":[{"href":"https:\/\/amoria-labaule.com\/en\/wp-json\/wp\/v2\/pages\/2089","targetHints":{"allow":["GET"]}}],"collection":[{"href":"https:\/\/amoria-labaule.com\/en\/wp-json\/wp\/v2\/pages"}],"about":[{"href":"https:\/\/amoria-labaule.com\/en\/wp-json\/wp\/v2\/types\/page"}],"author":[{"embeddable":true,"href":"https:\/\/amoria-labaule.com\/en\/wp-json\/wp\/v2\/users\/3"}],"replies":[{"embeddable":true,"href":"https:\/\/amoria-labaule.com\/en\/wp-json\/wp\/v2\/comments?post=2089"}],"version-history":[{"count":0,"href":"https:\/\/amoria-labaule.com\/en\/wp-json\/wp\/v2\/pages\/2089\/revisions"}],"wp:attachment":[{"href":"https:\/\/amoria-labaule.com\/en\/wp-json\/wp\/v2\/media?parent=2089"}],"curies":[{"name":"wp","href":"https:\/\/api.w.org\/{rel}","templated":true}]}}