{"id":2091,"date":"2025-07-25T12:24:13","date_gmt":"2025-07-25T10:24:13","guid":{"rendered":"https:\/\/amoria-labaule.com\/?page_id=2091"},"modified":"2025-10-31T12:24:36","modified_gmt":"2025-10-31T11:24:36","slug":"cookies","status":"publish","type":"page","link":"https:\/\/amoria-labaule.com\/en\/cookies\/","title":{"rendered":"Cookies"},"content":{"rendered":"<div data-elementor-type=\"wp-page\" data-elementor-id=\"2091\" class=\"elementor elementor-2091\" data-elementor-post-type=\"page\">\n\t\t\t\t<div class=\"elementor-element elementor-element-d3735b1 e-flex e-con-boxed e-con e-parent\" data-id=\"d3735b1\" data-element_type=\"container\" data-e-type=\"container\" data-settings=\"{&quot;background_background&quot;:&quot;classic&quot;}\">\n\t\t\t\t\t<div class=\"e-con-inner\">\n\t\t\t\t<div class=\"elementor-element elementor-element-2c7e8c5 elementor-widget-mobile__width-initial elementor-widget-tablet__width-initial elementor-widget elementor-widget-heading\" data-id=\"2c7e8c5\" data-element_type=\"widget\" data-e-type=\"widget\" data-widget_type=\"heading.default\">\n\t\t\t\t<div class=\"elementor-widget-container\">\n\t\t\t\t\t<h1 class=\"elementor-heading-title elementor-size-default\">Personal data and cookies policy<\/h1>\t\t\t\t<\/div>\n\t\t\t\t<\/div>\n\t\t\t\t\t<\/div>\n\t\t\t\t<\/div>\n\t\t<div class=\"elementor-element elementor-element-7f8b273 e-flex e-con-boxed e-con e-child\" data-id=\"7f8b273\" data-element_type=\"container\" data-e-type=\"container\">\n\t\t\t\t\t<div class=\"e-con-inner\">\n\t\t\t\t<div class=\"elementor-element elementor-element-f665f68 elementor-widget elementor-widget-heading\" data-id=\"f665f68\" data-element_type=\"widget\" data-e-type=\"widget\" data-widget_type=\"heading.default\">\n\t\t\t\t<div class=\"elementor-widget-container\">\n\t\t\t\t\t<h2 class=\"elementor-heading-title elementor-size-default\">1. Personal data management<\/h2>\t\t\t\t<\/div>\n\t\t\t\t<\/div>\n\t\t\t\t<div class=\"elementor-element elementor-element-7f24c35 elementor-widget__width-inherit elementor-widget elementor-widget-text-editor\" data-id=\"7f24c35\" data-element_type=\"widget\" data-e-type=\"widget\" data-widget_type=\"text-editor.default\">\n\t\t\t\t<div class=\"elementor-widget-container\">\n\t\t\t\t\t\t\t\t\t<p><span style=\"font-weight: 400;\">The Customer is hereby informed that the <\/span><a href=\"https:\/\/amoria-labaule.com\/en\/\"><span style=\"font-weight: 400;\">www.amoria-labaule.com<\/span><\/a><span style=\"font-weight: 400;\"> complies with legal data protection obligations, in accordance with :<\/span><\/p><ul><li style=\"font-weight: 400;\" aria-level=\"1\"><span style=\"font-weight: 400;\">the French Data Protection Act of January 6, 1978, as amended,<\/span><\/li><li style=\"font-weight: 400;\" aria-level=\"1\"><span style=\"font-weight: 400;\">the French law on confidence in the digital economy of June 21, 2004,<\/span><\/li><li style=\"font-weight: 400;\" aria-level=\"1\">and <b>General Data Protection Regulation (GDPR - EU 2016\/679)<\/b><span>.<\/span><\/li><\/ul>\t\t\t\t\t\t\t\t<\/div>\n\t\t\t\t<\/div>\n\t\t\t\t<div class=\"elementor-element elementor-element-ea909b1 elementor-widget elementor-widget-heading\" data-id=\"ea909b1\" data-element_type=\"widget\" data-e-type=\"widget\" data-widget_type=\"heading.default\">\n\t\t\t\t<div class=\"elementor-widget-container\">\n\t\t\t\t\t<h3 class=\"elementor-heading-title elementor-size-default\">1.1 Data controller<\/h3>\t\t\t\t<\/div>\n\t\t\t\t<\/div>\n\t\t\t\t<div class=\"elementor-element elementor-element-b03bb0f elementor-widget__width-inherit elementor-widget elementor-widget-text-editor\" data-id=\"b03bb0f\" data-element_type=\"widget\" data-e-type=\"widget\" data-widget_type=\"text-editor.default\">\n\t\t\t\t<div class=\"elementor-widget-container\">\n\t\t\t\t\t\t\t\t\t<p><span style=\"font-weight: 400;\">The data controller is :<\/span><\/p><p><b>SAS AMORIA<\/b><span style=\"font-weight: 400;\">represented by <\/span><b>Mr Antoine Boulle<\/b><span style=\"font-weight: 400;\">,<\/span><span style=\"font-weight: 400;\"><br \/><\/span><span style=\"font-weight: 400;\">Immeuble Emergence, 60 avenue du Canada, 35200 Rennes, France<\/span><span style=\"font-weight: 400;\"><br \/><\/span><span style=\"font-weight: 400;\">contact@amoria-labaule.com<\/span><\/p><p><span style=\"font-weight: 400;\">AMORIA defines the purposes of data processing, ensures compliance with the legal framework in force, informs its customers about the use of their data, and takes all necessary measures to guarantee their security and confidentiality.<\/span><\/p>\t\t\t\t\t\t\t\t<\/div>\n\t\t\t\t<\/div>\n\t\t\t\t<div class=\"elementor-element elementor-element-f7f24b9 elementor-widget elementor-widget-heading\" data-id=\"f7f24b9\" data-element_type=\"widget\" data-e-type=\"widget\" data-widget_type=\"heading.default\">\n\t\t\t\t<div class=\"elementor-widget-container\">\n\t\t\t\t\t<h3 class=\"elementor-heading-title elementor-size-default\">1.2 Purpose of processing\n<\/h3>\t\t\t\t<\/div>\n\t\t\t\t<\/div>\n\t\t\t\t<div class=\"elementor-element elementor-element-e1627f7 elementor-widget__width-inherit elementor-widget elementor-widget-text-editor\" data-id=\"e1627f7\" data-element_type=\"widget\" data-e-type=\"widget\" data-widget_type=\"text-editor.default\">\n\t\t\t\t<div class=\"elementor-widget-container\">\n\t\t\t\t\t\t\t\t\t<p><span style=\"font-weight: 400;\">Personal data collected via the site <\/span><a href=\"https:\/\/amoria-labaule.com\/en\/\"><span style=\"font-weight: 400;\">www.amoria-labaule.com<\/span><\/a><span style=\"font-weight: 400;\"> are used solely for legitimate, specific and explicit purposes:<\/span><\/p><ul><li style=\"font-weight: 400;\" aria-level=\"1\"><span style=\"font-weight: 400;\">Management of reservations, payments and customer relations<\/span><\/li><li style=\"font-weight: 400;\" aria-level=\"1\"><span style=\"font-weight: 400;\">Response to contact requests<\/span><\/li><li style=\"font-weight: 400;\" aria-level=\"1\"><span style=\"font-weight: 400;\">Sending of commercial offers and news (emails, SMS), with prior consent<\/span><\/li><li style=\"font-weight: 400;\" aria-level=\"1\"><span style=\"font-weight: 400;\">Statistical monitoring and improvement of site navigation<\/span><\/li><li style=\"font-weight: 400;\" aria-level=\"1\"><span style=\"font-weight: 400;\">Combating fraud and misuse<\/span><\/li><\/ul><p><span style=\"font-weight: 400;\">Data is never sold to third parties and is only used for statistical purposes after anonymization.<\/span><\/p>\t\t\t\t\t\t\t\t<\/div>\n\t\t\t\t<\/div>\n\t\t\t\t<div class=\"elementor-element elementor-element-18b3f76 elementor-widget elementor-widget-heading\" data-id=\"18b3f76\" data-element_type=\"widget\" data-e-type=\"widget\" data-widget_type=\"heading.default\">\n\t\t\t\t<div class=\"elementor-widget-container\">\n\t\t\t\t\t<h3 class=\"elementor-heading-title elementor-size-default\">1.3 User rights<\/h3>\t\t\t\t<\/div>\n\t\t\t\t<\/div>\n\t\t\t\t<div class=\"elementor-element elementor-element-1efb2dd elementor-widget__width-inherit elementor-widget elementor-widget-text-editor\" data-id=\"1efb2dd\" data-element_type=\"widget\" data-e-type=\"widget\" data-widget_type=\"text-editor.default\">\n\t\t\t\t<div class=\"elementor-widget-container\">\n\t\t\t\t\t\t\t\t\t<p><span style=\"font-weight: 400;\">In accordance with the RGPD, users have the following rights:<\/span><\/p><ul><li style=\"font-weight: 400;\" aria-level=\"1\"><span style=\"font-weight: 400;\">Right of access, rectification, deletion of their personal data (Articles 15 to 17 of the RGPD).<\/span><\/li><li style=\"font-weight: 400;\" aria-level=\"1\"><span style=\"font-weight: 400;\">Right to withdraw consent at any time<\/span><\/li><li style=\"font-weight: 400;\" aria-level=\"1\"><span style=\"font-weight: 400;\">Right to object to or restrict processing (articles 18 and 21)<\/span><\/li><li style=\"font-weight: 400;\" aria-level=\"1\"><span style=\"font-weight: 400;\">Right to data portability (article 20)<\/span><\/li><li style=\"font-weight: 400;\" aria-level=\"1\"><span style=\"font-weight: 400;\">The right to define directives concerning the fate of their data after their death<\/span><\/li><\/ul><p><span style=\"font-weight: 400;\">To exercise these rights, users may write to the following address, enclosing a copy of their identity document:<\/span><\/p><p><b>SAS AMORIA - 60 avenue du Canada, 35200 Rennes, France<\/b><span style=\"font-weight: 400;\"><br \/><\/span><span style=\"font-weight: 400;\">or by email : <\/span><b>direction@amoria-labaule.com<\/b><\/p><p><span style=\"font-weight: 400;\">The user may also lodge a complaint with the competent supervisory authority, the Commission Nationale de l'Informatique et des Libert\u00e9s (CNIL): <\/span><a href=\"http:\/\/www.cnil.fr\"><span style=\"font-weight: 400;\">www.cnil.fr<\/span><\/a><\/p>\t\t\t\t\t\t\t\t<\/div>\n\t\t\t\t<\/div>\n\t\t\t\t<div class=\"elementor-element elementor-element-e3ffab2 elementor-widget elementor-widget-heading\" data-id=\"e3ffab2\" data-element_type=\"widget\" data-e-type=\"widget\" data-widget_type=\"heading.default\">\n\t\t\t\t<div class=\"elementor-widget-container\">\n\t\t\t\t\t<h3 class=\"elementor-heading-title elementor-size-default\">1.4 Data storage and security<\/h3>\t\t\t\t<\/div>\n\t\t\t\t<\/div>\n\t\t\t\t<div class=\"elementor-element elementor-element-414ebe1 elementor-widget__width-inherit elementor-widget elementor-widget-text-editor\" data-id=\"414ebe1\" data-element_type=\"widget\" data-e-type=\"widget\" data-widget_type=\"text-editor.default\">\n\t\t\t\t<div class=\"elementor-widget-container\">\n\t\t\t\t\t\t\t\t\t<p><span style=\"font-weight: 400;\">Personal data is kept for a period strictly necessary for the purposes for which it was collected, in accordance with legal and regulatory obligations.<\/span><\/p><p><span style=\"font-weight: 400;\">AMORIA implements appropriate technical and organizational measures to protect data against unauthorized access, loss, alteration or disclosure. This includes secure hosting, data encryption, firewall systems and strict access management.<\/span><\/p>\t\t\t\t\t\t\t\t<\/div>\n\t\t\t\t<\/div>\n\t\t\t\t<div class=\"elementor-element elementor-element-37f2ba1 elementor-widget elementor-widget-heading\" data-id=\"37f2ba1\" data-element_type=\"widget\" data-e-type=\"widget\" data-widget_type=\"heading.default\">\n\t\t\t\t<div class=\"elementor-widget-container\">\n\t\t\t\t\t<h3 class=\"elementor-heading-title elementor-size-default\">1.5 Subcontracting and transfer<\/h3>\t\t\t\t<\/div>\n\t\t\t\t<\/div>\n\t\t\t\t<div class=\"elementor-element elementor-element-c9bdb45 elementor-widget__width-inherit elementor-widget elementor-widget-text-editor\" data-id=\"c9bdb45\" data-element_type=\"widget\" data-e-type=\"widget\" data-widget_type=\"text-editor.default\">\n\t\t\t\t<div class=\"elementor-widget-container\">\n\t\t\t\t\t\t\t\t\t<p><span style=\"font-weight: 400;\">AMORIA does not transfer personal data outside the European Union without adequate safeguards within the meaning of the RGPD. Technical service providers (e.g. hosting, booking solution) may process certain data on behalf of AMORIA, in strict compliance with the applicable legal and contractual framework.<\/span><\/p><p><span style=\"font-weight: 400;\">No data is published, exchanged or passed on to third parties without your express consent, except in the event of sale of the company or transfer of business, in which case the same data protection obligations will be passed on to the transferee.<\/span><\/p>\t\t\t\t\t\t\t\t<\/div>\n\t\t\t\t<\/div>\n\t\t\t\t<div class=\"elementor-element elementor-element-c5c5090 elementor-widget elementor-widget-heading\" data-id=\"c5c5090\" data-element_type=\"widget\" data-e-type=\"widget\" data-widget_type=\"heading.default\">\n\t\t\t\t<div class=\"elementor-widget-container\">\n\t\t\t\t\t<h3 class=\"elementor-heading-title elementor-size-default\">1.6 Incident notification<\/h3>\t\t\t\t<\/div>\n\t\t\t\t<\/div>\n\t\t\t\t<div class=\"elementor-element elementor-element-a264cad elementor-widget__width-inherit elementor-widget elementor-widget-text-editor\" data-id=\"a264cad\" data-element_type=\"widget\" data-e-type=\"widget\" data-widget_type=\"text-editor.default\">\n\t\t\t\t<div class=\"elementor-widget-container\">\n\t\t\t\t\t\t\t\t\t<p><span style=\"font-weight: 400;\">In the event of a personal data breach, AMORIA undertakes to notify the incident as soon as possible to the CNIL, as well as to the users concerned where required, in compliance with Articles 33 and 34 of the RGPD.<\/span><\/p>\t\t\t\t\t\t\t\t<\/div>\n\t\t\t\t<\/div>\n\t\t\t\t\t<\/div>\n\t\t\t\t<\/div>\n\t\t\t\t<\/div>","protected":false},"excerpt":{"rendered":"<p>Politique relative aux donn\u00e9es personnelles et aux cookies 1. Gestion des donn\u00e9es personnelles Le Client est inform\u00e9 que le site www.amoria-labaule.com respecte les obligations l\u00e9gales en mati\u00e8re de protection des donn\u00e9es, conform\u00e9ment \u00e0 : la loi du 6 janvier 1978 modifi\u00e9e (dite \u00ab\u00a0Informatique et Libert\u00e9s\u00a0\u00bb), la loi pour la confiance dans l\u2019\u00e9conomie num\u00e9rique du 21 [&hellip;]<\/p>\n","protected":false},"author":3,"featured_media":0,"parent":0,"menu_order":0,"comment_status":"closed","ping_status":"closed","template":"elementor_header_footer","meta":{"_acf_changed":false,"footnotes":""},"class_list":["post-2091","page","type-page","status-publish","hentry"],"acf":[],"yoast_head":"<!-- This site is optimized with the Yoast SEO plugin v27.2 - https:\/\/yoast.com\/product\/yoast-seo-wordpress\/ -->\n<title>Cookies - H\u00f4tel Amoria La Baule<\/title>\n<meta name=\"description\" content=\"Politique de cookie du site amoria-labaule.com, site web de l&#039;H\u00f4tel Amoria situ\u00e9 \u00e0 La Baule du groupe hotellier Dunamis Hospitality\" \/>\n<meta name=\"robots\" content=\"index, follow, max-snippet:-1, max-image-preview:large, max-video-preview:-1\" \/>\n<link rel=\"canonical\" href=\"https:\/\/amoria-labaule.com\/en\/cookies\/\" \/>\n<meta property=\"og:locale\" content=\"en_US\" \/>\n<meta property=\"og:type\" content=\"article\" \/>\n<meta property=\"og:title\" content=\"Cookies - H\u00f4tel Amoria La Baule\" \/>\n<meta property=\"og:description\" content=\"Politique de cookie du site amoria-labaule.com, site web de l&#039;H\u00f4tel Amoria situ\u00e9 \u00e0 La Baule du groupe hotellier Dunamis Hospitality\" \/>\n<meta property=\"og:url\" content=\"https:\/\/amoria-labaule.com\/en\/cookies\/\" \/>\n<meta property=\"og:site_name\" content=\"H\u00f4tel Amoria La Baule\" \/>\n<meta property=\"article:modified_time\" content=\"2025-10-31T11:24:36+00:00\" \/>\n<meta name=\"twitter:card\" content=\"summary_large_image\" \/>\n<meta name=\"twitter:label1\" content=\"Est. reading time\" \/>\n\t<meta name=\"twitter:data1\" content=\"3 minutes\" \/>\n<script type=\"application\/ld+json\" class=\"yoast-schema-graph\">{\"@context\":\"https:\/\/schema.org\",\"@graph\":[{\"@type\":\"WebPage\",\"@id\":\"https:\/\/amoria-labaule.com\/cookies\/\",\"url\":\"https:\/\/amoria-labaule.com\/cookies\/\",\"name\":\"Cookies - H\u00f4tel Amoria La Baule\",\"isPartOf\":{\"@id\":\"https:\/\/amoria-labaule.com\/#website\"},\"datePublished\":\"2025-07-25T10:24:13+00:00\",\"dateModified\":\"2025-10-31T11:24:36+00:00\",\"description\":\"Politique de cookie du site amoria-labaule.com, site web de l'H\u00f4tel Amoria situ\u00e9 \u00e0 La Baule du groupe hotellier Dunamis Hospitality\",\"breadcrumb\":{\"@id\":\"https:\/\/amoria-labaule.com\/cookies\/#breadcrumb\"},\"inLanguage\":\"en-US\",\"potentialAction\":[{\"@type\":\"ReadAction\",\"target\":[\"https:\/\/amoria-labaule.com\/cookies\/\"]}]},{\"@type\":\"BreadcrumbList\",\"@id\":\"https:\/\/amoria-labaule.com\/cookies\/#breadcrumb\",\"itemListElement\":[{\"@type\":\"ListItem\",\"position\":1,\"name\":\"Accueil\",\"item\":\"https:\/\/amoria-labaule.com\/\"},{\"@type\":\"ListItem\",\"position\":2,\"name\":\"Cookies\"}]},{\"@type\":\"WebSite\",\"@id\":\"https:\/\/amoria-labaule.com\/#website\",\"url\":\"https:\/\/amoria-labaule.com\/\",\"name\":\"H\u00f4tel Amoria La Baule\",\"description\":\"H\u00f4tel, rooftop et spa au coeur de La Baule\",\"publisher\":{\"@id\":\"https:\/\/amoria-labaule.com\/#organization\"},\"potentialAction\":[{\"@type\":\"SearchAction\",\"target\":{\"@type\":\"EntryPoint\",\"urlTemplate\":\"https:\/\/amoria-labaule.com\/?s={search_term_string}\"},\"query-input\":{\"@type\":\"PropertyValueSpecification\",\"valueRequired\":true,\"valueName\":\"search_term_string\"}}],\"inLanguage\":\"en-US\"},{\"@type\":\"Organization\",\"@id\":\"https:\/\/amoria-labaule.com\/#organization\",\"name\":\"H\u00f4tel Amoria La Baule\",\"url\":\"https:\/\/amoria-labaule.com\/\",\"logo\":{\"@type\":\"ImageObject\",\"inLanguage\":\"en-US\",\"@id\":\"https:\/\/amoria-labaule.com\/#\/schema\/logo\/image\/\",\"url\":\"https:\/\/amoria-labaule.com\/wp-content\/uploads\/2025\/04\/Site_logo-1.png\",\"contentUrl\":\"https:\/\/amoria-labaule.com\/wp-content\/uploads\/2025\/04\/Site_logo-1.png\",\"width\":371,\"height\":101,\"caption\":\"H\u00f4tel Amoria La Baule\"},\"image\":{\"@id\":\"https:\/\/amoria-labaule.com\/#\/schema\/logo\/image\/\"}}]}<\/script>\n<!-- \/ Yoast SEO plugin. -->","yoast_head_json":{"title":"Cookies - H\u00f4tel Amoria La Baule","description":"Politique de cookie du site amoria-labaule.com, site web de l'H\u00f4tel Amoria situ\u00e9 \u00e0 La Baule du groupe hotellier Dunamis Hospitality","robots":{"index":"index","follow":"follow","max-snippet":"max-snippet:-1","max-image-preview":"max-image-preview:large","max-video-preview":"max-video-preview:-1"},"canonical":"https:\/\/amoria-labaule.com\/en\/cookies\/","og_locale":"en_US","og_type":"article","og_title":"Cookies - H\u00f4tel Amoria La Baule","og_description":"Politique de cookie du site amoria-labaule.com, site web de l'H\u00f4tel Amoria situ\u00e9 \u00e0 La Baule du groupe hotellier Dunamis Hospitality","og_url":"https:\/\/amoria-labaule.com\/en\/cookies\/","og_site_name":"H\u00f4tel Amoria La Baule","article_modified_time":"2025-10-31T11:24:36+00:00","twitter_card":"summary_large_image","twitter_misc":{"Est. reading time":"3 minutes"},"schema":{"@context":"https:\/\/schema.org","@graph":[{"@type":"WebPage","@id":"https:\/\/amoria-labaule.com\/cookies\/","url":"https:\/\/amoria-labaule.com\/cookies\/","name":"Cookies - H\u00f4tel Amoria La Baule","isPartOf":{"@id":"https:\/\/amoria-labaule.com\/#website"},"datePublished":"2025-07-25T10:24:13+00:00","dateModified":"2025-10-31T11:24:36+00:00","description":"Politique de cookie du site amoria-labaule.com, site web de l'H\u00f4tel Amoria situ\u00e9 \u00e0 La Baule du groupe hotellier Dunamis Hospitality","breadcrumb":{"@id":"https:\/\/amoria-labaule.com\/cookies\/#breadcrumb"},"inLanguage":"en-US","potentialAction":[{"@type":"ReadAction","target":["https:\/\/amoria-labaule.com\/cookies\/"]}]},{"@type":"BreadcrumbList","@id":"https:\/\/amoria-labaule.com\/cookies\/#breadcrumb","itemListElement":[{"@type":"ListItem","position":1,"name":"Accueil","item":"https:\/\/amoria-labaule.com\/"},{"@type":"ListItem","position":2,"name":"Cookies"}]},{"@type":"WebSite","@id":"https:\/\/amoria-labaule.com\/#website","url":"https:\/\/amoria-labaule.com\/","name":"Hotel Amoria La Baule","description":"Hotel, rooftop and spa in the heart of La Baule","publisher":{"@id":"https:\/\/amoria-labaule.com\/#organization"},"potentialAction":[{"@type":"SearchAction","target":{"@type":"EntryPoint","urlTemplate":"https:\/\/amoria-labaule.com\/?s={search_term_string}"},"query-input":{"@type":"PropertyValueSpecification","valueRequired":true,"valueName":"search_term_string"}}],"inLanguage":"en-US"},{"@type":"Organization","@id":"https:\/\/amoria-labaule.com\/#organization","name":"Hotel Amoria La Baule","url":"https:\/\/amoria-labaule.com\/","logo":{"@type":"ImageObject","inLanguage":"en-US","@id":"https:\/\/amoria-labaule.com\/#\/schema\/logo\/image\/","url":"https:\/\/amoria-labaule.com\/wp-content\/uploads\/2025\/04\/Site_logo-1.png","contentUrl":"https:\/\/amoria-labaule.com\/wp-content\/uploads\/2025\/04\/Site_logo-1.png","width":371,"height":101,"caption":"H\u00f4tel Amoria La Baule"},"image":{"@id":"https:\/\/amoria-labaule.com\/#\/schema\/logo\/image\/"}}]}},"_links":{"self":[{"href":"https:\/\/amoria-labaule.com\/en\/wp-json\/wp\/v2\/pages\/2091","targetHints":{"allow":["GET"]}}],"collection":[{"href":"https:\/\/amoria-labaule.com\/en\/wp-json\/wp\/v2\/pages"}],"about":[{"href":"https:\/\/amoria-labaule.com\/en\/wp-json\/wp\/v2\/types\/page"}],"author":[{"embeddable":true,"href":"https:\/\/amoria-labaule.com\/en\/wp-json\/wp\/v2\/users\/3"}],"replies":[{"embeddable":true,"href":"https:\/\/amoria-labaule.com\/en\/wp-json\/wp\/v2\/comments?post=2091"}],"version-history":[{"count":0,"href":"https:\/\/amoria-labaule.com\/en\/wp-json\/wp\/v2\/pages\/2091\/revisions"}],"wp:attachment":[{"href":"https:\/\/amoria-labaule.com\/en\/wp-json\/wp\/v2\/media?parent=2091"}],"curies":[{"name":"wp","href":"https:\/\/api.w.org\/{rel}","templated":true}]}}