{"id":753,"date":"2025-07-21T16:23:36","date_gmt":"2025-07-21T14:23:36","guid":{"rendered":"https:\/\/amoria-labaule.com\/?page_id=753"},"modified":"2025-10-31T12:18:05","modified_gmt":"2025-10-31T11:18:05","slug":"carrieres","status":"publish","type":"page","link":"https:\/\/amoria-labaule.com\/en\/carrieres\/","title":{"rendered":"Careers"},"content":{"rendered":"\t\t<div data-elementor-type=\"wp-page\" data-elementor-id=\"753\" class=\"elementor elementor-753\" data-elementor-post-type=\"page\">\n\t\t\t\t<div class=\"elementor-element elementor-element-260fe95 e-con-full e-flex e-con e-parent\" data-id=\"260fe95\" data-element_type=\"container\" data-e-type=\"container\">\n\t\t<div class=\"elementor-element elementor-element-d8491a7 e-con-full animated-slow e-flex elementor-invisible e-con e-child\" data-id=\"d8491a7\" data-element_type=\"container\" data-e-type=\"container\" data-settings=\"{&quot;background_background&quot;:&quot;classic&quot;,&quot;animation&quot;:&quot;fadeIn&quot;,&quot;animation_delay&quot;:200}\">\n\t\t\t\t<\/div>\n\t\t<div class=\"elementor-element elementor-element-89d3561 e-con-full e-flex e-con e-child\" data-id=\"89d3561\" data-element_type=\"container\" data-e-type=\"container\">\n\t\t\t\t<div class=\"elementor-element elementor-element-7601f3b elementor-widget-mobile__width-inherit elementor-widget__width-initial elementor-widget-tablet__width-inherit elementor-widget elementor-widget-heading\" data-id=\"7601f3b\" data-element_type=\"widget\" data-e-type=\"widget\" data-widget_type=\"heading.default\">\n\t\t\t\t<div class=\"elementor-widget-container\">\n\t\t\t\t\t<h1 class=\"elementor-heading-title elementor-size-default\">Carri\u00e8re<br><span class=\"deco\">rejoignez l\u2019aventure Amoria \u00e0 La Baule<\/span><\/h1>\t\t\t\t<\/div>\n\t\t\t\t<\/div>\n\t\t\t\t<div class=\"elementor-element elementor-element-96420cd elementor-widget__width-initial elementor-widget elementor-widget-text-editor\" data-id=\"96420cd\" data-element_type=\"widget\" data-e-type=\"widget\" data-widget_type=\"text-editor.default\">\n\t\t\t\t<div class=\"elementor-widget-container\">\n\t\t\t\t\t\t\t\t\t<p>Int\u00e9grez un lieu d\u2019exception o\u00f9 excellence rime avec bienveillance et passion du service. A Amoria, chaque collaborateur joue un r\u00f4le cl\u00e9 dans l\u2019exp\u00e9rience haut de gamme que nous offrons \u00e0 nos clients. Que vous aspiriez \u00e0 travailler dans l\u2019h\u00f4tellerie, au spa ou au bar, nous vous invitons \u00e0 rejoindre une \u00e9quipe dynamique et passionn\u00e9e. Embarquez pour une aventure professionnelle enrichissante, dans un cadre \u00e9l\u00e9gant en bord de mer, o\u00f9 votre talent sera valoris\u00e9 et votre \u00e9panouissement encourag\u00e9.<\/p>\t\t\t\t\t\t\t\t<\/div>\n\t\t\t\t<\/div>\n\t\t\t\t<\/div>\n\t\t\t\t<\/div>\n\t\t<div class=\"elementor-element elementor-element-166bf50 e-con-full elementor-hidden-widescreen elementor-hidden-desktop elementor-hidden-laptop elementor-hidden-tablet_extra elementor-hidden-tablet elementor-hidden-mobile e-flex e-con e-child\" data-id=\"166bf50\" data-element_type=\"container\" data-e-type=\"container\" data-settings=\"{&quot;background_background&quot;:&quot;classic&quot;}\">\n\t\t<div class=\"elementor-element elementor-element-91bbd28 e-con-full e-flex e-con e-child\" data-id=\"91bbd28\" data-element_type=\"container\" data-e-type=\"container\">\n\t\t\t\t<div class=\"elementor-element elementor-element-22398ca elementor-widget-mobile__width-inherit elementor-widget-tablet__width-inherit elementor-widget elementor-widget-heading\" data-id=\"22398ca\" data-element_type=\"widget\" data-e-type=\"widget\" data-widget_type=\"heading.default\">\n\t\t\t\t<div class=\"elementor-widget-container\">\n\t\t\t\t\t<h2 class=\"elementor-heading-title elementor-size-default\">Marque <i>employeur<\/i><br><span class=\"deco\">fond\u00e9e sur l\u2019\u00e9l\u00e9gance, l\u2019humain et la passion<\/span><\/h2>\t\t\t\t<\/div>\n\t\t\t\t<\/div>\n\t\t\t\t<div class=\"elementor-element elementor-element-bfe0dc1 elementor-widget__width-initial elementor-widget elementor-widget-text-editor\" data-id=\"bfe0dc1\" data-element_type=\"widget\" data-e-type=\"widget\" data-widget_type=\"text-editor.default\">\n\t\t\t\t<div class=\"elementor-widget-container\">\n\t\t\t\t\t\t\t\t\tLorem ipsum dolor sit amet consectetur. Nec arcu morbi nunc lectus magna massa et. Cursus aliquam in id cursus vitae mauris. Lorem turpis eu quis dictum. Mattis quam in sit est. Feugiat nisi egestas volutpat iaculis turpis tincidunt. Nibh placerat augue vitae commodo at. Purus interdum ut vitae congue leo sagittis volutpat. Sodales elementum nullam. \t\t\t\t\t\t\t\t<\/div>\n\t\t\t\t<\/div>\n\t\t\t\t<\/div>\n\t\t<div class=\"elementor-element elementor-element-35030d7 e-con-full e-flex e-con e-child\" data-id=\"35030d7\" data-element_type=\"container\" data-e-type=\"container\">\n\t\t\t\t<div class=\"elementor-element elementor-element-e0103f8 elementor-widget-tablet__width-inherit animated-slow elementor-invisible elementor-widget elementor-widget-image\" data-id=\"e0103f8\" data-element_type=\"widget\" data-e-type=\"widget\" data-settings=\"{&quot;motion_fx_motion_fx_scrolling&quot;:&quot;yes&quot;,&quot;motion_fx_translateY_effect&quot;:&quot;yes&quot;,&quot;motion_fx_translateY_speed&quot;:{&quot;unit&quot;:&quot;px&quot;,&quot;size&quot;:2,&quot;sizes&quot;:[]},&quot;motion_fx_devices&quot;:[&quot;widescreen&quot;,&quot;desktop&quot;,&quot;laptop&quot;,&quot;tablet_extra&quot;],&quot;_animation&quot;:&quot;fadeIn&quot;,&quot;_animation_delay&quot;:400,&quot;motion_fx_translateY_affectedRange&quot;:{&quot;unit&quot;:&quot;%&quot;,&quot;size&quot;:&quot;&quot;,&quot;sizes&quot;:{&quot;start&quot;:0,&quot;end&quot;:100}}}\" data-widget_type=\"image.default\">\n\t\t\t\t<div class=\"elementor-widget-container\">\n\t\t\t\t\t\t\t\t\t\t\t\t\t\t\t<img fetchpriority=\"high\" decoding=\"async\" width=\"719\" height=\"840\" src=\"https:\/\/amoria-labaule.com\/wp-content\/uploads\/2025\/07\/Hotel.webp\" class=\"attachment-full size-full wp-image-234\" alt=\"\" srcset=\"https:\/\/amoria-labaule.com\/wp-content\/uploads\/2025\/07\/Hotel.webp 719w, https:\/\/amoria-labaule.com\/wp-content\/uploads\/2025\/07\/Hotel-257x300.webp 257w\" sizes=\"(max-width: 719px) 100vw, 719px\" \/>\t\t\t\t\t\t\t\t\t\t\t\t\t\t\t<\/div>\n\t\t\t\t<\/div>\n\t\t\t\t<\/div>\n\t\t\t\t<\/div>\n\t\t<div class=\"elementor-element elementor-element-36c9c21 e-flex e-con-boxed e-con e-parent\" data-id=\"36c9c21\" data-element_type=\"container\" data-e-type=\"container\" data-settings=\"{&quot;background_background&quot;:&quot;classic&quot;}\">\n\t\t\t\t\t<div class=\"e-con-inner\">\n\t\t\t\t<div class=\"elementor-element elementor-element-857cf8b elementor-widget elementor-widget-heading\" data-id=\"857cf8b\" data-element_type=\"widget\" data-e-type=\"widget\" data-widget_type=\"heading.default\">\n\t\t\t\t<div class=\"elementor-widget-container\">\n\t\t\t\t\t<h2 class=\"elementor-heading-title elementor-size-default\">Nos <i>offres d'emploi<\/i><\/h2>\t\t\t\t<\/div>\n\t\t\t\t<\/div>\n\t\t\t\t<div class=\"elementor-element elementor-element-317773d elementor-grid-3 elementor-grid-tablet-2 elementor-grid-mobile-1 elementor-widget elementor-widget-loop-grid\" data-id=\"317773d\" data-element_type=\"widget\" data-e-type=\"widget\" data-settings=\"{&quot;template_id&quot;:&quot;1487&quot;,&quot;row_gap&quot;:{&quot;unit&quot;:&quot;px&quot;,&quot;size&quot;:40,&quot;sizes&quot;:[]},&quot;row_gap_tablet_extra&quot;:{&quot;unit&quot;:&quot;px&quot;,&quot;size&quot;:30,&quot;sizes&quot;:[]},&quot;row_gap_mobile&quot;:{&quot;unit&quot;:&quot;px&quot;,&quot;size&quot;:20,&quot;sizes&quot;:[]},&quot;_skin&quot;:&quot;post&quot;,&quot;columns&quot;:&quot;3&quot;,&quot;columns_tablet&quot;:&quot;2&quot;,&quot;columns_mobile&quot;:&quot;1&quot;,&quot;edit_handle_selector&quot;:&quot;[data-elementor-type=\\&quot;loop-item\\&quot;]&quot;,&quot;row_gap_widescreen&quot;:{&quot;unit&quot;:&quot;px&quot;,&quot;size&quot;:&quot;&quot;,&quot;sizes&quot;:[]},&quot;row_gap_laptop&quot;:{&quot;unit&quot;:&quot;px&quot;,&quot;size&quot;:&quot;&quot;,&quot;sizes&quot;:[]},&quot;row_gap_tablet&quot;:{&quot;unit&quot;:&quot;px&quot;,&quot;size&quot;:&quot;&quot;,&quot;sizes&quot;:[]}}\" data-widget_type=\"loop-grid.post\">\n\t\t\t\t<div class=\"elementor-widget-container\">\n\t\t\t\t\t\t\t<div class=\"e-loop-nothing-found-message\">\n\t\t\t\t\t<div class=\"e-loop-nothing-found-message__text\">\n\t\t\t\tEt si votre prochain d\u00e9fi professionnel commen\u00e7ait ici ? Envoyez-nous votre candidature spontan\u00e9e et rejoignez l\u2019aventure Amoria.\t\t\t<\/div>\n\t\t\t<\/div>\n\t\t\t\t\t\t<\/div>\n\t\t\t\t<\/div>\n\t\t\t\t\t<\/div>\n\t\t\t\t<\/div>\n\t\t<div class=\"elementor-element elementor-element-b860012 e-flex e-con-boxed e-con e-parent\" data-id=\"b860012\" data-element_type=\"container\" data-e-type=\"container\" data-settings=\"{&quot;background_background&quot;:&quot;classic&quot;,&quot;background_motion_fx_motion_fx_scrolling&quot;:&quot;yes&quot;,&quot;background_motion_fx_translateY_effect&quot;:&quot;yes&quot;,&quot;background_motion_fx_devices&quot;:[&quot;widescreen&quot;,&quot;desktop&quot;,&quot;laptop&quot;,&quot;tablet_extra&quot;],&quot;background_motion_fx_translateY_speed&quot;:{&quot;unit&quot;:&quot;px&quot;,&quot;size&quot;:4,&quot;sizes&quot;:[]},&quot;background_motion_fx_translateY_affectedRange&quot;:{&quot;unit&quot;:&quot;%&quot;,&quot;size&quot;:&quot;&quot;,&quot;sizes&quot;:{&quot;start&quot;:0,&quot;end&quot;:100}}}\">\n\t\t\t\t\t<div class=\"e-con-inner\">\n\t\t\t\t<div class=\"elementor-element elementor-element-754f4f7 elementor-widget__width-initial elementor-widget elementor-widget-heading\" data-id=\"754f4f7\" data-element_type=\"widget\" data-e-type=\"widget\" data-widget_type=\"heading.default\">\n\t\t\t\t<div class=\"elementor-widget-container\">\n\t\t\t\t\t<h2 class=\"elementor-heading-title elementor-size-default\">Envoyez votre <i>candidature spontan\u00e9e<\/i><\/h2>\t\t\t\t<\/div>\n\t\t\t\t<\/div>\n\t\t\t\t<div class=\"elementor-element elementor-element-dd0da20 elementor-button-align-start elementor-widget__width-initial elementor-widget elementor-widget-form\" data-id=\"dd0da20\" data-element_type=\"widget\" data-e-type=\"widget\" data-settings=\"{&quot;button_width&quot;:&quot;20&quot;,&quot;step_next_label&quot;:&quot;Suivant&quot;,&quot;step_previous_label&quot;:&quot;Pr\\u00e9c\\u00e9dent&quot;,&quot;step_type&quot;:&quot;number_text&quot;,&quot;step_icon_shape&quot;:&quot;circle&quot;}\" data-widget_type=\"form.default\">\n\t\t\t\t<div class=\"elementor-widget-container\">\n\t\t\t\t\t\t\t<form class=\"elementor-form\" method=\"post\" name=\"Candidature\" aria-label=\"Candidature\">\n\t\t\t<input type=\"hidden\" name=\"post_id\" value=\"753\"\/>\n\t\t\t<input type=\"hidden\" name=\"form_id\" value=\"dd0da20\"\/>\n\t\t\t<input type=\"hidden\" name=\"referer_title\" value=\"Rejoignez l\u2019\u00e9quipe de l\u2019Amoria \u2013 Offres d\u2019emploi \u00e0 La Baule\" \/>\n\n\t\t\t\t\t\t\t<input type=\"hidden\" name=\"queried_id\" value=\"753\"\/>\n\t\t\t\n\t\t\t<div class=\"elementor-form-fields-wrapper elementor-labels-above\">\n\t\t\t\t\t\t\t\t<div class=\"elementor-field-type-text elementor-field-group elementor-column elementor-field-group-name elementor-col-50 elementor-field-required elementor-mark-required\">\n\t\t\t\t\t\t\t\t\t\t\t\t<label for=\"form-field-name\" class=\"elementor-field-label\">\n\t\t\t\t\t\t\t\tNom\t\t\t\t\t\t\t<\/label>\n\t\t\t\t\t\t\t\t\t\t\t\t\t\t<input size=\"1\" type=\"text\" name=\"form_fields[name]\" id=\"form-field-name\" class=\"elementor-field elementor-size-md  elementor-field-textual\" required=\"required\">\n\t\t\t\t\t\t\t\t\t\t\t<\/div>\n\t\t\t\t\t\t\t\t<div class=\"elementor-field-type-text elementor-field-group elementor-column elementor-field-group-field_bfdda5e elementor-col-50 elementor-field-required elementor-mark-required\">\n\t\t\t\t\t\t\t\t\t\t\t\t<label for=\"form-field-field_bfdda5e\" class=\"elementor-field-label\">\n\t\t\t\t\t\t\t\tPr\u00e9nom\t\t\t\t\t\t\t<\/label>\n\t\t\t\t\t\t\t\t\t\t\t\t\t\t<input size=\"1\" type=\"text\" name=\"form_fields[field_bfdda5e]\" id=\"form-field-field_bfdda5e\" class=\"elementor-field elementor-size-md  elementor-field-textual\" required=\"required\">\n\t\t\t\t\t\t\t\t\t\t\t<\/div>\n\t\t\t\t\t\t\t\t<div class=\"elementor-field-type-email elementor-field-group elementor-column elementor-field-group-email elementor-col-50 elementor-field-required elementor-mark-required\">\n\t\t\t\t\t\t\t\t\t\t\t\t<label for=\"form-field-email\" class=\"elementor-field-label\">\n\t\t\t\t\t\t\t\tMail\t\t\t\t\t\t\t<\/label>\n\t\t\t\t\t\t\t\t\t\t\t\t\t\t<input size=\"1\" type=\"email\" name=\"form_fields[email]\" id=\"form-field-email\" class=\"elementor-field elementor-size-md  elementor-field-textual\" required=\"required\">\n\t\t\t\t\t\t\t\t\t\t\t<\/div>\n\t\t\t\t\t\t\t\t<div class=\"elementor-field-type-tel elementor-field-group elementor-column elementor-field-group-field_9bd2559 elementor-col-50 elementor-field-required elementor-mark-required\">\n\t\t\t\t\t\t\t\t\t\t\t\t<label for=\"form-field-field_9bd2559\" class=\"elementor-field-label\">\n\t\t\t\t\t\t\t\tT\u00e9l\u00e9phone\t\t\t\t\t\t\t<\/label>\n\t\t\t\t\t\t\t\t<input size=\"1\" type=\"tel\" name=\"form_fields[field_9bd2559]\" id=\"form-field-field_9bd2559\" class=\"elementor-field elementor-size-md  elementor-field-textual\" required=\"required\" pattern=\"[0-9()#&amp;+*-=.]+\" title=\"Seuls les caract\u00e8res de num\u00e9ros de t\u00e9l\u00e9phone (#, -, *, etc.) sont accept\u00e9s.\">\n\n\t\t\t\t\t\t<\/div>\n\t\t\t\t\t\t\t\t<div class=\"elementor-field-type-upload elementor-field-group elementor-column elementor-field-group-message elementor-col-70 elementor-field-required elementor-mark-required\">\n\t\t\t\t\t\t\t\t\t\t\t\t<label for=\"form-field-message\" class=\"elementor-field-label\">\n\t\t\t\t\t\t\t\tJoindre un fichier\t\t\t\t\t\t\t<\/label>\n\t\t\t\t\t\t\t\t<input type=\"file\" name=\"form_fields[message]\" id=\"form-field-message\" class=\"elementor-field elementor-size-md  elementor-upload-field\" required=\"required\">\n\n\t\t\t\t\t\t<\/div>\n\t\t\t\t\t\t\t\t<div class=\"elementor-field-type-textarea elementor-field-group elementor-column elementor-field-group-field_6a851c9 elementor-col-100 elementor-field-required elementor-mark-required\">\n\t\t\t\t\t\t\t\t\t\t\t\t<label for=\"form-field-field_6a851c9\" class=\"elementor-field-label\">\n\t\t\t\t\t\t\t\tMessage\t\t\t\t\t\t\t<\/label>\n\t\t\t\t\t\t<textarea class=\"elementor-field-textual elementor-field  elementor-size-md\" name=\"form_fields[field_6a851c9]\" id=\"form-field-field_6a851c9\" rows=\"6\" required=\"required\"><\/textarea>\t\t\t\t<\/div>\n\t\t\t\t\t\t\t\t<div class=\"elementor-field-type-acceptance elementor-field-group elementor-column elementor-field-group-field_bcc20b7 elementor-col-100 elementor-field-required elementor-mark-required\">\n\t\t\t\t\t\t\t<div class=\"elementor-field-subgroup\">\n\t\t\t<span class=\"elementor-field-option\">\n\t\t\t\t<input type=\"checkbox\" name=\"form_fields[field_bcc20b7]\" id=\"form-field-field_bcc20b7\" class=\"elementor-field elementor-size-md  elementor-acceptance-field\" required=\"required\">\n\t\t\t\t<label for=\"form-field-field_bcc20b7\">Les informations recueillies via ce formulaire sont n\u00e9cessaires au traitement de votre demande. Elles sont destin\u00e9es uniquement \u00e0 AMORIA. Ces donn\u00e9es ne seront en aucun cas transmises \u00e0 des tiers.\nPour en savoir plus sur la gestion de vos donn\u00e9es personnelles et sur les modalit\u00e9s d'exercices de vos droits, veuillez consulter notre <u><a href=\"https:\/\/amoria-labaule.com\/cookies\/\">Politique Donn\u00e9es personnelles et Cookies.<\/a><\/u><\/label>\t\t\t<\/span>\n\t\t<\/div>\n\t\t\t\t\t\t<\/div>\n\t\t\t\t\t\t\t\t<div class=\"elementor-field-type-recaptcha_v3 elementor-field-group elementor-column elementor-field-group-field_1de3665 elementor-col-100 recaptcha_v3-inline\">\n\t\t\t\t\t<div class=\"elementor-field\" id=\"form-field-field_1de3665\"><div class=\"elementor-g-recaptcha\" data-sitekey=\"6LeJ7K0rAAAAALYD5lvfiqOjUcsa3CrelMmf70T2\" data-type=\"v3\" data-action=\"Form\" data-badge=\"inline\" data-size=\"invisible\"><\/div><\/div>\t\t\t\t<\/div>\n\t\t\t\t\t\t\t\t<div class=\"elementor-field-group elementor-column elementor-field-type-submit elementor-col-20 e-form__buttons\">\n\t\t\t\t\t<button class=\"elementor-button elementor-size-md\" type=\"submit\">\n\t\t\t\t\t\t<span class=\"elementor-button-content-wrapper\">\n\t\t\t\t\t\t\t\t\t\t\t\t\t\t\t\t\t\t\t\t\t\t<span class=\"elementor-button-text\">Envoyer<\/span>\n\t\t\t\t\t\t\t\t\t\t\t\t\t<\/span>\n\t\t\t\t\t<\/button>\n\t\t\t\t<\/div>\n\t\t\t<\/div>\n\t\t<\/form>\n\t\t\t\t\t\t<\/div>\n\t\t\t\t<\/div>\n\t\t\t\t\t<\/div>\n\t\t\t\t<\/div>\n\t\t\t\t<\/div>\n\t\t","protected":false},"excerpt":{"rendered":"<p>Carri\u00e8rerejoignez l\u2019aventure Amoria \u00e0 La Baule Int\u00e9grez un lieu d\u2019exception o\u00f9 excellence rime avec bienveillance et passion du service. A Amoria, chaque collaborateur joue un r\u00f4le cl\u00e9 dans l\u2019exp\u00e9rience haut de gamme que nous offrons \u00e0 nos clients. Que vous aspiriez \u00e0 travailler dans l\u2019h\u00f4tellerie, au spa ou au bar, nous vous invitons \u00e0 rejoindre [&hellip;]<\/p>\n","protected":false},"author":3,"featured_media":0,"parent":0,"menu_order":0,"comment_status":"closed","ping_status":"closed","template":"elementor_header_footer","meta":{"_acf_changed":false,"footnotes":""},"class_list":["post-753","page","type-page","status-publish","hentry"],"acf":[],"yoast_head":"<!-- This site is optimized with the Yoast SEO plugin v27.2 - https:\/\/yoast.com\/product\/yoast-seo-wordpress\/ -->\n<title>Rejoignez l\u2019\u00e9quipe de l\u2019Amoria \u2013 Offres d\u2019emploi \u00e0 La Baule<\/title>\n<meta name=\"description\" content=\"D\u00e9couvrez nos offres d&#039;emploi et int\u00e9grez une \u00e9quipe passionn\u00e9e au sein de l\u2019h\u00f4tel Amoria du groupe Dumanis Hospitality\" \/>\n<meta name=\"robots\" content=\"index, follow, max-snippet:-1, max-image-preview:large, max-video-preview:-1\" \/>\n<link rel=\"canonical\" href=\"https:\/\/amoria-labaule.com\/en\/carrieres\/\" \/>\n<meta property=\"og:locale\" content=\"en_US\" \/>\n<meta property=\"og:type\" content=\"article\" \/>\n<meta property=\"og:title\" content=\"Rejoignez l\u2019\u00e9quipe de l\u2019Amoria \u2013 Offres d\u2019emploi \u00e0 La Baule\" \/>\n<meta property=\"og:description\" content=\"D\u00e9couvrez nos offres d&#039;emploi et int\u00e9grez une \u00e9quipe passionn\u00e9e au sein de l\u2019h\u00f4tel Amoria du groupe Dumanis Hospitality\" \/>\n<meta property=\"og:url\" content=\"https:\/\/amoria-labaule.com\/en\/carrieres\/\" \/>\n<meta property=\"og:site_name\" content=\"H\u00f4tel Amoria La Baule\" \/>\n<meta property=\"article:modified_time\" content=\"2025-10-31T11:18:05+00:00\" \/>\n<meta property=\"og:image\" content=\"https:\/\/amoria-labaule.com\/wp-content\/uploads\/2025\/07\/Hotel.webp\" \/>\n<meta name=\"twitter:card\" content=\"summary_large_image\" \/>\n<meta name=\"twitter:label1\" content=\"Est. reading time\" \/>\n\t<meta name=\"twitter:data1\" content=\"1 minute\" \/>\n<script type=\"application\/ld+json\" class=\"yoast-schema-graph\">{\"@context\":\"https:\/\/schema.org\",\"@graph\":[{\"@type\":\"WebPage\",\"@id\":\"https:\/\/amoria-labaule.com\/carrieres\/\",\"url\":\"https:\/\/amoria-labaule.com\/carrieres\/\",\"name\":\"Rejoignez l\u2019\u00e9quipe de l\u2019Amoria \u2013 Offres d\u2019emploi \u00e0 La Baule\",\"isPartOf\":{\"@id\":\"https:\/\/amoria-labaule.com\/#website\"},\"primaryImageOfPage\":{\"@id\":\"https:\/\/amoria-labaule.com\/carrieres\/#primaryimage\"},\"image\":{\"@id\":\"https:\/\/amoria-labaule.com\/carrieres\/#primaryimage\"},\"thumbnailUrl\":\"https:\/\/amoria-labaule.com\/wp-content\/uploads\/2025\/07\/Hotel.webp\",\"datePublished\":\"2025-07-21T14:23:36+00:00\",\"dateModified\":\"2025-10-31T11:18:05+00:00\",\"description\":\"D\u00e9couvrez nos offres d'emploi et int\u00e9grez une \u00e9quipe passionn\u00e9e au sein de l\u2019h\u00f4tel Amoria du groupe Dumanis Hospitality\",\"breadcrumb\":{\"@id\":\"https:\/\/amoria-labaule.com\/carrieres\/#breadcrumb\"},\"inLanguage\":\"en-US\",\"potentialAction\":[{\"@type\":\"ReadAction\",\"target\":[\"https:\/\/amoria-labaule.com\/carrieres\/\"]}]},{\"@type\":\"ImageObject\",\"inLanguage\":\"en-US\",\"@id\":\"https:\/\/amoria-labaule.com\/carrieres\/#primaryimage\",\"url\":\"https:\/\/amoria-labaule.com\/wp-content\/uploads\/2025\/07\/Hotel.webp\",\"contentUrl\":\"https:\/\/amoria-labaule.com\/wp-content\/uploads\/2025\/07\/Hotel.webp\"},{\"@type\":\"BreadcrumbList\",\"@id\":\"https:\/\/amoria-labaule.com\/carrieres\/#breadcrumb\",\"itemListElement\":[{\"@type\":\"ListItem\",\"position\":1,\"name\":\"Accueil\",\"item\":\"https:\/\/amoria-labaule.com\/\"},{\"@type\":\"ListItem\",\"position\":2,\"name\":\"Carri\u00e8res\"}]},{\"@type\":\"WebSite\",\"@id\":\"https:\/\/amoria-labaule.com\/#website\",\"url\":\"https:\/\/amoria-labaule.com\/\",\"name\":\"H\u00f4tel Amoria La Baule\",\"description\":\"H\u00f4tel, rooftop et spa au coeur de La Baule\",\"publisher\":{\"@id\":\"https:\/\/amoria-labaule.com\/#organization\"},\"potentialAction\":[{\"@type\":\"SearchAction\",\"target\":{\"@type\":\"EntryPoint\",\"urlTemplate\":\"https:\/\/amoria-labaule.com\/?s={search_term_string}\"},\"query-input\":{\"@type\":\"PropertyValueSpecification\",\"valueRequired\":true,\"valueName\":\"search_term_string\"}}],\"inLanguage\":\"en-US\"},{\"@type\":\"Organization\",\"@id\":\"https:\/\/amoria-labaule.com\/#organization\",\"name\":\"H\u00f4tel Amoria La Baule\",\"url\":\"https:\/\/amoria-labaule.com\/\",\"logo\":{\"@type\":\"ImageObject\",\"inLanguage\":\"en-US\",\"@id\":\"https:\/\/amoria-labaule.com\/#\/schema\/logo\/image\/\",\"url\":\"https:\/\/amoria-labaule.com\/wp-content\/uploads\/2025\/04\/Site_logo-1.png\",\"contentUrl\":\"https:\/\/amoria-labaule.com\/wp-content\/uploads\/2025\/04\/Site_logo-1.png\",\"width\":371,\"height\":101,\"caption\":\"H\u00f4tel Amoria La Baule\"},\"image\":{\"@id\":\"https:\/\/amoria-labaule.com\/#\/schema\/logo\/image\/\"}}]}<\/script>\n<!-- \/ Yoast SEO plugin. -->","yoast_head_json":{"title":"Rejoignez l\u2019\u00e9quipe de l\u2019Amoria \u2013 Offres d\u2019emploi \u00e0 La Baule","description":"D\u00e9couvrez nos offres d'emploi et int\u00e9grez une \u00e9quipe passionn\u00e9e au sein de l\u2019h\u00f4tel Amoria du groupe Dumanis Hospitality","robots":{"index":"index","follow":"follow","max-snippet":"max-snippet:-1","max-image-preview":"max-image-preview:large","max-video-preview":"max-video-preview:-1"},"canonical":"https:\/\/amoria-labaule.com\/en\/carrieres\/","og_locale":"en_US","og_type":"article","og_title":"Rejoignez l\u2019\u00e9quipe de l\u2019Amoria \u2013 Offres d\u2019emploi \u00e0 La Baule","og_description":"D\u00e9couvrez nos offres d'emploi et int\u00e9grez une \u00e9quipe passionn\u00e9e au sein de l\u2019h\u00f4tel Amoria du groupe Dumanis Hospitality","og_url":"https:\/\/amoria-labaule.com\/en\/carrieres\/","og_site_name":"H\u00f4tel Amoria La Baule","article_modified_time":"2025-10-31T11:18:05+00:00","og_image":[{"url":"https:\/\/amoria-labaule.com\/wp-content\/uploads\/2025\/07\/Hotel.webp","type":"","width":"","height":""}],"twitter_card":"summary_large_image","twitter_misc":{"Est. reading time":"1 minute"},"schema":{"@context":"https:\/\/schema.org","@graph":[{"@type":"WebPage","@id":"https:\/\/amoria-labaule.com\/carrieres\/","url":"https:\/\/amoria-labaule.com\/carrieres\/","name":"Rejoignez l\u2019\u00e9quipe de l\u2019Amoria \u2013 Offres d\u2019emploi \u00e0 La Baule","isPartOf":{"@id":"https:\/\/amoria-labaule.com\/#website"},"primaryImageOfPage":{"@id":"https:\/\/amoria-labaule.com\/carrieres\/#primaryimage"},"image":{"@id":"https:\/\/amoria-labaule.com\/carrieres\/#primaryimage"},"thumbnailUrl":"https:\/\/amoria-labaule.com\/wp-content\/uploads\/2025\/07\/Hotel.webp","datePublished":"2025-07-21T14:23:36+00:00","dateModified":"2025-10-31T11:18:05+00:00","description":"D\u00e9couvrez nos offres d'emploi et int\u00e9grez une \u00e9quipe passionn\u00e9e au sein de l\u2019h\u00f4tel Amoria du groupe Dumanis Hospitality","breadcrumb":{"@id":"https:\/\/amoria-labaule.com\/carrieres\/#breadcrumb"},"inLanguage":"en-US","potentialAction":[{"@type":"ReadAction","target":["https:\/\/amoria-labaule.com\/carrieres\/"]}]},{"@type":"ImageObject","inLanguage":"en-US","@id":"https:\/\/amoria-labaule.com\/carrieres\/#primaryimage","url":"https:\/\/amoria-labaule.com\/wp-content\/uploads\/2025\/07\/Hotel.webp","contentUrl":"https:\/\/amoria-labaule.com\/wp-content\/uploads\/2025\/07\/Hotel.webp"},{"@type":"BreadcrumbList","@id":"https:\/\/amoria-labaule.com\/carrieres\/#breadcrumb","itemListElement":[{"@type":"ListItem","position":1,"name":"Accueil","item":"https:\/\/amoria-labaule.com\/"},{"@type":"ListItem","position":2,"name":"Carri\u00e8res"}]},{"@type":"WebSite","@id":"https:\/\/amoria-labaule.com\/#website","url":"https:\/\/amoria-labaule.com\/","name":"Hotel Amoria La Baule","description":"Hotel, rooftop and spa in the heart of La Baule","publisher":{"@id":"https:\/\/amoria-labaule.com\/#organization"},"potentialAction":[{"@type":"SearchAction","target":{"@type":"EntryPoint","urlTemplate":"https:\/\/amoria-labaule.com\/?s={search_term_string}"},"query-input":{"@type":"PropertyValueSpecification","valueRequired":true,"valueName":"search_term_string"}}],"inLanguage":"en-US"},{"@type":"Organization","@id":"https:\/\/amoria-labaule.com\/#organization","name":"Hotel Amoria La Baule","url":"https:\/\/amoria-labaule.com\/","logo":{"@type":"ImageObject","inLanguage":"en-US","@id":"https:\/\/amoria-labaule.com\/#\/schema\/logo\/image\/","url":"https:\/\/amoria-labaule.com\/wp-content\/uploads\/2025\/04\/Site_logo-1.png","contentUrl":"https:\/\/amoria-labaule.com\/wp-content\/uploads\/2025\/04\/Site_logo-1.png","width":371,"height":101,"caption":"H\u00f4tel Amoria La Baule"},"image":{"@id":"https:\/\/amoria-labaule.com\/#\/schema\/logo\/image\/"}}]}},"_links":{"self":[{"href":"https:\/\/amoria-labaule.com\/en\/wp-json\/wp\/v2\/pages\/753","targetHints":{"allow":["GET"]}}],"collection":[{"href":"https:\/\/amoria-labaule.com\/en\/wp-json\/wp\/v2\/pages"}],"about":[{"href":"https:\/\/amoria-labaule.com\/en\/wp-json\/wp\/v2\/types\/page"}],"author":[{"embeddable":true,"href":"https:\/\/amoria-labaule.com\/en\/wp-json\/wp\/v2\/users\/3"}],"replies":[{"embeddable":true,"href":"https:\/\/amoria-labaule.com\/en\/wp-json\/wp\/v2\/comments?post=753"}],"version-history":[{"count":0,"href":"https:\/\/amoria-labaule.com\/en\/wp-json\/wp\/v2\/pages\/753\/revisions"}],"wp:attachment":[{"href":"https:\/\/amoria-labaule.com\/en\/wp-json\/wp\/v2\/media?parent=753"}],"curies":[{"name":"wp","href":"https:\/\/api.w.org\/{rel}","templated":true}]}}